{"id":4514,"date":"2025-06-05T23:27:19","date_gmt":"2025-06-05T23:27:19","guid":{"rendered":"https:\/\/hidrosip.com\/?page_id=4514"},"modified":"2025-10-20T16:02:35","modified_gmt":"2025-10-20T22:02:35","slug":"blog","status":"publish","type":"page","link":"https:\/\/hidrosip.com\/index.php\/blog\/","title":{"rendered":"Blog"},"content":{"rendered":"\t\t<div data-elementor-type=\"wp-page\" data-elementor-id=\"4514\" class=\"elementor elementor-4514\">\n\t\t\t\t\t\t<section class=\"elementor-section elementor-top-section elementor-element elementor-element-9fbf775 elementor-section-boxed elementor-section-height-default elementor-section-height-default\" data-id=\"9fbf775\" data-element_type=\"section\" data-e-type=\"section\">\n\t\t\t\t\t\t<div class=\"elementor-container elementor-column-gap-default\">\n\t\t\t\t\t<div class=\"elementor-column elementor-col-50 elementor-top-column elementor-element elementor-element-bd5c0f1\" data-id=\"bd5c0f1\" data-element_type=\"column\" data-e-type=\"column\">\n\t\t\t<div class=\"elementor-widget-wrap elementor-element-populated\">\n\t\t\t\t\t\t<div class=\"elementor-element elementor-element-5713a5f elementor-widget__width-initial elementor-widget elementor-widget-heading\" data-id=\"5713a5f\" data-element_type=\"widget\" data-e-type=\"widget\" data-widget_type=\"heading.default\">\n\t\t\t\t<div class=\"elementor-widget-container\">\n\t\t\t\t\t<h2 class=\"elementor-heading-title elementor-size-default\">Soluciones efectivas para el mantenimiento de piscinas en temporada de lluvias<\/h2>\t\t\t\t<\/div>\n\t\t\t\t<\/div>\n\t\t\t\t<div class=\"elementor-element elementor-element-1f65535 elementor-widget__width-initial elementor-widget elementor-widget-text-editor\" data-id=\"1f65535\" data-element_type=\"widget\" data-e-type=\"widget\" data-widget_type=\"text-editor.default\">\n\t\t\t\t<div class=\"elementor-widget-container\">\n\t\t\t\t\t\t\t\t\t<p data-start=\"448\" data-end=\"771\">Durante la temporada de lluvias, es com\u00fan que las piscinas sufran problemas como agua turbia, proliferaci\u00f3n de algas y desbalance qu\u00edmico. Por eso, es fundamental contar con un buen <strong data-start=\"630\" data-end=\"678\">sistema de mantenimiento del agua de piscina<\/strong>, especialmente en estos meses en los que la calidad del agua puede deteriorarse r\u00e1pidamente.<\/p><p data-start=\"773\" data-end=\"975\">En <strong data-start=\"776\" data-end=\"788\">Hidrosip<\/strong>, somos expertos en <strong data-start=\"808\" data-end=\"861\">soluciones para el tratamiento y control del agua<\/strong>, y te compartimos algunas recomendaciones clave para mantener tu piscina limpia, segura y en \u00f3ptimas condiciones.<\/p><ul><li data-start=\"1559\" data-end=\"1812\"><strong data-start=\"1559\" data-end=\"1594\">Sistema de filtraci\u00f3n eficiente<\/strong><br data-start=\"1594\" data-end=\"1597\" \/>Aseg\u00farate de contar con un <strong data-start=\"1627\" data-end=\"1658\">filtro de agua para piscina<\/strong> de alta capacidad. En Hidrosip ofrecemos <strong data-start=\"1700\" data-end=\"1750\">soluciones de filtraci\u00f3n y tratamiento de agua<\/strong> ideales para mantener el agua cristalina durante todo el a\u00f1o.<\/li><li data-start=\"1814\" data-end=\"2009\"><p data-start=\"1817\" data-end=\"2009\"><strong data-start=\"1817\" data-end=\"1846\">Control qu\u00edmico constante<\/strong><br data-start=\"1846\" data-end=\"1849\" \/>Revisa los niveles de pH, cloro y alcalinidad despu\u00e9s de cada lluvia. Utiliza kits de prueba y productos espec\u00edficos para reequilibrar el agua de tu piscina.<\/p><\/li><li data-start=\"2011\" data-end=\"2198\"><p data-start=\"2014\" data-end=\"2198\"><strong data-start=\"2014\" data-end=\"2041\">Cobertores para piscina<\/strong><br data-start=\"2041\" data-end=\"2044\" \/>Utilizar una cubierta puede ayudarte a prevenir que entren desechos al agua durante tormentas. Tambi\u00e9n reduce la necesidad de tratamientos posteriores.<\/p><\/li><li data-start=\"2200\" data-end=\"2397\"><p data-start=\"2203\" data-end=\"2397\"><strong data-start=\"2203\" data-end=\"2231\">Drenaje pluvial adecuado<\/strong><br data-start=\"2231\" data-end=\"2234\" \/>En Hidrosip te ayudamos a instalar <strong data-start=\"2272\" data-end=\"2294\">sistemas pluviales<\/strong> que redirigen el agua de lluvia lejos de tu piscina, evitando desbordamientos y contaminaci\u00f3n externa.<\/p><\/li><li data-start=\"2399\" data-end=\"2689\"><p data-start=\"2402\" data-end=\"2689\"><strong data-start=\"2402\" data-end=\"2435\">Tratamiento integral del agua<\/strong><br data-start=\"2435\" data-end=\"2438\" \/>Si tu piscina se ve afectada seriamente por las lluvias, considera aplicar un <strong data-start=\"2519\" data-end=\"2544\">tratamiento de choque<\/strong> y realizar una limpieza profunda. Tambi\u00e9n puedes apoyarte con nuestros sistemas autom\u00e1ticos de tratamiento de agua que simplifican este proceso.<\/p><\/li><\/ul>\t\t\t\t\t\t\t\t<\/div>\n\t\t\t\t<\/div>\n\t\t\t\t\t<\/div>\n\t\t<\/div>\n\t\t\t\t<div class=\"elementor-column elementor-col-50 elementor-top-column elementor-element elementor-element-a6cea91\" data-id=\"a6cea91\" data-element_type=\"column\" data-e-type=\"column\">\n\t\t\t<div class=\"elementor-widget-wrap elementor-element-populated\">\n\t\t\t\t\t\t<div class=\"elementor-element elementor-element-71c0fb5 elementor-widget elementor-widget-image\" data-id=\"71c0fb5\" data-element_type=\"widget\" data-e-type=\"widget\" data-widget_type=\"image.default\">\n\t\t\t\t<div class=\"elementor-widget-container\">\n\t\t\t\t\t\t\t\t\t\t\t\t\t\t\t<img decoding=\"async\" src=\"https:\/\/hidrosip.com\/wp-content\/uploads\/2025\/06\/infografia-filtro.webp\" title=\"infografia-filtro\" alt=\"infografia-filtro\" loading=\"lazy\" \/>\t\t\t\t\t\t\t\t\t\t\t\t\t\t\t<\/div>\n\t\t\t\t<\/div>\n\t\t\t\t<div class=\"elementor-element elementor-element-9b89c28 elementor-widget elementor-widget-image\" data-id=\"9b89c28\" data-element_type=\"widget\" data-e-type=\"widget\" data-widget_type=\"image.default\">\n\t\t\t\t<div class=\"elementor-widget-container\">\n\t\t\t\t\t\t\t\t\t\t\t\t\t\t\t<img fetchpriority=\"high\" decoding=\"async\" width=\"612\" height=\"474\" src=\"https:\/\/hidrosip.com\/wp-content\/uploads\/2025\/06\/istockphoto-1451302625-612x612-1.webp\" class=\"attachment-large size-large wp-image-4555\" alt=\"\" srcset=\"https:\/\/hidrosip.com\/wp-content\/uploads\/2025\/06\/istockphoto-1451302625-612x612-1.webp 612w, https:\/\/hidrosip.com\/wp-content\/uploads\/2025\/06\/istockphoto-1451302625-612x612-1-300x232.webp 300w\" sizes=\"(max-width: 612px) 100vw, 612px\" \/>\t\t\t\t\t\t\t\t\t\t\t\t\t\t\t<\/div>\n\t\t\t\t<\/div>\n\t\t\t\t<div class=\"elementor-element elementor-element-10938ca elementor-widget elementor-widget-image\" data-id=\"10938ca\" data-element_type=\"widget\" data-e-type=\"widget\" data-widget_type=\"image.default\">\n\t\t\t\t<div class=\"elementor-widget-container\">\n\t\t\t\t\t\t\t\t\t\t\t\t\t\t\t<img decoding=\"async\" width=\"780\" height=\"400\" src=\"https:\/\/hidrosip.com\/wp-content\/uploads\/2025\/06\/Plantilla-control-quimicos-de-limpieza-piscina.webp\" class=\"attachment-large size-large wp-image-4559\" alt=\"\" srcset=\"https:\/\/hidrosip.com\/wp-content\/uploads\/2025\/06\/Plantilla-control-quimicos-de-limpieza-piscina.webp 780w, https:\/\/hidrosip.com\/wp-content\/uploads\/2025\/06\/Plantilla-control-quimicos-de-limpieza-piscina-300x154.webp 300w, https:\/\/hidrosip.com\/wp-content\/uploads\/2025\/06\/Plantilla-control-quimicos-de-limpieza-piscina-768x394.webp 768w\" sizes=\"(max-width: 780px) 100vw, 780px\" \/>\t\t\t\t\t\t\t\t\t\t\t\t\t\t\t<\/div>\n\t\t\t\t<\/div>\n\t\t\t\t\t<\/div>\n\t\t<\/div>\n\t\t\t\t\t<\/div>\n\t\t<\/section>\n\t\t\t\t<section class=\"elementor-section elementor-top-section elementor-element elementor-element-f2a02a9 elementor-section-boxed elementor-section-height-default elementor-section-height-default\" data-id=\"f2a02a9\" data-element_type=\"section\" data-e-type=\"section\">\n\t\t\t\t\t\t<div class=\"elementor-container elementor-column-gap-default\">\n\t\t\t\t\t<div class=\"elementor-column elementor-col-100 elementor-top-column elementor-element elementor-element-0a8e29a\" data-id=\"0a8e29a\" data-element_type=\"column\" data-e-type=\"column\">\n\t\t\t<div class=\"elementor-widget-wrap elementor-element-populated\">\n\t\t\t\t\t\t<div class=\"elementor-element elementor-element-0d5a88c elementor-widget elementor-widget-heading\" data-id=\"0d5a88c\" data-element_type=\"widget\" data-e-type=\"widget\" data-widget_type=\"heading.default\">\n\t\t\t\t<div class=\"elementor-widget-container\">\n\t\t\t\t\t<h2 class=\"elementor-heading-title elementor-size-default\">Los 7 errores m\u00e1s comunes en el mantenimiento del agua de tu piscina (y c\u00f3mo evitarlos) \n <\/h2>\t\t\t\t<\/div>\n\t\t\t\t<\/div>\n\t\t\t\t<div class=\"elementor-element elementor-element-385abef elementor-widget elementor-widget-text-editor\" data-id=\"385abef\" data-element_type=\"widget\" data-e-type=\"widget\" data-widget_type=\"text-editor.default\">\n\t\t\t\t<div class=\"elementor-widget-container\">\n\t\t\t\t\t\t\t\t\t<h6 data-start=\"850\" data-end=\"898\">1. <strong data-start=\"857\" data-end=\"898\">No medir correctamente el pH del agua<\/strong><\/h6><p data-start=\"900\" data-end=\"1076\">Uno de los errores m\u00e1s frecuentes es no revisar regularmente los niveles de pH. Un pH desequilibrado puede causar irritaci\u00f3n en la piel y ojos, y reducir la eficacia del cloro.<\/p><p data-start=\"1078\" data-end=\"1223\"><strong data-start=\"1078\" data-end=\"1091\">Soluci\u00f3n:<\/strong> Usa un <strong data-start=\"1099\" data-end=\"1131\">kit medidor de pH de piscina<\/strong> al menos 2 veces por semana. En nuestra tienda encontrar\u00e1s kits precisos y f\u00e1ciles de usar.<\/p><h6 data-start=\"1225\" data-end=\"1266\">2. <strong data-start=\"1232\" data-end=\"1266\">No controlar el nivel de cloro<\/strong><\/h6><p data-start=\"1268\" data-end=\"1418\">El cloro es esencial para mantener el agua libre de bacterias. Sin embargo, usarlo en exceso o en cantidades insuficientes puede ser contraproducente.<\/p><p data-start=\"1420\" data-end=\"1562\"><strong data-start=\"1420\" data-end=\"1433\">Soluci\u00f3n:<\/strong> Revisa los niveles de cloro junto con el pH. Si buscas un m\u00e9todo c\u00f3modo, prueba nuestros <strong data-start=\"1523\" data-end=\"1561\">dosificadores de cloro autom\u00e1ticos<\/strong>.<\/p><h6 data-start=\"1564\" data-end=\"1605\">3. <strong data-start=\"1571\" data-end=\"1605\">Olvidarse de limpiar el filtro<\/strong><\/h6><p data-start=\"1607\" data-end=\"1738\">El filtro es el coraz\u00f3n del sistema de limpieza de la piscina. Si est\u00e1 sucio o saturado, no podr\u00e1 cumplir su funci\u00f3n correctamente.<\/p><p data-start=\"1740\" data-end=\"1953\"><strong data-start=\"1740\" data-end=\"1753\">Soluci\u00f3n:<\/strong> Limpia el filtro al menos una vez a la semana y reempl\u00e1zalo cuando sea necesario. Visita nuestra secci\u00f3n de <strong data-start=\"1862\" data-end=\"1900\">accesorios para filtros de piscina<\/strong> para encontrar repuestos y herramientas de limpieza.<\/p><h6 data-start=\"1955\" data-end=\"2014\">4. <strong data-start=\"1962\" data-end=\"2014\">No cepillar las paredes y el fondo de la piscina<\/strong><\/h6><p data-start=\"2016\" data-end=\"2129\">Aunque el agua parezca limpia, las paredes y el fondo acumulan algas y suciedad si no se cepillan con frecuencia.<\/p><p data-start=\"2131\" data-end=\"2327\"><strong data-start=\"2131\" data-end=\"2144\">Soluci\u00f3n:<\/strong> Usa un <strong data-start=\"2152\" data-end=\"2198\">cepillo para piscina de cerdas resistentes<\/strong> al menos una vez por semana. Tambi\u00e9n puedes automatizar la limpieza con un <strong data-start=\"2274\" data-end=\"2296\">robot limpiafondos<\/strong>, disponible en nuestra tienda.<\/p><h6 data-start=\"2329\" data-end=\"2377\">5. <strong data-start=\"2336\" data-end=\"2377\">No mantener el nivel de agua adecuado<\/strong><\/h6><p data-start=\"2379\" data-end=\"2518\">Un nivel de agua demasiado bajo puede da\u00f1ar el sistema de filtrado. Por el contrario, si est\u00e1 demasiado alto, puede afectar la circulaci\u00f3n.<\/p><p data-start=\"2520\" data-end=\"2622\"><strong data-start=\"2520\" data-end=\"2533\">Soluci\u00f3n:<\/strong> Aseg\u00farate de que el nivel de agua est\u00e9 siempre entre 1\/3 y 1\/2 de la altura del skimmer.<\/p><h6 data-start=\"2624\" data-end=\"2667\">6. <strong data-start=\"2631\" data-end=\"2667\">Ignorar el tratamiento de choque<\/strong><\/h6><p data-start=\"2669\" data-end=\"2769\">Si el agua empieza a verse turbia o con mal olor, es probable que necesite un tratamiento de choque.<\/p><p data-start=\"2771\" data-end=\"2919\"><strong data-start=\"2771\" data-end=\"2784\">Soluci\u00f3n:<\/strong> Aplica <strong data-start=\"2792\" data-end=\"2811\">cloro de choque<\/strong> seg\u00fan las instrucciones del fabricante. Tenemos productos espec\u00edficos para tratamientos r\u00e1pidos y eficaces.<\/p><h6 data-start=\"2921\" data-end=\"2970\">7. <strong data-start=\"2928\" data-end=\"2970\">No realizar un mantenimiento constante<\/strong><\/h6><p data-start=\"2972\" data-end=\"3100\">La clave para tener una piscina en buen estado es la constancia. Saltarse revisiones semanales puede acarrear problemas mayores.<\/p><p data-start=\"3102\" data-end=\"3250\"><strong data-start=\"3102\" data-end=\"3115\">Soluci\u00f3n:<\/strong> Crea una rutina de mantenimiento y ap\u00f3yate en nuestros <strong data-start=\"3171\" data-end=\"3210\">kits de mantenimiento para piscinas<\/strong>, dise\u00f1ados para facilitarte el trabajo.<\/p>\t\t\t\t\t\t\t\t<\/div>\n\t\t\t\t<\/div>\n\t\t\t\t<div class=\"elementor-element elementor-element-18f47ea elementor-widget elementor-widget-image\" data-id=\"18f47ea\" data-element_type=\"widget\" data-e-type=\"widget\" data-widget_type=\"image.default\">\n\t\t\t\t<div class=\"elementor-widget-container\">\n\t\t\t\t\t\t\t\t\t\t\t\t\t\t\t<img decoding=\"async\" width=\"780\" height=\"400\" src=\"https:\/\/hidrosip.com\/wp-content\/uploads\/2025\/06\/errores-comunes-e-el-mantenimiento-de-la-piscina-1.webp\" class=\"attachment-large size-large wp-image-4565\" alt=\"\" srcset=\"https:\/\/hidrosip.com\/wp-content\/uploads\/2025\/06\/errores-comunes-e-el-mantenimiento-de-la-piscina-1.webp 780w, https:\/\/hidrosip.com\/wp-content\/uploads\/2025\/06\/errores-comunes-e-el-mantenimiento-de-la-piscina-1-300x154.webp 300w, https:\/\/hidrosip.com\/wp-content\/uploads\/2025\/06\/errores-comunes-e-el-mantenimiento-de-la-piscina-1-768x394.webp 768w\" sizes=\"(max-width: 780px) 100vw, 780px\" \/>\t\t\t\t\t\t\t\t\t\t\t\t\t\t\t<\/div>\n\t\t\t\t<\/div>\n\t\t\t\t\t<\/div>\n\t\t<\/div>\n\t\t\t\t\t<\/div>\n\t\t<\/section>\n\t\t\t\t<section class=\"elementor-section elementor-top-section elementor-element elementor-element-dcd8cf5 elementor-section-boxed elementor-section-height-default elementor-section-height-default\" data-id=\"dcd8cf5\" data-element_type=\"section\" data-e-type=\"section\">\n\t\t\t\t\t\t<div class=\"elementor-container elementor-column-gap-default\">\n\t\t\t\t\t<div class=\"elementor-column elementor-col-50 elementor-top-column elementor-element elementor-element-d4d1502\" data-id=\"d4d1502\" data-element_type=\"column\" data-e-type=\"column\">\n\t\t\t<div class=\"elementor-widget-wrap elementor-element-populated\">\n\t\t\t\t\t\t<div class=\"elementor-element elementor-element-6e68020 elementor-widget elementor-widget-heading\" data-id=\"6e68020\" data-element_type=\"widget\" data-e-type=\"widget\" data-widget_type=\"heading.default\">\n\t\t\t\t<div class=\"elementor-widget-container\">\n\t\t\t\t\t<h2 class=\"elementor-heading-title elementor-size-default\">\u00bfQuieres simplificar el mantenimiento de tu piscina?<\/h2>\t\t\t\t<\/div>\n\t\t\t\t<\/div>\n\t\t\t\t<div class=\"elementor-element elementor-element-babfb2c elementor-widget elementor-widget-text-editor\" data-id=\"babfb2c\" data-element_type=\"widget\" data-e-type=\"widget\" data-widget_type=\"text-editor.default\">\n\t\t\t\t<div class=\"elementor-widget-container\">\n\t\t\t\t\t\t\t\t\t<p data-start=\"3315\" data-end=\"3544\">En nuestra tienda online encontrar\u00e1s <strong data-start=\"3352\" data-end=\"3390\">productos para el cuidado del agua<\/strong>, <strong data-start=\"3392\" data-end=\"3429\">servicios t\u00e9cnicos especializados<\/strong> y asesor\u00eda personalizada. Vis\u00edtanos y descubre c\u00f3mo podemos ayudarte a disfrutar de tu piscina sin complicaciones.<\/p><p data-start=\"3546\" data-end=\"3692\">\ud83d\udd39 <em>Piscinas Hidrosip somos expertos en piscinas<\/em><br data-start=\"3600\" data-end=\"3603\" \/>\ud83d\udd39 <em data-start=\"3659\" data-end=\"3692\">Solicita asesoramiento gratuito<\/em><\/p>\t\t\t\t\t\t\t\t<\/div>\n\t\t\t\t<\/div>\n\t\t\t\t\t<\/div>\n\t\t<\/div>\n\t\t\t\t<div class=\"elementor-column elementor-col-50 elementor-top-column elementor-element elementor-element-77adf16\" data-id=\"77adf16\" data-element_type=\"column\" data-e-type=\"column\">\n\t\t\t<div class=\"elementor-widget-wrap elementor-element-populated\">\n\t\t\t\t\t\t<div class=\"elementor-element elementor-element-2734b67 elementor-widget elementor-widget-image\" data-id=\"2734b67\" data-element_type=\"widget\" data-e-type=\"widget\" data-widget_type=\"image.default\">\n\t\t\t\t<div class=\"elementor-widget-container\">\n\t\t\t\t\t\t\t\t\t\t\t\t\t\t\t<img loading=\"lazy\" decoding=\"async\" width=\"600\" height=\"300\" src=\"https:\/\/hidrosip.com\/wp-content\/uploads\/2025\/06\/24-thumb.webp\" class=\"attachment-large size-large wp-image-4579\" alt=\"\" srcset=\"https:\/\/hidrosip.com\/wp-content\/uploads\/2025\/06\/24-thumb.webp 600w, https:\/\/hidrosip.com\/wp-content\/uploads\/2025\/06\/24-thumb-300x150.webp 300w\" sizes=\"(max-width: 600px) 100vw, 600px\" \/>\t\t\t\t\t\t\t\t\t\t\t\t\t\t\t<\/div>\n\t\t\t\t<\/div>\n\t\t\t\t\t<\/div>\n\t\t<\/div>\n\t\t\t\t\t<\/div>\n\t\t<\/section>\n\t\t\t\t<\/div>\n\t\t","protected":false},"excerpt":{"rendered":"<p>Soluciones efectivas para el mantenimiento de piscinas en temporada de lluvias Durante la temporada de lluvias, es com\u00fan que las piscinas sufran problemas como agua turbia, proliferaci\u00f3n de algas y desbalance qu\u00edmico. Por eso, es fundamental contar con un buen sistema de mantenimiento del agua de piscina, especialmente en estos meses en los que la [&hellip;]<\/p>\n","protected":false},"author":5,"featured_media":0,"parent":0,"menu_order":0,"comment_status":"closed","ping_status":"closed","template":"","meta":{"_uag_custom_page_level_css":"","site-sidebar-layout":"default","site-content-layout":"","ast-site-content-layout":"default","site-content-style":"default","site-sidebar-style":"default","ast-global-header-display":"","ast-banner-title-visibility":"","ast-main-header-display":"","ast-hfb-above-header-display":"","ast-hfb-below-header-display":"","ast-hfb-mobile-header-display":"","site-post-title":"","ast-breadcrumbs-content":"","ast-featured-img":"","footer-sml-layout":"","theme-transparent-header-meta":"","adv-header-id-meta":"","stick-header-meta":"","header-above-stick-meta":"","header-main-stick-meta":"","header-below-stick-meta":"","astra-migrate-meta-layouts":"set","ast-page-background-enabled":"default","ast-page-background-meta":{"desktop":{"background-color":"","background-image":"","background-repeat":"repeat","background-position":"center center","background-size":"auto","background-attachment":"scroll","background-type":"","background-media":"","overlay-type":"","overlay-color":"","overlay-opacity":"","overlay-gradient":""},"tablet":{"background-color":"","background-image":"","background-repeat":"repeat","background-position":"center center","background-size":"auto","background-attachment":"scroll","background-type":"","background-media":"","overlay-type":"","overlay-color":"","overlay-opacity":"","overlay-gradient":""},"mobile":{"background-color":"","background-image":"","background-repeat":"repeat","background-position":"center center","background-size":"auto","background-attachment":"scroll","background-type":"","background-media":"","overlay-type":"","overlay-color":"","overlay-opacity":"","overlay-gradient":""}},"ast-content-background-meta":{"desktop":{"background-color":"var(--ast-global-color-5)","background-image":"","background-repeat":"repeat","background-position":"center center","background-size":"auto","background-attachment":"scroll","background-type":"","background-media":"","overlay-type":"","overlay-color":"","overlay-opacity":"","overlay-gradient":""},"tablet":{"background-color":"var(--ast-global-color-5)","background-image":"","background-repeat":"repeat","background-position":"center center","background-size":"auto","background-attachment":"scroll","background-type":"","background-media":"","overlay-type":"","overlay-color":"","overlay-opacity":"","overlay-gradient":""},"mobile":{"background-color":"var(--ast-global-color-5)","background-image":"","background-repeat":"repeat","background-position":"center center","background-size":"auto","background-attachment":"scroll","background-type":"","background-media":"","overlay-type":"","overlay-color":"","overlay-opacity":"","overlay-gradient":""}},"footnotes":""},"class_list":["post-4514","page","type-page","status-publish","hentry"],"aioseo_notices":[],"uagb_featured_image_src":{"full":false,"thumbnail":false,"medium":false,"medium_large":false,"large":false,"1536x1536":false,"2048x2048":false},"uagb_author_info":{"display_name":"Olga Fabiola Alc\u00e1ntara Ruiz","author_link":"https:\/\/hidrosip.com\/index.php\/author\/director-general-piscinas-hidrosip\/"},"uagb_comment_info":0,"uagb_excerpt":"Soluciones efectivas para el mantenimiento de piscinas en temporada de lluvias Durante la temporada de lluvias, es com\u00fan que las piscinas sufran problemas como agua turbia, proliferaci\u00f3n de algas y desbalance qu\u00edmico. Por eso, es fundamental contar con un buen sistema de mantenimiento del agua de piscina, especialmente en estos meses en los que la&hellip;","_links":{"self":[{"href":"https:\/\/hidrosip.com\/index.php\/wp-json\/wp\/v2\/pages\/4514","targetHints":{"allow":["GET"]}}],"collection":[{"href":"https:\/\/hidrosip.com\/index.php\/wp-json\/wp\/v2\/pages"}],"about":[{"href":"https:\/\/hidrosip.com\/index.php\/wp-json\/wp\/v2\/types\/page"}],"author":[{"embeddable":true,"href":"https:\/\/hidrosip.com\/index.php\/wp-json\/wp\/v2\/users\/5"}],"replies":[{"embeddable":true,"href":"https:\/\/hidrosip.com\/index.php\/wp-json\/wp\/v2\/comments?post=4514"}],"version-history":[{"count":57,"href":"https:\/\/hidrosip.com\/index.php\/wp-json\/wp\/v2\/pages\/4514\/revisions"}],"predecessor-version":[{"id":4772,"href":"https:\/\/hidrosip.com\/index.php\/wp-json\/wp\/v2\/pages\/4514\/revisions\/4772"}],"wp:attachment":[{"href":"https:\/\/hidrosip.com\/index.php\/wp-json\/wp\/v2\/media?parent=4514"}],"curies":[{"name":"wp","href":"https:\/\/api.w.org\/{rel}","templated":true}]}}