{"id":3889,"date":"2024-06-03T17:30:42","date_gmt":"2024-06-03T17:30:42","guid":{"rendered":"https:\/\/hidrosip.com\/?page_id=3889"},"modified":"2024-06-03T18:18:16","modified_gmt":"2024-06-03T18:18:16","slug":"aviso-de-privacidad-030624","status":"publish","type":"page","link":"https:\/\/hidrosip.com\/index.php\/nosotros\/aviso-de-privacidad-030624\/","title":{"rendered":"Aviso de Privacidad"},"content":{"rendered":"\n<h1 class=\"wp-block-heading has-text-align-center\"><strong>Aviso de Privacidad<\/strong><\/h1>\n\n\n\n<h6 class=\"wp-block-heading\"><strong><em>Ultima Actualizaci\u00f3n<\/em>: 03 de junio de 2024<\/strong><\/h6>\n\n\n\n<h5 class=\"wp-block-heading\"><strong>Identificaci\u00f3n del responsable<\/strong><\/h5>\n\n\n\n<p><strong>HIDROSISTEMAS SOLUCIONES INTEGRALES Y PRODUCTOS PARA EL AGUA S.A.S. DE C.V., <\/strong>el responsable para efectos de la Ley Federal de Protecci\u00f3n de Datos Personales en Posesi\u00f3n de los Particulares y sus disposiciones reglamentarias, la cual se denominar\u00e1 para efectos del presente, la \u201cLey de Datos\u201d; con domicilio en calle CHICOMOSTOC 38-A, COLONIA APATLACO, ALCALD\u00cdA DE IZTAPALAPA, C. P. 09430, CIUDAD DE M\u00c9XICO, le informa que tratar\u00e1 los datos personales que recabe de Usted con las siguientes<\/p>\n\n\n\n<h5 class=\"wp-block-heading\"><strong>Finalidades:<\/strong><\/h5>\n\n\n\n<ol class=\"wp-block-list\" start=\"1\" style=\"list-style-type:upper-roman\">\n<li>Brindar el servicio que requiera conforme a las pol\u00edticas de la empresa.<\/li>\n\n\n\n<li>Integrar su expediente como cliente;<\/li>\n\n\n\n<li>El cumplimiento de los derechos y obligaciones adquiridos mediante el Contrato Servicios;<\/li>\n<\/ol>\n\n\n\n<div style=\"height:30px\" aria-hidden=\"true\" class=\"wp-block-spacer\"><\/div>\n\n\n\n<h5 class=\"wp-block-heading\"><strong>Fines publicitarios y de filantrop\u00eda:<\/strong><\/h5>\n\n\n\n<p>Sus datos personales de contacto (domicilio, tel\u00e9fono y\/o correo electr\u00f3nico) pueden llegar a ser empleados para hacerle llegar informaci\u00f3n acerca de los servicios que se ofrecen y otro tipo de informaci\u00f3n relacionada con la empresa; as\u00ed mismo, al ser la empresa una organizaci\u00f3n de asistencia privada podr\u00e1 hacerle llegar informaci\u00f3n relacionada con sus campa\u00f1as. Si usted no deseara recibir ning\u00fan tipo de informaci\u00f3n al respecto, enviar un correo a <strong><a href=\"mailto:contacto@hidrosip.com\">contacto@hidrosip.com<\/a><\/strong><\/p>\n\n\n\n<h5 class=\"wp-block-heading\"><strong>Datos personales:<\/strong><\/h5>\n\n\n\n<p>Por lo tanto, para alcanzar las finalidades antes expuestas, se tratar\u00e1n los siguientes datos personales: Nombre completo, domicilio, tel\u00e9fono, correo electr\u00f3nico, estado civil, edad, sexo, nacionalidad, fecha de nacimiento, nombre, domicilio y tel\u00e9fono de alg\u00fan familiar que designe como familiar responsable y con quien podamos comunicarnos en caso de urgencia, en su caso, su n\u00famero de p\u00f3liza y dem\u00e1s informaci\u00f3n relacionada con el seguro de gastos m\u00e9dicos que tenga contratado. En algunos servicios, tambi\u00e9n se tomar\u00e1n fotograf\u00edas o videos que se integrar\u00e1n a su expediente cl\u00ednico, con la finalidad de llevar un registro por estos medios de su evoluci\u00f3n o del tratamiento brindado.<\/p>\n\n\n\n<h5 class=\"wp-block-heading\"><strong>Datos Financieros:<\/strong><\/h5>\n\n\n\n<p>Para el cumplimiento de las finalidades antes citadas, en caso de ser necesario se recabar\u00e1n los siguientes datos financieros: datos de cuenta bancaria, en caso de que Usted realice el pago de servicios mediante cheque, le informamos que el mismo podr\u00e1 ser transferido a alguna persona f\u00edsica o moral con la que la empresa tenga celebrado un contrato de prestaci\u00f3n de servicios de respaldo y transacci\u00f3n de cheques, (Bancos); y sus datos fiscales, para realizar el recibo de honorarios correspondiente por los servicios prestados.<\/p>\n\n\n\n<p><strong>Responsable de Privacidad:<\/strong><\/p>\n\n\n\n<p>El Representante Legal de <strong>HIDROSISTEMAS SOLUCIONES INTEGRALES Y PRODUCTOS PARA EL AGUA S.A.S. DE C.V.<\/strong> , es la persona responsable al cual Usted podr\u00e1 solicitar el ejercicio de sus Derechos ARCO, que consisten en el acceso a sus datos personales, a su rectificaci\u00f3n, cancelaci\u00f3n u oposici\u00f3n a su tratamiento para fines espec\u00edficos, as\u00ed como tambi\u00e9n para la revocaci\u00f3n del consentimiento otorgado para el tratamiento de sus datos personales en la medida permitida por la Ley; siendo el Representante Legal de <strong>HIDROSISTEMAS SOLUCIONES INTEGRALES Y PRODUCTOS PARA EL AGUA S.A.S. DE C.V.<\/strong>, el encargado de dar seguimiento a su solicitud y de darle una respuesta dentro de los siguientes 20 (veinte) d\u00edas h\u00e1biles.&nbsp; Tambi\u00e9n llevar\u00e1 a cabo las solicitudes que usted realice para limitar el uso o divulgaci\u00f3n de sus datos. Para tal efecto, nos permitimos proporcionarle el correo electr\u00f3nico del responsable de la Privacidad, <strong><a href=\"mailto:contacto@hidrosip.com\">contacto@hidrosip.com<\/a><\/strong><\/p>\n\n\n\n<h5 class=\"wp-block-heading\"><strong>Procedimiento ARCO y revocaci\u00f3n del consentimiento:<\/strong><\/h5>\n\n\n\n<p>Para el ejercicio de sus Derechos ARCO y\/o la revocaci\u00f3n de su consentimiento para el tratamiento de sus datos personales por la Empresa, agradeceremos presente una solicitud \u201cSolicitud de Ejercicio de Derechos ARCO\u201d al responsable, al correo electr\u00f3nico <strong><a href=\"mailto:contacto@hidrosip.com\">contacto@hidrosip.com<\/a><\/strong> acompa\u00f1ando la siguiente informaci\u00f3n:<\/p>\n\n\n\n<ol class=\"wp-block-list\" start=\"1\" style=\"list-style-type:upper-roman\">\n<li>Nombre, domicilio completo (calle, n\u00famero interior y\/o exterior, colonia, c\u00f3digo postal, ciudad y estado);<\/li>\n\n\n\n<li>Identificaci\u00f3n con la que acredite su personalidad (credencial del INE, pasaporte vigente, c\u00e9dula profesional o documento migratorio).<\/li>\n\n\n\n<li>En caso de no ser el titular quien presente la solicitud, el documento que acredite la existencia de la representaci\u00f3n, es decir, instrumento p\u00fablico o carta poder firmada ante dos testigos, junto con identificaci\u00f3n del titular y del representante (credencial del IFE, pasaporte vigente, c\u00e9dula profesional o documento migratorio).<\/li>\n\n\n\n<li>Una descripci\u00f3n clara y precisa de los datos personales respecto de los cuales busca ejercer alguno de los Derechos ARCO, cu\u00e1l es el derecho a ejercer y las razones por las cuales desea ejercitarlo;<\/li>\n\n\n\n<li>Cualquier documento o informaci\u00f3n que acredite que sus datos personales se encuentran en propiedad de la empresa;<\/li>\n\n\n\n<li>En caso de solicitar una rectificaci\u00f3n de datos, favor de indicar tambi\u00e9n las modificaciones a realizarse, aportando la documentaci\u00f3n que sustente su petici\u00f3n.<\/li>\n<\/ol>\n\n\n\n<div style=\"height:30px\" aria-hidden=\"true\" class=\"wp-block-spacer\"><\/div>\n\n\n\n<h5 class=\"wp-block-heading\"><strong>Fines publicitarios y de filantrop\u00eda:<\/strong><\/h5>\n\n\n\n<p>Sus datos personales de contacto (domicilio, tel\u00e9fono y\/o correo electr\u00f3nico) pueden llegar a ser empleados para hacerle llegar informaci\u00f3n acerca de los servicios que se ofrecen y otro tipo de informaci\u00f3n relacionada con la empresa; as\u00ed mismo, al ser la empresa una organizaci\u00f3n de asistencia privada podr\u00e1 hacerle llegar informaci\u00f3n relacionada con sus campa\u00f1as. Si usted no deseara recibir ning\u00fan tipo de informaci\u00f3n al respecto, enviar un correo a <strong><a href=\"mailto:contacto@hidrosip.com\">contacto@hidrosip.com<\/a><\/strong><\/p>\n\n\n\n<h5 class=\"wp-block-heading\"><strong>Datos personales:<\/strong><\/h5>\n\n\n\n<p>Por lo tanto, para alcanzar las finalidades antes expuestas, se tratar\u00e1n los siguientes datos personales: Nombre completo, domicilio, tel\u00e9fono, correo electr\u00f3nico, estado civil, edad, sexo, nacionalidad, fecha de nacimiento, nombre, domicilio y tel\u00e9fono de alg\u00fan familiar que designe como familiar responsable y con quien podamos comunicarnos en caso de urgencia, en su caso, su n\u00famero de p\u00f3liza y dem\u00e1s informaci\u00f3n relacionada con el seguro de gastos m\u00e9dicos que tenga contratado. En algunos servicios, tambi\u00e9n se tomar\u00e1n fotograf\u00edas o videos que se integrar\u00e1n a su expediente cl\u00ednico, con la finalidad de llevar un registro por estos medios de su evoluci\u00f3n o del tratamiento brindado.<\/p>\n\n\n\n<h5 class=\"wp-block-heading\"><strong>Datos Financieros:<\/strong><\/h5>\n\n\n\n<p>Para el cumplimiento de las finalidades antes citadas, en caso de ser necesario se recabar\u00e1n los siguientes datos financieros: datos de cuenta bancaria, en caso de que Usted realice el pago de servicios mediante cheque, le informamos que el mismo podr\u00e1 ser transferido a alguna persona f\u00edsica o moral con la que la empresa tenga celebrado un contrato de prestaci\u00f3n de servicios de respaldo y transacci\u00f3n de cheques, (Bancos); y sus datos fiscales, para realizar el recibo de honorarios correspondiente por los servicios prestados.<\/p>\n\n\n\n<h5 class=\"wp-block-heading\"><strong>Responsable de Privacidad:<\/strong><\/h5>\n\n\n\n<p>El Representante Legal de <strong>HIDROSISTEMAS SOLUCIONES INTEGRALES Y PRODUCTOS PARA EL AGUA S.A.S. DE C.V.<\/strong> , es la persona responsable al cual Usted podr\u00e1 solicitar el ejercicio de sus Derechos ARCO, que consisten en el acceso a sus datos personales, a su rectificaci\u00f3n, cancelaci\u00f3n u oposici\u00f3n a su tratamiento para fines espec\u00edficos, as\u00ed como tambi\u00e9n para la revocaci\u00f3n del consentimiento otorgado para el tratamiento de sus datos personales en la medida permitida por la Ley; siendo el Representante Legal de <strong>HIDROSISTEMAS SOLUCIONES INTEGRALES Y PRODUCTOS PARA EL AGUA S.A.S. DE C.V.<\/strong>, el encargado de dar seguimiento a su solicitud y de darle una respuesta dentro de los siguientes 20 (veinte) d\u00edas h\u00e1biles.&nbsp; Tambi\u00e9n llevar\u00e1 a cabo las solicitudes que usted realice para limitar el uso o divulgaci\u00f3n de sus datos. Para tal efecto, nos permitimos proporcionarle el correo electr\u00f3nico del responsable de la Privacidad, <strong><a href=\"mailto:contacto@hidrosip.com\">contacto@hidrosip.com<\/a><\/strong><\/p>\n\n\n\n<h5 class=\"wp-block-heading\"><strong>Procedimiento ARCO y revocaci\u00f3n del consentimiento<\/strong>:<\/h5>\n\n\n\n<p>Para el ejercicio de sus Derechos ARCO y\/o la revocaci\u00f3n de su consentimiento para el tratamiento de sus datos personales por la Empresa, agradeceremos presente una solicitud \u201cSolicitud de Ejercicio de Derechos ARCO\u201d al responsable, al correo electr\u00f3nico <strong><a href=\"mailto:contacto@hidrosip.com\">contacto@hidrosip.com<\/a><\/strong> acompa\u00f1ando la siguiente informaci\u00f3n:<\/p>\n\n\n\n<ol class=\"wp-block-list\" start=\"1\" style=\"list-style-type:upper-roman\">\n<li>Nombre, domicilio completo (calle, n\u00famero interior y\/o exterior, colonia, c\u00f3digo postal, ciudad y estado);<\/li>\n\n\n\n<li>Identificaci\u00f3n con la que acredite su personalidad (credencial del INE, pasaporte vigente, c\u00e9dula profesional o documento migratorio).<\/li>\n\n\n\n<li>En caso de no ser el titular quien presente la solicitud, el documento que acredite la existencia de la representaci\u00f3n, es decir, instrumento p\u00fablico o carta poder firmada ante dos testigos, junto con identificaci\u00f3n del titular y del representante (credencial del IFE, pasaporte vigente, c\u00e9dula profesional o documento migratorio).<\/li>\n\n\n\n<li>Una descripci\u00f3n clara y precisa de los datos personales respecto de los cuales busca ejercer alguno de los Derechos ARCO, cu\u00e1l es el derecho a ejercer y las razones por las cuales desea ejercitarlo;<\/li>\n\n\n\n<li>Cualquier documento o informaci\u00f3n que acredite que sus datos personales se encuentran en propiedad de la empresa;<\/li>\n\n\n\n<li>En caso de solicitar una rectificaci\u00f3n de datos, favor de indicar tambi\u00e9n las modificaciones a realizarse, aportando la documentaci\u00f3n que sustente su petici\u00f3n.<\/li>\n<\/ol>\n\n\n\n<div style=\"height:30px\" aria-hidden=\"true\" class=\"wp-block-spacer\"><\/div>\n\n\n\n<p>El responsable de la Privacidad responder\u00e1 su Solicitud mediante correo electr\u00f3nico o personalmente en calle CHICOMOSTOC 38-A, COLONIA APATLACO, ALCALD\u00cdA DE IZTAPALAPA, C. P. 09430, CIUDAD DE M\u00c9XICO, en un t\u00e9rmino de 20 (veinte) d\u00edas h\u00e1biles contados a partir de que se le env\u00ede acuse de recibo de su Solicitud. En caso de que la Solicitud sea procedente, la respuesta podr\u00e1 enviarse v\u00eda correo electr\u00f3nico o de forma personal. La Empresa podr\u00e1 solicitarle, para poder darle una respuesta, que presente para cotejo en el domicilio antes citado, original de los documentos que envi\u00f3 junto con su Solicitud, dentro de los 5 (cinco) d\u00edas h\u00e1biles a que le sean requeridos. Si pasado dicho t\u00e9rmino, no se presentan los citados documentos, la Solicitud se dar\u00e1 por concluida.<\/p>\n\n\n\n<p>Cuando la Solicitud sea procedente y se hayan llevado a cabo los cotejos correspondientes con respecto a la personalidad y titularidad de los Derechos ARCO los t\u00e9rminos para dar respuesta ser\u00e1n los siguientes:<\/p>\n\n\n\n<p>Para el acceso de los datos o su rectificaci\u00f3n: dentro de un plazo de 15 d\u00edas contados a partir de la respuesta afirmativa del responsable de la Privacidad;<\/p>\n\n\n\n<ul class=\"wp-block-list\">\n<li>Para el acceso de los datos o su rectificaci\u00f3n: dentro de un plazo de 15 d\u00edas contados a partir de la respuesta afirmativa del responsable de la Privacidad;<\/li>\n\n\n\n<li>Para la cancelaci\u00f3n u oposici\u00f3n de los datos: se har\u00e1 primero un bloqueo de los mismos, desde el momento en que se hizo el cotejo de la documentaci\u00f3n requerida, en donde el acceso a los datos personales estar\u00e1 restringido a toda persona hasta que haya una respuesta a la solicitud ya sea afirmativa o negativa, en el primer caso dentro de un plazo de 15 d\u00edas contados a partir de la respuesta afirmativa hecha por el responsable de la&nbsp; Privacidad y en el segundo caso, se har\u00e1 el desbloqueo de los mismos para seguir con el tratamiento.<\/li>\n<\/ul>\n\n\n\n<p>Los plazos referidos en los incisos anteriores se podr\u00e1n prorrogar una sola vez por un periodo igual en caso de ser necesario y previa notificaci\u00f3n hecha por el responsable de la Privacidad.<\/p>\n\n\n\n<p>La Empresa, podr\u00e1 negar el ejercicio de los Derechos ARCO, en los siguientes supuestos:<\/p>\n\n\n\n<ol class=\"wp-block-list\" start=\"1\" style=\"list-style-type:upper-roman\">\n<li>Cuando el solicitante no sea el titular de los datos personales, o no pueda acreditar la representaci\u00f3n del titular;<\/li>\n\n\n\n<li>Cuando sus datos personales no obren en la base de datos de la Empresa;<\/li>\n\n\n\n<li>Cuando se lesionen los derechos de un tercero;<\/li>\n\n\n\n<li>Cuando exista un impedimento legal o la resoluci\u00f3n de una autoridad competente, que restrinja sus Derechos ARCO;<\/li>\n\n\n\n<li>En caso de cancelaci\u00f3n, cuando los datos personales sean objeto de tratamiento para la prevenci\u00f3n o para el diagn\u00f3stico m\u00e9dico o la gesti\u00f3n de servicios de salud y;<\/li>\n\n\n\n<li>Cuando la rectificaci\u00f3n, cancelaci\u00f3n u oposici\u00f3n haya sido previamente realizada.<\/li>\n<\/ol>\n\n\n\n<div style=\"height:30px\" aria-hidden=\"true\" class=\"wp-block-spacer\"><\/div>\n\n\n\n<p>La Negativa podr\u00e1 ser parcial, en cuyo caso la Empresa efectuar\u00e1 el acceso, rectificaci\u00f3n, cancelaci\u00f3n u oposici\u00f3n en la parte procedente.<\/p>\n\n\n\n<p>El ejercicio de los \u201cDerechos ARCO\u201d ser\u00e1 gratuito, pero en caso de que en un periodo menor a doce meses se presenten dos solicitudes o m\u00e1s, los costos ser\u00e1n de tres d\u00edas de Salario M\u00ednimo General Vigente en la Ciudad de M\u00e9xico, a menos que existan modificaciones sustanciales al Aviso de Privacidad que motiven nuevas Solicitudes de Ejercicio de Derechos ARCO. El solicitante deber\u00e1 cubrir los gastos justificados de env\u00edo o el costo de reproducci\u00f3n en copias u otros formatos.<\/p>\n\n\n\n<h5 class=\"wp-block-heading\"><strong>Transferencia:<\/strong><\/h5>\n\n\n\n<p>Le informamos que sus datos personales podr\u00e1n ser transferidos dentro y fuera del pa\u00eds, en forma congruente con la finalidad del tratamiento de los datos y la naturaleza jur\u00eddica de la relaci\u00f3n entre Usted y la Empresa, a compa\u00f1\u00edas aseguradoras con quien Usted tenga contratada una p\u00f3liza y a terceros pagadores, para los fines de pago que correspondan.<\/p>\n\n\n\n<h5 class=\"wp-block-heading\"><strong>Modificaciones al Aviso de Privacidad<\/strong><\/h5>\n\n\n\n<p>La Empresa se reserva el derecho de efectuar en cualquier momento modificaciones o actualizaciones al presente aviso de privacidad, mismo que dar\u00e1 a conocer de forma personal o bien, por medio de la publicaci\u00f3n de un aviso en lugar visible y\/o por medios electr\u00f3nicos.<\/p>\n\n\n\n<p>El responsable de la Privacidad de la Empresa le comunicar\u00e1 de forma inmediata cualquier vulneraci\u00f3n de seguridad que ocurra en cualquier fase del tratamiento de sus datos personales que afecte de forma significativa sus derechos patrimoniales o morales, mediante correo electr\u00f3nico o llamada telef\u00f3nica por la que se le solicitar\u00e1 una cita para explicarle lo sucedido a fin de que pueda tomar las medidas que considere para la defensa de sus derechos.<\/p>\n\n\n\n<h5 class=\"wp-block-heading\"><strong>Consentimiento<\/strong><\/h5>\n\n\n\n<p>Al hacer uso de los servicios de <strong>HIDROSISTEMAS SOLUCIONES INTEGRALES Y PRODUCTOS PARA EL AGUA, <\/strong>usted reconoce y acepta que ha le\u00eddo y comprendido los t\u00e9rminos y condiciones establecidos en el presente Aviso de Privacidad.<\/p>\n\n\n\n<p>Mediante la interacci\u00f3n con nuestra plataforma o la utilizaci\u00f3n de cualquier servicio ofrecido, usted otorga su consentimiento expreso para que se realice el tratamiento de sus datos personales conforme a las pr\u00e1cticas descritas en el mencionado Aviso.<br>Para cualquier duda o aclaraci\u00f3n respecto al tratamiento de sus datos personales, as\u00ed como para ejercer sus derechos ARCO (Acceso, Rectificaci\u00f3n, Cancelaci\u00f3n y Oposici\u00f3n), puede contactarse al siguiente correo electr\u00f3nico <a href=\"mailto:contaco@hidrosip.com\">contaco@hidrosip.com<\/a><\/p>\n","protected":false},"excerpt":{"rendered":"<p>Aviso de Privacidad Ultima Actualizaci\u00f3n: 03 de junio de 2024 Identificaci\u00f3n del responsable HIDROSISTEMAS SOLUCIONES INTEGRALES Y PRODUCTOS PARA EL AGUA S.A.S. DE C.V., el responsable para efectos de la Ley Federal de Protecci\u00f3n de Datos Personales en Posesi\u00f3n de los Particulares y sus disposiciones reglamentarias, la cual se denominar\u00e1 para efectos del presente, la [&hellip;]<\/p>\n","protected":false},"author":5,"featured_media":0,"parent":334,"menu_order":10,"comment_status":"closed","ping_status":"closed","template":"","meta":{"_uag_custom_page_level_css":"","site-sidebar-layout":"default","site-content-layout":"","ast-site-content-layout":"default","site-content-style":"default","site-sidebar-style":"default","ast-global-header-display":"","ast-banner-title-visibility":"","ast-main-header-display":"","ast-hfb-above-header-display":"","ast-hfb-below-header-display":"","ast-hfb-mobile-header-display":"","site-post-title":"disabled","ast-breadcrumbs-content":"","ast-featured-img":"","footer-sml-layout":"","theme-transparent-header-meta":"","adv-header-id-meta":"","stick-header-meta":"","header-above-stick-meta":"","header-main-stick-meta":"","header-below-stick-meta":"","astra-migrate-meta-layouts":"set","ast-page-background-enabled":"default","ast-page-background-meta":{"desktop":{"background-color":"","background-image":"","background-repeat":"repeat","background-position":"center center","background-size":"auto","background-attachment":"scroll","background-type":"","background-media":"","overlay-type":"","overlay-color":"","overlay-opacity":"","overlay-gradient":""},"tablet":{"background-color":"","background-image":"","background-repeat":"repeat","background-position":"center center","background-size":"auto","background-attachment":"scroll","background-type":"","background-media":"","overlay-type":"","overlay-color":"","overlay-opacity":"","overlay-gradient":""},"mobile":{"background-color":"","background-image":"","background-repeat":"repeat","background-position":"center center","background-size":"auto","background-attachment":"scroll","background-type":"","background-media":"","overlay-type":"","overlay-color":"","overlay-opacity":"","overlay-gradient":""}},"ast-content-background-meta":{"desktop":{"background-color":"var(--ast-global-color-5)","background-image":"","background-repeat":"repeat","background-position":"center center","background-size":"auto","background-attachment":"scroll","background-type":"","background-media":"","overlay-type":"","overlay-color":"","overlay-opacity":"","overlay-gradient":""},"tablet":{"background-color":"var(--ast-global-color-5)","background-image":"","background-repeat":"repeat","background-position":"center center","background-size":"auto","background-attachment":"scroll","background-type":"","background-media":"","overlay-type":"","overlay-color":"","overlay-opacity":"","overlay-gradient":""},"mobile":{"background-color":"var(--ast-global-color-5)","background-image":"","background-repeat":"repeat","background-position":"center center","background-size":"auto","background-attachment":"scroll","background-type":"","background-media":"","overlay-type":"","overlay-color":"","overlay-opacity":"","overlay-gradient":""}},"footnotes":""},"class_list":["post-3889","page","type-page","status-publish","hentry"],"aioseo_notices":[],"uagb_featured_image_src":{"full":false,"thumbnail":false,"medium":false,"medium_large":false,"large":false,"1536x1536":false,"2048x2048":false},"uagb_author_info":{"display_name":"Olga Fabiola Alc\u00e1ntara Ruiz","author_link":"https:\/\/hidrosip.com\/index.php\/author\/director-general-piscinas-hidrosip\/"},"uagb_comment_info":0,"uagb_excerpt":"Aviso de Privacidad Ultima Actualizaci\u00f3n: 03 de junio de 2024 Identificaci\u00f3n del responsable HIDROSISTEMAS SOLUCIONES INTEGRALES Y PRODUCTOS PARA EL AGUA S.A.S. DE C.V., el responsable para efectos de la Ley Federal de Protecci\u00f3n de Datos Personales en Posesi\u00f3n de los Particulares y sus disposiciones reglamentarias, la cual se denominar\u00e1 para efectos del presente, la&hellip;","_links":{"self":[{"href":"https:\/\/hidrosip.com\/index.php\/wp-json\/wp\/v2\/pages\/3889","targetHints":{"allow":["GET"]}}],"collection":[{"href":"https:\/\/hidrosip.com\/index.php\/wp-json\/wp\/v2\/pages"}],"about":[{"href":"https:\/\/hidrosip.com\/index.php\/wp-json\/wp\/v2\/types\/page"}],"author":[{"embeddable":true,"href":"https:\/\/hidrosip.com\/index.php\/wp-json\/wp\/v2\/users\/5"}],"replies":[{"embeddable":true,"href":"https:\/\/hidrosip.com\/index.php\/wp-json\/wp\/v2\/comments?post=3889"}],"version-history":[{"count":7,"href":"https:\/\/hidrosip.com\/index.php\/wp-json\/wp\/v2\/pages\/3889\/revisions"}],"predecessor-version":[{"id":3900,"href":"https:\/\/hidrosip.com\/index.php\/wp-json\/wp\/v2\/pages\/3889\/revisions\/3900"}],"up":[{"embeddable":true,"href":"https:\/\/hidrosip.com\/index.php\/wp-json\/wp\/v2\/pages\/334"}],"wp:attachment":[{"href":"https:\/\/hidrosip.com\/index.php\/wp-json\/wp\/v2\/media?parent=3889"}],"curies":[{"name":"wp","href":"https:\/\/api.w.org\/{rel}","templated":true}]}}