{"id":334,"date":"2021-01-21T01:08:44","date_gmt":"2021-01-21T01:08:44","guid":{"rendered":"https:\/\/hidrosip.com\/?page_id=334"},"modified":"2026-01-16T22:14:17","modified_gmt":"2026-01-17T04:14:17","slug":"nosotros","status":"publish","type":"page","link":"https:\/\/hidrosip.com\/index.php\/nosotros\/","title":{"rendered":"Nosotros"},"content":{"rendered":"\t\t<div data-elementor-type=\"wp-page\" data-elementor-id=\"334\" class=\"elementor elementor-334\">\n\t\t\t\t\t\t<section class=\"elementor-section elementor-top-section elementor-element elementor-element-f6ac9fd elementor-section-boxed elementor-section-height-default elementor-section-height-default\" data-id=\"f6ac9fd\" data-element_type=\"section\" data-e-type=\"section\">\n\t\t\t\t\t\t<div class=\"elementor-container elementor-column-gap-default\">\n\t\t\t\t\t<div class=\"elementor-column elementor-col-100 elementor-top-column elementor-element elementor-element-bc0e6cc\" data-id=\"bc0e6cc\" data-element_type=\"column\" data-e-type=\"column\">\n\t\t\t<div class=\"elementor-widget-wrap elementor-element-populated\">\n\t\t\t\t\t\t<div class=\"elementor-element elementor-element-5b1eea2 elementor-widget elementor-widget-heading\" data-id=\"5b1eea2\" data-element_type=\"widget\" data-e-type=\"widget\" data-widget_type=\"heading.default\">\n\t\t\t\t<div class=\"elementor-widget-container\">\n\t\t\t\t\t<h2 class=\"elementor-heading-title elementor-size-default\">Nosotros <\/h2>\t\t\t\t<\/div>\n\t\t\t\t<\/div>\n\t\t\t\t\t<\/div>\n\t\t<\/div>\n\t\t\t\t\t<\/div>\n\t\t<\/section>\n\t\t\t\t<section class=\"elementor-section elementor-top-section elementor-element elementor-element-a5592d5 elementor-section-boxed elementor-section-height-default elementor-section-height-default\" data-id=\"a5592d5\" data-element_type=\"section\" data-e-type=\"section\">\n\t\t\t\t\t\t<div class=\"elementor-container elementor-column-gap-default\">\n\t\t\t\t\t<div class=\"elementor-column elementor-col-100 elementor-top-column elementor-element elementor-element-d2bf12d\" data-id=\"d2bf12d\" data-element_type=\"column\" data-e-type=\"column\">\n\t\t\t<div class=\"elementor-widget-wrap elementor-element-populated\">\n\t\t\t\t\t\t<div class=\"elementor-element elementor-element-f529e83 elementor-widget elementor-widget-text-editor\" data-id=\"f529e83\" data-element_type=\"widget\" data-e-type=\"widget\" data-widget_type=\"text-editor.default\">\n\t\t\t\t<div class=\"elementor-widget-container\">\n\t\t\t\t\t\t\t\t\t<p><strong>\u00abCuando se trata de agua&#8230; damos vida a tus ideas y forma a tus proyectos\u00bb<\/strong><\/p>\t\t\t\t\t\t\t\t<\/div>\n\t\t\t\t<\/div>\n\t\t\t\t\t<\/div>\n\t\t<\/div>\n\t\t\t\t\t<\/div>\n\t\t<\/section>\n\t\t\t\t<section class=\"elementor-section elementor-top-section elementor-element elementor-element-319b2f7 elementor-section-boxed elementor-section-height-default elementor-section-height-default\" data-id=\"319b2f7\" data-element_type=\"section\" data-e-type=\"section\">\n\t\t\t\t\t\t<div class=\"elementor-container elementor-column-gap-default\">\n\t\t\t\t\t<div class=\"elementor-column elementor-col-50 elementor-top-column elementor-element elementor-element-98771d3\" data-id=\"98771d3\" data-element_type=\"column\" data-e-type=\"column\">\n\t\t\t<div class=\"elementor-widget-wrap elementor-element-populated\">\n\t\t\t\t\t\t<div class=\"elementor-element elementor-element-99019dc elementor-widget elementor-widget-image\" data-id=\"99019dc\" data-element_type=\"widget\" data-e-type=\"widget\" data-widget_type=\"image.default\">\n\t\t\t\t<div class=\"elementor-widget-container\">\n\t\t\t\t\t\t\t\t\t\t\t\t\t\t\t<img fetchpriority=\"high\" decoding=\"async\" width=\"800\" height=\"731\" src=\"https:\/\/hidrosip.com\/wp-content\/uploads\/2021\/07\/alberca1.jpg\" class=\"attachment-large size-large wp-image-455\" alt=\"\" srcset=\"https:\/\/hidrosip.com\/wp-content\/uploads\/2021\/07\/alberca1.jpg 800w, https:\/\/hidrosip.com\/wp-content\/uploads\/2021\/07\/alberca1-300x274.jpg 300w, https:\/\/hidrosip.com\/wp-content\/uploads\/2021\/07\/alberca1-768x702.jpg 768w\" sizes=\"(max-width: 800px) 100vw, 800px\" \/>\t\t\t\t\t\t\t\t\t\t\t\t\t\t\t<\/div>\n\t\t\t\t<\/div>\n\t\t\t\t\t<\/div>\n\t\t<\/div>\n\t\t\t\t<div class=\"elementor-column elementor-col-50 elementor-top-column elementor-element elementor-element-e5e6089\" data-id=\"e5e6089\" data-element_type=\"column\" data-e-type=\"column\">\n\t\t\t<div class=\"elementor-widget-wrap elementor-element-populated\">\n\t\t\t\t\t\t<div class=\"elementor-element elementor-element-cfbcbc8 elementor-widget__width-initial elementor-widget elementor-widget-text-editor\" data-id=\"cfbcbc8\" data-element_type=\"widget\" data-e-type=\"widget\" data-widget_type=\"text-editor.default\">\n\t\t\t\t<div class=\"elementor-widget-container\">\n\t\t\t\t\t\t\t\t\t<p class=\"\" data-start=\"186\" data-end=\"390\"><strong data-start=\"186\" data-end=\"207\">Piscinas HIDROSIP<\/strong> nace para cubrir un vac\u00edo en el mercado de albercas, fuentes y cascadas, ofreciendo soluciones profesionales ante la creciente necesidad de contar con verdaderos expertos en el \u00e1rea.<\/p>\n<p class=\"\" data-start=\"392\" data-end=\"572\">Creamos soluciones <strong data-start=\"411\" data-end=\"437\">totalmente a la medida<\/strong>, respaldados por un equipo de profesionales con amplia experiencia, listos para asesorarte y acompa\u00f1arte en cada etapa de tu proyecto.<\/p>\n<p class=\"\" data-start=\"574\" data-end=\"968\">Ofrecemos <strong data-start=\"584\" data-end=\"608\">servicios integrales<\/strong> que nos permiten atender tus necesidades de forma global. Comercializamos equipos de <strong data-start=\"694\" data-end=\"749\">marcas reconocidas a nivel nacional e internacional<\/strong>, brind\u00e1ndote la confianza de adquirir productos de alta eficiencia, con opciones variadas en <strong data-start=\"843\" data-end=\"863\">calidad y precio<\/strong>, siempre enfocados en lograr tu <strong data-start=\"896\" data-end=\"919\">m\u00e1xima satisfacci\u00f3n<\/strong> y brindarte una <strong data-start=\"936\" data-end=\"967\">experiencia de compra \u00fanica<\/strong>.<\/p>\n<p class=\"\" data-start=\"970\" data-end=\"1145\">Adem\u00e1s, proporcionamos asesor\u00eda personalizada por v\u00eda telef\u00f3nica y a trav\u00e9s de nuestras redes sociales, con atenci\u00f3n disponible <strong data-start=\"1098\" data-end=\"1144\">las 24 horas del d\u00eda, los 365 d\u00edas del a\u00f1o<\/strong>.<\/p>\t\t\t\t\t\t\t\t<\/div>\n\t\t\t\t<\/div>\n\t\t\t\t\t<\/div>\n\t\t<\/div>\n\t\t\t\t\t<\/div>\n\t\t<\/section>\n\t\t\t\t<section class=\"elementor-section elementor-top-section elementor-element elementor-element-4a9ed5c elementor-section-boxed elementor-section-height-default elementor-section-height-default\" data-id=\"4a9ed5c\" data-element_type=\"section\" data-e-type=\"section\">\n\t\t\t\t\t\t<div class=\"elementor-container elementor-column-gap-default\">\n\t\t\t\t\t<div class=\"elementor-column elementor-col-100 elementor-top-column elementor-element elementor-element-c670f9f\" data-id=\"c670f9f\" data-element_type=\"column\" data-e-type=\"column\">\n\t\t\t<div class=\"elementor-widget-wrap elementor-element-populated\">\n\t\t\t\t\t\t<div class=\"elementor-element elementor-element-febc0d4 elementor-widget elementor-widget-heading\" data-id=\"febc0d4\" data-element_type=\"widget\" data-e-type=\"widget\" data-widget_type=\"heading.default\">\n\t\t\t\t<div class=\"elementor-widget-container\">\n\t\t\t\t\t<h2 class=\"elementor-heading-title elementor-size-default\"><br>M i s i \u00f3 n<\/h2>\t\t\t\t<\/div>\n\t\t\t\t<\/div>\n\t\t\t\t<div class=\"elementor-element elementor-element-b5e8fa5 elementor-widget__width-initial elementor-widget elementor-widget-text-editor\" data-id=\"b5e8fa5\" data-element_type=\"widget\" data-e-type=\"widget\" data-widget_type=\"text-editor.default\">\n\t\t\t\t<div class=\"elementor-widget-container\">\n\t\t\t\t\t\t\t\t\t<p data-pm-slice=\"1 1 []\">Brindar <strong data-start=\"194\" data-end=\"256\">soluciones integrales para el cuidado del agua en piscinas<\/strong>, <strong>albercas, fuentes y cascadas<\/strong> mediante la oferta de <strong data-start=\"280\" data-end=\"321\">productos y servicios de alta calidad<\/strong> que satisfagan plenamente las necesidades de nuestros clientes.<\/p><p data-pm-slice=\"1 1 []\">Nos enfocamos en ofrecer una <strong data-start=\"417\" data-end=\"457\">atenci\u00f3n personalizada y profesional<\/strong>, incorporando constantemente <strong data-start=\"487\" data-end=\"541\">tecnolog\u00edas innovadoras y alternativas sostenibles<\/strong>, con el compromiso de cuidar tanto el bienestar de nuestros usuarios como el del medio ambiente.<\/p>\t\t\t\t\t\t\t\t<\/div>\n\t\t\t\t<\/div>\n\t\t\t\t\t<\/div>\n\t\t<\/div>\n\t\t\t\t\t<\/div>\n\t\t<\/section>\n\t\t\t\t<section class=\"elementor-section elementor-top-section elementor-element elementor-element-cf41a60 elementor-section-boxed elementor-section-height-default elementor-section-height-default\" data-id=\"cf41a60\" data-element_type=\"section\" data-e-type=\"section\">\n\t\t\t\t\t\t<div class=\"elementor-container elementor-column-gap-default\">\n\t\t\t\t\t<div class=\"elementor-column elementor-col-100 elementor-top-column elementor-element elementor-element-297ef0a\" data-id=\"297ef0a\" data-element_type=\"column\" data-e-type=\"column\">\n\t\t\t<div class=\"elementor-widget-wrap elementor-element-populated\">\n\t\t\t\t\t\t<div class=\"elementor-element elementor-element-8b9c4e1 elementor-widget elementor-widget-heading\" data-id=\"8b9c4e1\" data-element_type=\"widget\" data-e-type=\"widget\" data-widget_type=\"heading.default\">\n\t\t\t\t<div class=\"elementor-widget-container\">\n\t\t\t\t\t<h2 class=\"elementor-heading-title elementor-size-default\">V i s i \u00f3 n <\/h2>\t\t\t\t<\/div>\n\t\t\t\t<\/div>\n\t\t\t\t<div class=\"elementor-element elementor-element-5d22957 elementor-widget__width-initial elementor-widget elementor-widget-text-editor\" data-id=\"5d22957\" data-element_type=\"widget\" data-e-type=\"widget\" data-widget_type=\"text-editor.default\">\n\t\t\t\t<div class=\"elementor-widget-container\">\n\t\t\t\t\t\t\t\t\t<p>Expandir nuestros servicios desde el \u00e1mbito local hacia todo el territorio nacional, ofreciendo <strong data-start=\"253\" data-end=\"337\">equipamiento especializado, productos qu\u00edmicos de calidad y servicios integrales<\/strong> para el mantenimiento \u00f3ptimo del agua en piscinas, albercas, fuentes y cascadas.<\/p><p>Nuestro objetivo principal es garantizar resultados a trav\u00e9s de la <strong data-start=\"445\" data-end=\"491\">constante capacitaci\u00f3n de nuestro personal<\/strong> y el uso de <strong data-start=\"504\" data-end=\"551\">plataformas digitales y medios tecnol\u00f3gicos<\/strong>, con los cuales lograremos conectar eficazmente con nuestros clientes y posicionarnos como referentes en el sector.<\/p>\t\t\t\t\t\t\t\t<\/div>\n\t\t\t\t<\/div>\n\t\t\t\t\t<\/div>\n\t\t<\/div>\n\t\t\t\t\t<\/div>\n\t\t<\/section>\n\t\t\t\t<\/div>\n\t\t","protected":false},"excerpt":{"rendered":"<p>Nosotros \u00abCuando se trata de agua&#8230; damos vida a tus ideas y forma a tus proyectos\u00bb Piscinas HIDROSIP nace para cubrir un vac\u00edo en el mercado de albercas, fuentes y cascadas, ofreciendo soluciones profesionales ante la creciente necesidad de contar con verdaderos expertos en el \u00e1rea. Creamos soluciones totalmente a la medida, respaldados por un [&hellip;]<\/p>\n","protected":false},"author":5,"featured_media":0,"parent":0,"menu_order":2,"comment_status":"closed","ping_status":"closed","template":"","meta":{"_uag_custom_page_level_css":"","site-sidebar-layout":"no-sidebar","site-content-layout":"page-builder","ast-site-content-layout":"full-width-container","site-content-style":"unboxed","site-sidebar-style":"unboxed","ast-global-header-display":"","ast-banner-title-visibility":"","ast-main-header-display":"","ast-hfb-above-header-display":"","ast-hfb-below-header-display":"","ast-hfb-mobile-header-display":"","site-post-title":"disabled","ast-breadcrumbs-content":"","ast-featured-img":"disabled","footer-sml-layout":"","theme-transparent-header-meta":"default","adv-header-id-meta":"","stick-header-meta":"","header-above-stick-meta":"","header-main-stick-meta":"","header-below-stick-meta":"","astra-migrate-meta-layouts":"set","ast-page-background-enabled":"default","ast-page-background-meta":{"desktop":{"background-color":"","background-image":"","background-repeat":"repeat","background-position":"center center","background-size":"auto","background-attachment":"scroll","background-type":"","background-media":"","overlay-type":"","overlay-color":"","overlay-opacity":"","overlay-gradient":""},"tablet":{"background-color":"","background-image":"","background-repeat":"repeat","background-position":"center center","background-size":"auto","background-attachment":"scroll","background-type":"","background-media":"","overlay-type":"","overlay-color":"","overlay-opacity":"","overlay-gradient":""},"mobile":{"background-color":"","background-image":"","background-repeat":"repeat","background-position":"center center","background-size":"auto","background-attachment":"scroll","background-type":"","background-media":"","overlay-type":"","overlay-color":"","overlay-opacity":"","overlay-gradient":""}},"ast-content-background-meta":{"desktop":{"background-color":"var(--ast-global-color-5)","background-image":"","background-repeat":"repeat","background-position":"center center","background-size":"auto","background-attachment":"scroll","background-type":"","background-media":"","overlay-type":"","overlay-color":"","overlay-opacity":"","overlay-gradient":""},"tablet":{"background-color":"var(--ast-global-color-5)","background-image":"","background-repeat":"repeat","background-position":"center center","background-size":"auto","background-attachment":"scroll","background-type":"","background-media":"","overlay-type":"","overlay-color":"","overlay-opacity":"","overlay-gradient":""},"mobile":{"background-color":"var(--ast-global-color-5)","background-image":"","background-repeat":"repeat","background-position":"center center","background-size":"auto","background-attachment":"scroll","background-type":"","background-media":"","overlay-type":"","overlay-color":"","overlay-opacity":"","overlay-gradient":""}},"footnotes":""},"class_list":["post-334","page","type-page","status-publish","hentry"],"aioseo_notices":[],"uagb_featured_image_src":{"full":false,"thumbnail":false,"medium":false,"medium_large":false,"large":false,"1536x1536":false,"2048x2048":false},"uagb_author_info":{"display_name":"Olga Fabiola Alc\u00e1ntara Ruiz","author_link":"https:\/\/hidrosip.com\/index.php\/author\/director-general-piscinas-hidrosip\/"},"uagb_comment_info":0,"uagb_excerpt":"Nosotros \u00abCuando se trata de agua&#8230; damos vida a tus ideas y forma a tus proyectos\u00bb Piscinas HIDROSIP nace para cubrir un vac\u00edo en el mercado de albercas, fuentes y cascadas, ofreciendo soluciones profesionales ante la creciente necesidad de contar con verdaderos expertos en el \u00e1rea. Creamos soluciones totalmente a la medida, respaldados por un&hellip;","_links":{"self":[{"href":"https:\/\/hidrosip.com\/index.php\/wp-json\/wp\/v2\/pages\/334","targetHints":{"allow":["GET"]}}],"collection":[{"href":"https:\/\/hidrosip.com\/index.php\/wp-json\/wp\/v2\/pages"}],"about":[{"href":"https:\/\/hidrosip.com\/index.php\/wp-json\/wp\/v2\/types\/page"}],"author":[{"embeddable":true,"href":"https:\/\/hidrosip.com\/index.php\/wp-json\/wp\/v2\/users\/5"}],"replies":[{"embeddable":true,"href":"https:\/\/hidrosip.com\/index.php\/wp-json\/wp\/v2\/comments?post=334"}],"version-history":[{"count":119,"href":"https:\/\/hidrosip.com\/index.php\/wp-json\/wp\/v2\/pages\/334\/revisions"}],"predecessor-version":[{"id":4584,"href":"https:\/\/hidrosip.com\/index.php\/wp-json\/wp\/v2\/pages\/334\/revisions\/4584"}],"wp:attachment":[{"href":"https:\/\/hidrosip.com\/index.php\/wp-json\/wp\/v2\/media?parent=334"}],"curies":[{"name":"wp","href":"https:\/\/api.w.org\/{rel}","templated":true}]}}