{"id":2724,"date":"2023-07-20T20:41:15","date_gmt":"2023-07-20T20:41:15","guid":{"rendered":"https:\/\/hidrosip.com\/?page_id=2724"},"modified":"2024-08-08T17:44:11","modified_gmt":"2024-08-08T17:44:11","slug":"asesorias","status":"publish","type":"page","link":"https:\/\/hidrosip.com\/index.php\/servicios\/asesorias\/","title":{"rendered":"Asesorias"},"content":{"rendered":"\t\t<div data-elementor-type=\"wp-page\" data-elementor-id=\"2724\" class=\"elementor elementor-2724\">\n\t\t\t\t\t\t<section class=\"elementor-section elementor-top-section elementor-element elementor-element-91ea9bc elementor-section-boxed elementor-section-height-default elementor-section-height-default\" data-id=\"91ea9bc\" data-element_type=\"section\" data-e-type=\"section\">\n\t\t\t\t\t\t<div class=\"elementor-container elementor-column-gap-default\">\n\t\t\t\t\t<div class=\"elementor-column elementor-col-100 elementor-top-column elementor-element elementor-element-1bf1434\" data-id=\"1bf1434\" data-element_type=\"column\" data-e-type=\"column\">\n\t\t\t<div class=\"elementor-widget-wrap elementor-element-populated\">\n\t\t\t\t\t\t<div class=\"elementor-element elementor-element-33df78c elementor-widget elementor-widget-heading\" data-id=\"33df78c\" data-element_type=\"widget\" data-e-type=\"widget\" data-widget_type=\"heading.default\">\n\t\t\t\t<div class=\"elementor-widget-container\">\n\t\t\t\t\t<h2 class=\"elementor-heading-title elementor-size-default\">ASESORIAS\n<\/h2>\t\t\t\t<\/div>\n\t\t\t\t<\/div>\n\t\t\t\t<section class=\"elementor-section elementor-inner-section elementor-element elementor-element-a2ba782 elementor-section-boxed elementor-section-height-default elementor-section-height-default\" data-id=\"a2ba782\" data-element_type=\"section\" data-e-type=\"section\">\n\t\t\t\t\t\t<div class=\"elementor-container elementor-column-gap-default\">\n\t\t\t\t\t<div class=\"elementor-column elementor-col-50 elementor-inner-column elementor-element elementor-element-f64d7a4\" data-id=\"f64d7a4\" data-element_type=\"column\" data-e-type=\"column\">\n\t\t\t<div class=\"elementor-widget-wrap elementor-element-populated\">\n\t\t\t\t\t\t<div class=\"elementor-element elementor-element-56cdef1 elementor-widget elementor-widget-text-editor\" data-id=\"56cdef1\" data-element_type=\"widget\" data-e-type=\"widget\" data-widget_type=\"text-editor.default\">\n\t\t\t\t<div class=\"elementor-widget-container\">\n\t\t\t\t\t\t\t\t\t<p><strong>PARA EL TRATAMIENTO DEL AGUA<\/strong><strong>\u00a0<\/strong><\/p>\t\t\t\t\t\t\t\t<\/div>\n\t\t\t\t<\/div>\n\t\t\t\t<div class=\"elementor-element elementor-element-5bd481d elementor-widget elementor-widget-text-editor\" data-id=\"5bd481d\" data-element_type=\"widget\" data-e-type=\"widget\" data-widget_type=\"text-editor.default\">\n\t\t\t\t<div class=\"elementor-widget-container\">\n\t\t\t\t\t\t\t\t\t<p><span style=\"font-size: 16px;\">ASESORIA PRESENCIAL: Nuestro t\u00e9cnico visitar\u00e1 la ubicaci\u00f3n donde se encuentra la piscina para mostrarle a la persona a cargo el tratamiento de agua que deber\u00e1 realizarse, el t\u00e9cnico evaluar\u00e1 la calidad del agua con las herramientas adecuadas,\u00a0 define los productos qu\u00edmicos\u00a0 junto con las medidas que deber\u00e1n ser utilizados de cada uno de ellos y la frecuencia con la que se realiza el tratamiento.<\/span><\/p>\n<p>ASESORIA VIRTUAL: Debido a las distancias de traslado algunas ocasiones las visitas presenciales exceden el presupuesto destinado para la rehabilitaci\u00f3n de agua, es por ello que buscamos una forma m\u00e1s sencillas para solucionar sus necesidades. La asesor\u00eda virtual tendr\u00e1 los mismos objetivos que la presencial a trav\u00e9s de los medios digitales (al contratar una asesor\u00eda virtual se le enviara el link para conectarse en videollamada con el t\u00e9cnico).<\/p>\n<p><img fetchpriority=\"high\" decoding=\"async\" class=\"aligncenter\" src=\"https:\/\/media.istockphoto.com\/id\/1451302625\/es\/vector\/emblema-o-banner-para-el-servicio-de-limpieza-de-piscinas-ilustraci%C3%B3n-vectorial-plana-aislada.jpg?s=612x612&amp;w=0&amp;k=20&amp;c=cFF7ABMEsgb7MehdFh-FS--ZyyhykgpQdoBfzcWL7Os=\" alt=\"560+ Mantenimiento De Piscina Ilustraciones de Stock, gr\u00e1ficos vectoriales  libres de derechos y clip art - iStock\" width=\"337\" height=\"261\" \/><\/p>\t\t\t\t\t\t\t\t<\/div>\n\t\t\t\t<\/div>\n\t\t\t\t\t<\/div>\n\t\t<\/div>\n\t\t\t\t<div class=\"elementor-column elementor-col-50 elementor-inner-column elementor-element elementor-element-6af2eb0\" data-id=\"6af2eb0\" data-element_type=\"column\" data-e-type=\"column\">\n\t\t\t<div class=\"elementor-widget-wrap elementor-element-populated\">\n\t\t\t\t\t\t<div class=\"elementor-element elementor-element-568c97f elementor-widget elementor-widget-text-editor\" data-id=\"568c97f\" data-element_type=\"widget\" data-e-type=\"widget\" data-widget_type=\"text-editor.default\">\n\t\t\t\t<div class=\"elementor-widget-container\">\n\t\t\t\t\t\t\t\t\t<p><strong>PARA LA INSTALACION Y FUNCIONAMIENTO DE EQUIPOS<\/strong><\/p>\t\t\t\t\t\t\t\t<\/div>\n\t\t\t\t<\/div>\n\t\t\t\t<div class=\"elementor-element elementor-element-bbfc441 elementor-widget elementor-widget-text-editor\" data-id=\"bbfc441\" data-element_type=\"widget\" data-e-type=\"widget\" data-widget_type=\"text-editor.default\">\n\t\t\t\t<div class=\"elementor-widget-container\">\n\t\t\t\t\t\t\t\t\t<p>ASESORIA DE INSTALACION: Para obtener una correcta y funcional distribuci\u00f3n tanto hidraulica como del equipo nuestro personal especializado planificar\u00e1 dicha distribuci\u00f3n previamente a la construcci\u00f3n, ya que algunos elementos empotrables deben ser colocados durante el colado en el proceso de construcci\u00f3n de la piscina.<\/p><p>ASESORIA DE FUNCIONAMIENTOS DE EQUIPOS: Nuestros t\u00e9cnicos explican y demuestran a la(s) persona(s) a cargo del funcionamiento de los equipos de la piscina la manera y tiempos correctos para cada uno de los equipos con los que se cuente, buscando asi resolver en el momento cualquier duda sobre el equipo.<\/p><div id=\"elementor-panel-inner\"><footer id=\"elementor-panel-footer\"><img decoding=\"async\" class=\"aligncenter\" src=\"https:\/\/img.freepik.com\/free-vector\/sun-energy-concept-illustration_114360-6380.jpg\" alt=\"P\u00e1gina 5 Im\u00e1genes de Energia Solar Hogares - Descarga gratuita en Freepik, painel solar\" width=\"289\" height=\"289\" \/><\/footer><\/div>\t\t\t\t\t\t\t\t<\/div>\n\t\t\t\t<\/div>\n\t\t\t\t\t<\/div>\n\t\t<\/div>\n\t\t\t\t\t<\/div>\n\t\t<\/section>\n\t\t\t\t\t<\/div>\n\t\t<\/div>\n\t\t\t\t\t<\/div>\n\t\t<\/section>\n\t\t\t\t<\/div>\n\t\t","protected":false},"excerpt":{"rendered":"<p>ASESORIAS PARA EL TRATAMIENTO DEL AGUA\u00a0 ASESORIA PRESENCIAL: Nuestro t\u00e9cnico visitar\u00e1 la ubicaci\u00f3n donde se encuentra la piscina para mostrarle a la persona a cargo el tratamiento de agua que deber\u00e1 realizarse, el t\u00e9cnico evaluar\u00e1 la calidad del agua con las herramientas adecuadas,\u00a0 define los productos qu\u00edmicos\u00a0 junto con las medidas que deber\u00e1n ser utilizados [&hellip;]<\/p>\n","protected":false},"author":5,"featured_media":0,"parent":1197,"menu_order":1,"comment_status":"closed","ping_status":"closed","template":"","meta":{"_uag_custom_page_level_css":"","site-sidebar-layout":"no-sidebar","site-content-layout":"page-builder","ast-site-content-layout":"default","site-content-style":"default","site-sidebar-style":"default","ast-global-header-display":"","ast-banner-title-visibility":"","ast-main-header-display":"","ast-hfb-above-header-display":"","ast-hfb-below-header-display":"","ast-hfb-mobile-header-display":"","site-post-title":"disabled","ast-breadcrumbs-content":"","ast-featured-img":"disabled","footer-sml-layout":"","theme-transparent-header-meta":"","adv-header-id-meta":"","stick-header-meta":"","header-above-stick-meta":"","header-main-stick-meta":"","header-below-stick-meta":"","astra-migrate-meta-layouts":"default","ast-page-background-enabled":"default","ast-page-background-meta":{"desktop":{"background-color":"","background-image":"","background-repeat":"repeat","background-position":"center center","background-size":"auto","background-attachment":"scroll","background-type":"","background-media":"","overlay-type":"","overlay-color":"","overlay-opacity":"","overlay-gradient":""},"tablet":{"background-color":"","background-image":"","background-repeat":"repeat","background-position":"center center","background-size":"auto","background-attachment":"scroll","background-type":"","background-media":"","overlay-type":"","overlay-color":"","overlay-opacity":"","overlay-gradient":""},"mobile":{"background-color":"","background-image":"","background-repeat":"repeat","background-position":"center center","background-size":"auto","background-attachment":"scroll","background-type":"","background-media":"","overlay-type":"","overlay-color":"","overlay-opacity":"","overlay-gradient":""}},"ast-content-background-meta":{"desktop":{"background-color":"var(--ast-global-color-5)","background-image":"","background-repeat":"repeat","background-position":"center center","background-size":"auto","background-attachment":"scroll","background-type":"","background-media":"","overlay-type":"","overlay-color":"","overlay-opacity":"","overlay-gradient":""},"tablet":{"background-color":"var(--ast-global-color-5)","background-image":"","background-repeat":"repeat","background-position":"center center","background-size":"auto","background-attachment":"scroll","background-type":"","background-media":"","overlay-type":"","overlay-color":"","overlay-opacity":"","overlay-gradient":""},"mobile":{"background-color":"var(--ast-global-color-5)","background-image":"","background-repeat":"repeat","background-position":"center center","background-size":"auto","background-attachment":"scroll","background-type":"","background-media":"","overlay-type":"","overlay-color":"","overlay-opacity":"","overlay-gradient":""}},"footnotes":""},"class_list":["post-2724","page","type-page","status-publish","hentry"],"aioseo_notices":[],"uagb_featured_image_src":{"full":false,"thumbnail":false,"medium":false,"medium_large":false,"large":false,"1536x1536":false,"2048x2048":false},"uagb_author_info":{"display_name":"Olga Fabiola Alc\u00e1ntara Ruiz","author_link":"https:\/\/hidrosip.com\/index.php\/author\/director-general-piscinas-hidrosip\/"},"uagb_comment_info":0,"uagb_excerpt":"ASESORIAS PARA EL TRATAMIENTO DEL AGUA\u00a0 ASESORIA PRESENCIAL: Nuestro t\u00e9cnico visitar\u00e1 la ubicaci\u00f3n donde se encuentra la piscina para mostrarle a la persona a cargo el tratamiento de agua que deber\u00e1 realizarse, el t\u00e9cnico evaluar\u00e1 la calidad del agua con las herramientas adecuadas,\u00a0 define los productos qu\u00edmicos\u00a0 junto con las medidas que deber\u00e1n ser utilizados&hellip;","_links":{"self":[{"href":"https:\/\/hidrosip.com\/index.php\/wp-json\/wp\/v2\/pages\/2724","targetHints":{"allow":["GET"]}}],"collection":[{"href":"https:\/\/hidrosip.com\/index.php\/wp-json\/wp\/v2\/pages"}],"about":[{"href":"https:\/\/hidrosip.com\/index.php\/wp-json\/wp\/v2\/types\/page"}],"author":[{"embeddable":true,"href":"https:\/\/hidrosip.com\/index.php\/wp-json\/wp\/v2\/users\/5"}],"replies":[{"embeddable":true,"href":"https:\/\/hidrosip.com\/index.php\/wp-json\/wp\/v2\/comments?post=2724"}],"version-history":[{"count":52,"href":"https:\/\/hidrosip.com\/index.php\/wp-json\/wp\/v2\/pages\/2724\/revisions"}],"predecessor-version":[{"id":4171,"href":"https:\/\/hidrosip.com\/index.php\/wp-json\/wp\/v2\/pages\/2724\/revisions\/4171"}],"up":[{"embeddable":true,"href":"https:\/\/hidrosip.com\/index.php\/wp-json\/wp\/v2\/pages\/1197"}],"wp:attachment":[{"href":"https:\/\/hidrosip.com\/index.php\/wp-json\/wp\/v2\/media?parent=2724"}],"curies":[{"name":"wp","href":"https:\/\/api.w.org\/{rel}","templated":true}]}}