{"id":1499,"date":"2022-10-07T21:27:25","date_gmt":"2022-10-07T21:27:25","guid":{"rendered":"https:\/\/hidrosip.com\/?page_id=1499"},"modified":"2024-08-20T20:52:41","modified_gmt":"2024-08-20T20:52:41","slug":"jacuzzi","status":"publish","type":"page","link":"https:\/\/hidrosip.com\/index.php\/servicios\/jacuzzi\/","title":{"rendered":"Materiales de Instalaci\u00f3n"},"content":{"rendered":"\t\t<div data-elementor-type=\"wp-page\" data-elementor-id=\"1499\" class=\"elementor elementor-1499\">\n\t\t\t\t\t\t<section class=\"elementor-section elementor-top-section elementor-element elementor-element-b384258 elementor-section-boxed elementor-section-height-default elementor-section-height-default\" data-id=\"b384258\" data-element_type=\"section\" data-e-type=\"section\">\n\t\t\t\t\t\t<div class=\"elementor-container elementor-column-gap-default\">\n\t\t\t\t\t<div class=\"elementor-column elementor-col-50 elementor-top-column elementor-element elementor-element-36e8503\" data-id=\"36e8503\" data-element_type=\"column\" data-e-type=\"column\">\n\t\t\t<div class=\"elementor-widget-wrap elementor-element-populated\">\n\t\t\t\t\t\t<div class=\"elementor-element elementor-element-d2e3f4a elementor-widget elementor-widget-heading\" data-id=\"d2e3f4a\" data-element_type=\"widget\" data-e-type=\"widget\" data-widget_type=\"heading.default\">\n\t\t\t\t<div class=\"elementor-widget-container\">\n\t\t\t\t\t<h2 class=\"elementor-heading-title elementor-size-default\">Tuberia de PVC<\/h2>\t\t\t\t<\/div>\n\t\t\t\t<\/div>\n\t\t\t\t<div class=\"elementor-element elementor-element-be9974b elementor-widget elementor-widget-text-editor\" data-id=\"be9974b\" data-element_type=\"widget\" data-e-type=\"widget\" data-widget_type=\"text-editor.default\">\n\t\t\t\t<div class=\"elementor-widget-container\">\n\t\t\t\t\t\t\t\t\t<p>Tuber\u00eda de PVC C\u00e9dula 40 ideal para instalaciones en piscinas o spas, est\u00e1 disponible en di\u00e1metro de 1\/2 y 2 pulgadas y en longitud de 3 metros con un extremo abocinado, lo que permite una m\u00e1s pr\u00e1ctica transportaci\u00f3n, facilidad de instalaci\u00f3n y ahorro en coples.\u00a0<\/p><p>Este producto est\u00e1 certificado por la NSF para su uso para agua potable.<\/p>\t\t\t\t\t\t\t\t<\/div>\n\t\t\t\t<\/div>\n\t\t\t\t\t<\/div>\n\t\t<\/div>\n\t\t\t\t<div class=\"elementor-column elementor-col-50 elementor-top-column elementor-element elementor-element-d2c1151\" data-id=\"d2c1151\" data-element_type=\"column\" data-e-type=\"column\">\n\t\t\t<div class=\"elementor-widget-wrap elementor-element-populated\">\n\t\t\t\t\t\t<div class=\"elementor-element elementor-element-6715eae elementor-widget elementor-widget-text-editor\" data-id=\"6715eae\" data-element_type=\"widget\" data-e-type=\"widget\" data-widget_type=\"text-editor.default\">\n\t\t\t\t<div class=\"elementor-widget-container\">\n\t\t\t\t\t\t\t\t\t<p><img fetchpriority=\"high\" decoding=\"async\" class=\"\" src=\"http:\/\/dht.com.mx\/wp-content\/uploads\/2019\/06\/image136.png\" width=\"289\" height=\"193\" \/><\/p>\t\t\t\t\t\t\t\t<\/div>\n\t\t\t\t<\/div>\n\t\t\t\t\t<\/div>\n\t\t<\/div>\n\t\t\t\t\t<\/div>\n\t\t<\/section>\n\t\t\t\t<section class=\"elementor-section elementor-top-section elementor-element elementor-element-7d9bb29 elementor-section-boxed elementor-section-height-default elementor-section-height-default\" data-id=\"7d9bb29\" data-element_type=\"section\" data-e-type=\"section\">\n\t\t\t\t\t\t<div class=\"elementor-container elementor-column-gap-default\">\n\t\t\t\t\t<div class=\"elementor-column elementor-col-50 elementor-top-column elementor-element elementor-element-f7d49d7\" data-id=\"f7d49d7\" data-element_type=\"column\" data-e-type=\"column\">\n\t\t\t<div class=\"elementor-widget-wrap elementor-element-populated\">\n\t\t\t\t\t\t<div class=\"elementor-element elementor-element-0b26610 elementor-widget elementor-widget-heading\" data-id=\"0b26610\" data-element_type=\"widget\" data-e-type=\"widget\" data-widget_type=\"heading.default\">\n\t\t\t\t<div class=\"elementor-widget-container\">\n\t\t\t\t\t<h2 class=\"elementor-heading-title elementor-size-default\">Conexiones <\/h2>\t\t\t\t<\/div>\n\t\t\t\t<\/div>\n\t\t\t\t<div class=\"elementor-element elementor-element-0b69b3e elementor-widget elementor-widget-text-editor\" data-id=\"0b69b3e\" data-element_type=\"widget\" data-e-type=\"widget\" data-widget_type=\"text-editor.default\">\n\t\t\t\t<div class=\"elementor-widget-container\">\n\t\t\t\t\t\t\t\t\t<p>Contamos con una amplia gama de conexiones para cualquier necesidad de su instalaci\u00f3n para piscina y spa, su sistema cementar de f\u00e1cil acople le ahorratiempo y dinero ya que no requiere de herramientas costosas o complejas. Solo utilice nuestros pegamentos para PVC, inserte, deje secar y disfrutar\u00e1 de una instalaci\u00f3n confiable.<\/p><p>Cumplen con los est\u00e1ndares de ASTM, SDWA y ANSI\/NSF.<\/p>\t\t\t\t\t\t\t\t<\/div>\n\t\t\t\t<\/div>\n\t\t\t\t<div class=\"elementor-element elementor-element-4ed6ec9 elementor-widget elementor-widget-button\" data-id=\"4ed6ec9\" data-element_type=\"widget\" data-e-type=\"widget\" data-widget_type=\"button.default\">\n\t\t\t\t<div class=\"elementor-widget-container\">\n\t\t\t\t\t\t\t\t\t<div class=\"elementor-button-wrapper\">\n\t\t\t\t\t<a class=\"elementor-button elementor-button-link elementor-size-sm\" href=\"https:\/\/hidrosip.com\/index.php\/servicios\/jacuzzi\/conexiones\/\">\n\t\t\t\t\t\t<span class=\"elementor-button-content-wrapper\">\n\t\t\t\t\t\t\t\t\t<span class=\"elementor-button-text\">Haz click aqu\u00ed<\/span>\n\t\t\t\t\t<\/span>\n\t\t\t\t\t<\/a>\n\t\t\t\t<\/div>\n\t\t\t\t\t\t\t\t<\/div>\n\t\t\t\t<\/div>\n\t\t\t\t\t<\/div>\n\t\t<\/div>\n\t\t\t\t<div class=\"elementor-column elementor-col-50 elementor-top-column elementor-element elementor-element-4e2a801\" data-id=\"4e2a801\" data-element_type=\"column\" data-e-type=\"column\">\n\t\t\t<div class=\"elementor-widget-wrap elementor-element-populated\">\n\t\t\t\t\t\t<div class=\"elementor-element elementor-element-03e58f2 elementor-widget elementor-widget-text-editor\" data-id=\"03e58f2\" data-element_type=\"widget\" data-e-type=\"widget\" data-widget_type=\"text-editor.default\">\n\t\t\t\t<div class=\"elementor-widget-container\">\n\t\t\t\t\t\t\t\t\t<p><img decoding=\"async\" class=\"aligncenter\" src=\"https:\/\/cdn.shopify.com\/s\/files\/1\/0455\/6410\/0775\/products\/IM1_9fb1bfb0-de5d-470d-9e6d-2c6705ae32c5@2x.jpg?v=1620930506\" alt=\"Adaptador Macho PVC 1 1\/2&quot; C\u00e9dula 40 Cementar - Roscar LASCO \u2013 AQUADUSA\" width=\"146\" height=\"146\" \/><\/p><p><img decoding=\"async\" class=\"aligncenter\" src=\"https:\/\/www.construrama.com\/medias\/?context=bWFzdGVyfGltYWdlc3wxNDU5MXxpbWFnZS9qcGVnfGltYWdlcy9oNGEvaDkzLzg4NDg3MDg5OTMwNTQuanBnfDMxMjEzMGNkNmE5Nzk1MGFiOTc3MzI3Y2ZjMDE5YzBjMTdlYjkzMGJlNWFkZGM3Y2IzODIzMTJhYzY2NGVhM2Q\" alt=\"Cresco, Adaptador Hembra 1\/2&quot; PVC C\u00e9dula 40 CR, Pieza | Construrama - Promexma Oaxaca\" width=\"146\" height=\"146\" \/><\/p>\t\t\t\t\t\t\t\t<\/div>\n\t\t\t\t<\/div>\n\t\t\t\t\t<\/div>\n\t\t<\/div>\n\t\t\t\t\t<\/div>\n\t\t<\/section>\n\t\t\t\t<section class=\"elementor-section elementor-top-section elementor-element elementor-element-15a5092 elementor-section-boxed elementor-section-height-default elementor-section-height-default\" data-id=\"15a5092\" data-element_type=\"section\" data-e-type=\"section\">\n\t\t\t\t\t\t<div class=\"elementor-container elementor-column-gap-default\">\n\t\t\t\t\t<div class=\"elementor-column elementor-col-100 elementor-top-column elementor-element elementor-element-d5827af\" data-id=\"d5827af\" data-element_type=\"column\" data-e-type=\"column\">\n\t\t\t<div class=\"elementor-widget-wrap\">\n\t\t\t\t\t\t\t<\/div>\n\t\t<\/div>\n\t\t\t\t\t<\/div>\n\t\t<\/section>\n\t\t\t\t<section class=\"elementor-section elementor-top-section elementor-element elementor-element-7a89796 elementor-section-boxed elementor-section-height-default elementor-section-height-default\" data-id=\"7a89796\" data-element_type=\"section\" data-e-type=\"section\">\n\t\t\t\t\t\t<div class=\"elementor-container elementor-column-gap-default\">\n\t\t\t\t\t<div class=\"elementor-column elementor-col-50 elementor-top-column elementor-element elementor-element-6ba46b7\" data-id=\"6ba46b7\" data-element_type=\"column\" data-e-type=\"column\">\n\t\t\t<div class=\"elementor-widget-wrap elementor-element-populated\">\n\t\t\t\t\t\t<div class=\"elementor-element elementor-element-39427e5 elementor-widget elementor-widget-heading\" data-id=\"39427e5\" data-element_type=\"widget\" data-e-type=\"widget\" data-widget_type=\"heading.default\">\n\t\t\t\t<div class=\"elementor-widget-container\">\n\t\t\t\t\t<h2 class=\"elementor-heading-title elementor-size-default\">V\u00e1lvulas de PVC<\/h2>\t\t\t\t<\/div>\n\t\t\t\t<\/div>\n\t\t\t\t<div class=\"elementor-element elementor-element-04518ea elementor-widget elementor-widget-text-editor\" data-id=\"04518ea\" data-element_type=\"widget\" data-e-type=\"widget\" data-widget_type=\"text-editor.default\">\n\t\t\t\t<div class=\"elementor-widget-container\">\n\t\t\t\t\t\t\t\t\t<p>Las v\u00e1lculas de PVC C\u00e9dula 40 Tecno Plastics le ofrecen una pr\u00e1ctica y muy sencilla manera de controlar el flujo de sus sistemas de agua para piscinas y spas.\u00a0<\/p><p>Como parte de nuestro sistema integral de instalaci\u00f3, le ofrece la confiabilidad y rendimiento necesario adem\u00e1s de contar con la certificaci\u00f3n de la NSF para su uso para agua potable.<\/p><p>V\u00e1lvula de esfera: Permite o evita el paso de agua de forma manual<\/p><p>V\u00e1lvula check: Permite el paso del agua sin regreso\u00a0<\/p>\t\t\t\t\t\t\t\t<\/div>\n\t\t\t\t<\/div>\n\t\t\t\t\t<\/div>\n\t\t<\/div>\n\t\t\t\t<div class=\"elementor-column elementor-col-50 elementor-top-column elementor-element elementor-element-8549a7b\" data-id=\"8549a7b\" data-element_type=\"column\" data-e-type=\"column\">\n\t\t\t<div class=\"elementor-widget-wrap elementor-element-populated\">\n\t\t\t\t\t\t<div class=\"elementor-element elementor-element-bad93b9 elementor-widget__width-initial elementor-widget elementor-widget-text-editor\" data-id=\"bad93b9\" data-element_type=\"widget\" data-e-type=\"widget\" data-widget_type=\"text-editor.default\">\n\t\t\t\t<div class=\"elementor-widget-container\">\n\t\t\t\t\t\t\t\t\t<p>\u00a0 \u00a0 \u00a0 \u00a0 \u00a0 \u00a0 \u00a0 \u00a0 \u00a0 \u00a0 <img loading=\"lazy\" decoding=\"async\" class=\"\" src=\"https:\/\/www.pcqenlinea.com.mx\/sites\/default\/files\/styles\/pcqro1982x714\/public\/product\/2020-05\/901D-457038.jpg?itok=sGCmWC5G\" alt=\"VALVULA ESFERA-PVC ROSCABLE 38MM DICA 4570.38 901D-457038 | PCQRO\" width=\"155\" height=\"138\" \/>\u00a0 \u00a0 \u00a0 V\u00e1lvula de esfera<\/p><p>\u00a0 \u00a0 \u00a0 \u00a0 \u00a0 \u00a0 \u00a0 \u00a0 \u00a0 \u00a0 \u00a0 \u00a0<img loading=\"lazy\" decoding=\"async\" class=\"\" src=\"https:\/\/m.media-amazon.com\/images\/I\/81c2cLTe08L.jpg\" alt=\"Waterway Plastics 600-7010 TruSeal V\u00e1lvula de retenci\u00f3n de oscilaci\u00f3n : Amazon.com.mx: Industria, Empresas y Ciencia\" width=\"163\" height=\"139\" \/>\u00a0 V\u00e1lvula check<\/p>\t\t\t\t\t\t\t\t<\/div>\n\t\t\t\t<\/div>\n\t\t\t\t\t<\/div>\n\t\t<\/div>\n\t\t\t\t\t<\/div>\n\t\t<\/section>\n\t\t\t\t<section class=\"elementor-section elementor-top-section elementor-element elementor-element-7ff2d54 elementor-section-boxed elementor-section-height-default elementor-section-height-default\" data-id=\"7ff2d54\" data-element_type=\"section\" data-e-type=\"section\">\n\t\t\t\t\t\t<div class=\"elementor-container elementor-column-gap-default\">\n\t\t\t\t\t<div class=\"elementor-column elementor-col-50 elementor-top-column elementor-element elementor-element-38f0fbc\" data-id=\"38f0fbc\" data-element_type=\"column\" data-e-type=\"column\">\n\t\t\t<div class=\"elementor-widget-wrap elementor-element-populated\">\n\t\t\t\t\t\t<div class=\"elementor-element elementor-element-d88def3 elementor-widget elementor-widget-heading\" data-id=\"d88def3\" data-element_type=\"widget\" data-e-type=\"widget\" data-widget_type=\"heading.default\">\n\t\t\t\t<div class=\"elementor-widget-container\">\n\t\t\t\t\t<h2 class=\"elementor-heading-title elementor-size-default\">Pegamentos<\/h2>\t\t\t\t<\/div>\n\t\t\t\t<\/div>\n\t\t\t\t<div class=\"elementor-element elementor-element-63ffa70 elementor-widget elementor-widget-text-editor\" data-id=\"63ffa70\" data-element_type=\"widget\" data-e-type=\"widget\" data-widget_type=\"text-editor.default\">\n\t\t\t\t<div class=\"elementor-widget-container\">\n\t\t\t\t\t\t\t\t\t<p>Con nuestros pegamentos especiales para instalaciones en piscinas y spas, usted cuenta con opciones de secado medio y ultra r\u00e1pido. Nuestro pegamento cumple con los est\u00e1ndares de ASTM y ANSI\/NSF lo que le garantiza, en conjunto con nuestras tuber\u00eda, conexiones y v\u00e1lvulas, un sistema integral dise\u00f1ado para sus necesidades particulares.<\/p>\t\t\t\t\t\t\t\t<\/div>\n\t\t\t\t<\/div>\n\t\t\t\t\t<\/div>\n\t\t<\/div>\n\t\t\t\t<div class=\"elementor-column elementor-col-50 elementor-top-column elementor-element elementor-element-d436bcd\" data-id=\"d436bcd\" data-element_type=\"column\" data-e-type=\"column\">\n\t\t\t<div class=\"elementor-widget-wrap elementor-element-populated\">\n\t\t\t\t\t\t<div class=\"elementor-element elementor-element-5a36c60 elementor-widget elementor-widget-text-editor\" data-id=\"5a36c60\" data-element_type=\"widget\" data-e-type=\"widget\" data-widget_type=\"text-editor.default\">\n\t\t\t\t<div class=\"elementor-widget-container\">\n\t\t\t\t\t\t\t\t\t<p><img loading=\"lazy\" decoding=\"async\" class=\"aligncenter\" src=\"https:\/\/static.grainger.com\/rp\/s\/is\/image\/Grainger\/3NZW7_AS01?$zmmain$\" alt=\"Cemento , Azul , Tama\u00f1o (Oz.) 8 , para Tuber\u00eda PVC y Acoples\" width=\"211\" height=\"211\" \/><\/p>\t\t\t\t\t\t\t\t<\/div>\n\t\t\t\t<\/div>\n\t\t\t\t\t<\/div>\n\t\t<\/div>\n\t\t\t\t\t<\/div>\n\t\t<\/section>\n\t\t\t\t<section class=\"elementor-section elementor-top-section elementor-element elementor-element-229d918 elementor-section-boxed elementor-section-height-default elementor-section-height-default\" data-id=\"229d918\" data-element_type=\"section\" data-e-type=\"section\">\n\t\t\t\t\t\t<div class=\"elementor-container elementor-column-gap-default\">\n\t\t\t\t\t<div class=\"elementor-column elementor-col-50 elementor-top-column elementor-element elementor-element-7caa72a\" data-id=\"7caa72a\" data-element_type=\"column\" data-e-type=\"column\">\n\t\t\t<div class=\"elementor-widget-wrap elementor-element-populated\">\n\t\t\t\t\t\t<div class=\"elementor-element elementor-element-e850eb6 elementor-widget elementor-widget-heading\" data-id=\"e850eb6\" data-element_type=\"widget\" data-e-type=\"widget\" data-widget_type=\"heading.default\">\n\t\t\t\t<div class=\"elementor-widget-container\">\n\t\t\t\t\t<h2 class=\"elementor-heading-title elementor-size-default\">Limpiadores para pegamento<\/h2>\t\t\t\t<\/div>\n\t\t\t\t<\/div>\n\t\t\t\t<div class=\"elementor-element elementor-element-c8e74cb elementor-widget elementor-widget-text-editor\" data-id=\"c8e74cb\" data-element_type=\"widget\" data-e-type=\"widget\" data-widget_type=\"text-editor.default\">\n\t\t\t\t<div class=\"elementor-widget-container\">\n\t\t\t\t\t\t\t\t\t<p>F\u00f3rmula de bajo VOC para la eliminaci\u00f3n de aceite y grasa de las superficies de tuber\u00edas y accesorios de PVC, CPVC, ABS y ESTIRENO.\u00a0<\/p><p>Recomendado para usar antes de imprimar las tuber\u00edas y accesorios.<\/p>\t\t\t\t\t\t\t\t<\/div>\n\t\t\t\t<\/div>\n\t\t\t\t\t<\/div>\n\t\t<\/div>\n\t\t\t\t<div class=\"elementor-column elementor-col-50 elementor-top-column elementor-element elementor-element-e4095d0\" data-id=\"e4095d0\" data-element_type=\"column\" data-e-type=\"column\">\n\t\t\t<div class=\"elementor-widget-wrap elementor-element-populated\">\n\t\t\t\t\t\t<div class=\"elementor-element elementor-element-542c683 elementor-widget elementor-widget-text-editor\" data-id=\"542c683\" data-element_type=\"widget\" data-e-type=\"widget\" data-widget_type=\"text-editor.default\">\n\t\t\t\t<div class=\"elementor-widget-container\">\n\t\t\t\t\t\t\t\t\t<p><img loading=\"lazy\" decoding=\"async\" class=\"\" src=\"https:\/\/http2.mlstatic.com\/D_NQ_NP_812445-MLM47401178095_092021-O.webp\" alt=\"Weld On Limpiador Para Pvc, 1\/2 Lt. C65 | MercadoLibre\" width=\"156\" height=\"216\" \/><\/p>\t\t\t\t\t\t\t\t<\/div>\n\t\t\t\t<\/div>\n\t\t\t\t\t<\/div>\n\t\t<\/div>\n\t\t\t\t\t<\/div>\n\t\t<\/section>\n\t\t\t\t<section class=\"elementor-section elementor-top-section elementor-element elementor-element-707e894 elementor-section-boxed elementor-section-height-default elementor-section-height-default\" data-id=\"707e894\" data-element_type=\"section\" data-e-type=\"section\">\n\t\t\t\t\t\t<div class=\"elementor-container elementor-column-gap-default\">\n\t\t\t\t\t<div class=\"elementor-column elementor-col-50 elementor-top-column elementor-element elementor-element-3deb54d\" data-id=\"3deb54d\" data-element_type=\"column\" data-e-type=\"column\">\n\t\t\t<div class=\"elementor-widget-wrap elementor-element-populated\">\n\t\t\t\t\t\t<div class=\"elementor-element elementor-element-346f8af elementor-widget elementor-widget-heading\" data-id=\"346f8af\" data-element_type=\"widget\" data-e-type=\"widget\" data-widget_type=\"heading.default\">\n\t\t\t\t<div class=\"elementor-widget-container\">\n\t\t\t\t\t<h2 class=\"elementor-heading-title elementor-size-default\">Primers para pegamento<\/h2>\t\t\t\t<\/div>\n\t\t\t\t<\/div>\n\t\t\t\t<div class=\"elementor-element elementor-element-7c2edee elementor-widget elementor-widget-text-editor\" data-id=\"7c2edee\" data-element_type=\"widget\" data-e-type=\"widget\" data-widget_type=\"text-editor.default\">\n\t\t\t\t<div class=\"elementor-widget-container\">\n\t\t\t\t\t\t\t\t\t<p>Imprimador de acci\u00f3n r\u00e1pida, ultrabajo en VOC, transparente o morado que ablanda y disuelve r\u00e1pidamente las superficies de uni\u00f3n de tuber\u00edas y accesorios de PVC y CPVC antes de la aplicaci\u00f3n de cemento solvente.<\/p>\t\t\t\t\t\t\t\t<\/div>\n\t\t\t\t<\/div>\n\t\t\t\t\t<\/div>\n\t\t<\/div>\n\t\t\t\t<div class=\"elementor-column elementor-col-50 elementor-top-column elementor-element elementor-element-a7150cb\" data-id=\"a7150cb\" data-element_type=\"column\" data-e-type=\"column\">\n\t\t\t<div class=\"elementor-widget-wrap elementor-element-populated\">\n\t\t\t\t\t\t<div class=\"elementor-element elementor-element-63e981f elementor-widget elementor-widget-text-editor\" data-id=\"63e981f\" data-element_type=\"widget\" data-e-type=\"widget\" data-widget_type=\"text-editor.default\">\n\t\t\t\t<div class=\"elementor-widget-container\">\n\t\t\t\t\t\t\t\t\t<p><img loading=\"lazy\" decoding=\"async\" class=\"\" src=\"https:\/\/http2.mlstatic.com\/D_NQ_NP_829101-MLM47608602743_092021-O.webp\" alt=\"Weld On Para Pvc, 1\/2 Lt. P68 Primer | MercadoLibre\" width=\"154\" height=\"194\" \/><\/p>\t\t\t\t\t\t\t\t<\/div>\n\t\t\t\t<\/div>\n\t\t\t\t\t<\/div>\n\t\t<\/div>\n\t\t\t\t\t<\/div>\n\t\t<\/section>\n\t\t\t\t<\/div>\n\t\t","protected":false},"excerpt":{"rendered":"<p>Tuberia de PVC Tuber\u00eda de PVC C\u00e9dula 40 ideal para instalaciones en piscinas o spas, est\u00e1 disponible en di\u00e1metro de 1\/2 y 2 pulgadas y en longitud de 3 metros con un extremo abocinado, lo que permite una m\u00e1s pr\u00e1ctica transportaci\u00f3n, facilidad de instalaci\u00f3n y ahorro en coples.\u00a0 Este producto est\u00e1 certificado por la NSF [&hellip;]<\/p>\n","protected":false},"author":5,"featured_media":0,"parent":1197,"menu_order":4,"comment_status":"closed","ping_status":"closed","template":"","meta":{"_uag_custom_page_level_css":"","site-sidebar-layout":"no-sidebar","site-content-layout":"page-builder","ast-site-content-layout":"default","site-content-style":"default","site-sidebar-style":"default","ast-global-header-display":"","ast-banner-title-visibility":"","ast-main-header-display":"","ast-hfb-above-header-display":"","ast-hfb-below-header-display":"","ast-hfb-mobile-header-display":"","site-post-title":"disabled","ast-breadcrumbs-content":"","ast-featured-img":"disabled","footer-sml-layout":"","theme-transparent-header-meta":"default","adv-header-id-meta":"","stick-header-meta":"","header-above-stick-meta":"","header-main-stick-meta":"","header-below-stick-meta":"","astra-migrate-meta-layouts":"default","ast-page-background-enabled":"default","ast-page-background-meta":{"desktop":{"background-color":"","background-image":"","background-repeat":"repeat","background-position":"center center","background-size":"auto","background-attachment":"scroll","background-type":"","background-media":"","overlay-type":"","overlay-color":"","overlay-opacity":"","overlay-gradient":""},"tablet":{"background-color":"","background-image":"","background-repeat":"repeat","background-position":"center center","background-size":"auto","background-attachment":"scroll","background-type":"","background-media":"","overlay-type":"","overlay-color":"","overlay-opacity":"","overlay-gradient":""},"mobile":{"background-color":"","background-image":"","background-repeat":"repeat","background-position":"center center","background-size":"auto","background-attachment":"scroll","background-type":"","background-media":"","overlay-type":"","overlay-color":"","overlay-opacity":"","overlay-gradient":""}},"ast-content-background-meta":{"desktop":{"background-color":"var(--ast-global-color-5)","background-image":"","background-repeat":"repeat","background-position":"center center","background-size":"auto","background-attachment":"scroll","background-type":"","background-media":"","overlay-type":"","overlay-color":"","overlay-opacity":"","overlay-gradient":""},"tablet":{"background-color":"var(--ast-global-color-5)","background-image":"","background-repeat":"repeat","background-position":"center center","background-size":"auto","background-attachment":"scroll","background-type":"","background-media":"","overlay-type":"","overlay-color":"","overlay-opacity":"","overlay-gradient":""},"mobile":{"background-color":"var(--ast-global-color-5)","background-image":"","background-repeat":"repeat","background-position":"center center","background-size":"auto","background-attachment":"scroll","background-type":"","background-media":"","overlay-type":"","overlay-color":"","overlay-opacity":"","overlay-gradient":""}},"footnotes":""},"class_list":["post-1499","page","type-page","status-publish","hentry"],"aioseo_notices":[],"uagb_featured_image_src":{"full":false,"thumbnail":false,"medium":false,"medium_large":false,"large":false,"1536x1536":false,"2048x2048":false},"uagb_author_info":{"display_name":"Olga Fabiola Alc\u00e1ntara Ruiz","author_link":"https:\/\/hidrosip.com\/index.php\/author\/director-general-piscinas-hidrosip\/"},"uagb_comment_info":0,"uagb_excerpt":"Tuberia de PVC Tuber\u00eda de PVC C\u00e9dula 40 ideal para instalaciones en piscinas o spas, est\u00e1 disponible en di\u00e1metro de 1\/2 y 2 pulgadas y en longitud de 3 metros con un extremo abocinado, lo que permite una m\u00e1s pr\u00e1ctica transportaci\u00f3n, facilidad de instalaci\u00f3n y ahorro en coples.\u00a0 Este producto est\u00e1 certificado por la NSF&hellip;","_links":{"self":[{"href":"https:\/\/hidrosip.com\/index.php\/wp-json\/wp\/v2\/pages\/1499","targetHints":{"allow":["GET"]}}],"collection":[{"href":"https:\/\/hidrosip.com\/index.php\/wp-json\/wp\/v2\/pages"}],"about":[{"href":"https:\/\/hidrosip.com\/index.php\/wp-json\/wp\/v2\/types\/page"}],"author":[{"embeddable":true,"href":"https:\/\/hidrosip.com\/index.php\/wp-json\/wp\/v2\/users\/5"}],"replies":[{"embeddable":true,"href":"https:\/\/hidrosip.com\/index.php\/wp-json\/wp\/v2\/comments?post=1499"}],"version-history":[{"count":89,"href":"https:\/\/hidrosip.com\/index.php\/wp-json\/wp\/v2\/pages\/1499\/revisions"}],"predecessor-version":[{"id":4402,"href":"https:\/\/hidrosip.com\/index.php\/wp-json\/wp\/v2\/pages\/1499\/revisions\/4402"}],"up":[{"embeddable":true,"href":"https:\/\/hidrosip.com\/index.php\/wp-json\/wp\/v2\/pages\/1197"}],"wp:attachment":[{"href":"https:\/\/hidrosip.com\/index.php\/wp-json\/wp\/v2\/media?parent=1499"}],"curies":[{"name":"wp","href":"https:\/\/api.w.org\/{rel}","templated":true}]}}