{"id":1439,"date":"2022-10-07T19:52:08","date_gmt":"2022-10-07T19:52:08","guid":{"rendered":"https:\/\/hidrosip.com\/?page_id=1439"},"modified":"2024-08-19T22:03:53","modified_gmt":"2024-08-19T22:03:53","slug":"accesorios-de-seguridad","status":"publish","type":"page","link":"https:\/\/hidrosip.com\/index.php\/equipos\/accesorios-de-seguridad\/","title":{"rendered":"Seguridad"},"content":{"rendered":"\t\t<div data-elementor-type=\"wp-page\" data-elementor-id=\"1439\" class=\"elementor elementor-1439\">\n\t\t\t\t\t\t<section class=\"elementor-section elementor-top-section elementor-element elementor-element-717efd6 elementor-section-boxed elementor-section-height-default elementor-section-height-default\" data-id=\"717efd6\" data-element_type=\"section\" data-e-type=\"section\">\n\t\t\t\t\t\t<div class=\"elementor-container elementor-column-gap-default\">\n\t\t\t\t\t<div class=\"elementor-column elementor-col-100 elementor-top-column elementor-element elementor-element-54bb557\" data-id=\"54bb557\" data-element_type=\"column\" data-e-type=\"column\">\n\t\t\t<div class=\"elementor-widget-wrap elementor-element-populated\">\n\t\t\t\t\t\t<div class=\"elementor-element elementor-element-15d7366 elementor-widget elementor-widget-heading\" data-id=\"15d7366\" data-element_type=\"widget\" data-e-type=\"widget\" data-widget_type=\"heading.default\">\n\t\t\t\t<div class=\"elementor-widget-container\">\n\t\t\t\t\t<h2 class=\"elementor-heading-title elementor-size-default\">Cubiertas de seguridad<\/h2>\t\t\t\t<\/div>\n\t\t\t\t<\/div>\n\t\t\t\t<section class=\"elementor-section elementor-inner-section elementor-element elementor-element-aeef38d elementor-section-boxed elementor-section-height-default elementor-section-height-default\" data-id=\"aeef38d\" data-element_type=\"section\" data-e-type=\"section\">\n\t\t\t\t\t\t<div class=\"elementor-container elementor-column-gap-default\">\n\t\t\t\t\t<div class=\"elementor-column elementor-col-50 elementor-inner-column elementor-element elementor-element-6f6b48c\" data-id=\"6f6b48c\" data-element_type=\"column\" data-e-type=\"column\">\n\t\t\t<div class=\"elementor-widget-wrap elementor-element-populated\">\n\t\t\t\t\t\t<div class=\"elementor-element elementor-element-01d0c31 elementor-widget elementor-widget-text-editor\" data-id=\"01d0c31\" data-element_type=\"widget\" data-e-type=\"widget\" data-widget_type=\"text-editor.default\">\n\t\t\t\t<div class=\"elementor-widget-container\">\n\t\t\t\t\t\t\t\t\t<p><strong>AUTOM\u00c1TICAS Y MANUALES<\/strong><\/p><p><img decoding=\"async\" src=\"https:\/\/www.eurospapoolnews.com\/galerie\/news\/t2_Les-couvertures-de-piscine-4-saisons-AquaGuard-1579605827.jpg\" alt=\"El \u00e9xito de las cubiertas de seguridad para piscinas T&amp;A | Eurospapoolnews.com\" \/><\/p>\t\t\t\t\t\t\t\t<\/div>\n\t\t\t\t<\/div>\n\t\t\t\t<div class=\"elementor-element elementor-element-1a7412b elementor-widget elementor-widget-text-editor\" data-id=\"1a7412b\" data-element_type=\"widget\" data-e-type=\"widget\" data-widget_type=\"text-editor.default\">\n\t\t\t\t<div class=\"elementor-widget-container\">\n\t\t\t\t\t\t\t\t\t<p>Las cubierta seguridad de alta resistencia con s\u00f3lo tocar un bot\u00f3n, previene caidas de ni\u00f1os o mascotas en la piscina, reduce los costos de electricidad a un 50% en su uso al igual que los costos de mantenimiento, evita la evaporaci\u00f3n del agua y productos qu\u00edmicos al 90%\u00a0 manteniendo su piscina libre de suciedad.<\/p>\t\t\t\t\t\t\t\t<\/div>\n\t\t\t\t<\/div>\n\t\t\t\t\t<\/div>\n\t\t<\/div>\n\t\t\t\t<div class=\"elementor-column elementor-col-50 elementor-inner-column elementor-element elementor-element-1eb9db9\" data-id=\"1eb9db9\" data-element_type=\"column\" data-e-type=\"column\">\n\t\t\t<div class=\"elementor-widget-wrap elementor-element-populated\">\n\t\t\t\t\t\t<div class=\"elementor-element elementor-element-f9209c0 elementor-widget elementor-widget-text-editor\" data-id=\"f9209c0\" data-element_type=\"widget\" data-e-type=\"widget\" data-widget_type=\"text-editor.default\">\n\t\t\t\t<div class=\"elementor-widget-container\">\n\t\t\t\t\t\t\t\t\t<p><strong>DE ANCLAS<\/strong><\/p><p><img fetchpriority=\"high\" decoding=\"async\" class=\"aligncenter\" src=\"https:\/\/static.wixstatic.com\/media\/9aae53_eaff6ff0808a4db8b0873865ce97c235~mv2.jpg\/v1\/fill\/w_560,h_380,al_c,q_80,usm_0.66_1.00_0.01,enc_auto\/9aae53_eaff6ff0808a4db8b0873865ce97c235~mv2.jpg\" alt=\"Cubiertas de seguridad, Protecci\u00f3n para albercas\" width=\"360\" height=\"244\" \/><\/p>\t\t\t\t\t\t\t\t<\/div>\n\t\t\t\t<\/div>\n\t\t\t\t<div class=\"elementor-element elementor-element-23ffda7 elementor-widget elementor-widget-text-editor\" data-id=\"23ffda7\" data-element_type=\"widget\" data-e-type=\"widget\" data-widget_type=\"text-editor.default\">\n\t\t\t\t<div class=\"elementor-widget-container\">\n\t\t\t\t\t\t\t\t\t<p>Las cubiertas de seguridad de anclaje cuentan son de alta resistencia, faciles de instalar y desinstalar. Adem\u00e0s, se pueden ordenar en rect\u00e1ngulos est\u00e1ndar o pedir que se fabriquen a la medida ajustandose al tama\u00f1o o forma de la piscina<\/p>\t\t\t\t\t\t\t\t<\/div>\n\t\t\t\t<\/div>\n\t\t\t\t\t<\/div>\n\t\t<\/div>\n\t\t\t\t\t<\/div>\n\t\t<\/section>\n\t\t\t\t\t<\/div>\n\t\t<\/div>\n\t\t\t\t\t<\/div>\n\t\t<\/section>\n\t\t\t\t<section class=\"elementor-section elementor-top-section elementor-element elementor-element-06d51c7 elementor-section-boxed elementor-section-height-default elementor-section-height-default\" data-id=\"06d51c7\" data-element_type=\"section\" data-e-type=\"section\">\n\t\t\t\t\t\t<div class=\"elementor-container elementor-column-gap-default\">\n\t\t\t\t\t<div class=\"elementor-column elementor-col-50 elementor-top-column elementor-element elementor-element-d004e9e\" data-id=\"d004e9e\" data-element_type=\"column\" data-e-type=\"column\">\n\t\t\t<div class=\"elementor-widget-wrap elementor-element-populated\">\n\t\t\t\t\t\t<div class=\"elementor-element elementor-element-ec4e449 elementor-widget elementor-widget-heading\" data-id=\"ec4e449\" data-element_type=\"widget\" data-e-type=\"widget\" data-widget_type=\"heading.default\">\n\t\t\t\t<div class=\"elementor-widget-container\">\n\t\t\t\t\t<h2 class=\"elementor-heading-title elementor-size-default\">Bardas Perimetrales<\/h2>\t\t\t\t<\/div>\n\t\t\t\t<\/div>\n\t\t\t\t<div class=\"elementor-element elementor-element-998fdfc elementor-widget elementor-widget-text-editor\" data-id=\"998fdfc\" data-element_type=\"widget\" data-e-type=\"widget\" data-widget_type=\"text-editor.default\">\n\t\t\t\t<div class=\"elementor-widget-container\">\n\t\t\t\t\t\t\t\t\t<p><img decoding=\"async\" class=\"\" src=\"https:\/\/www.suntekpoolsandspas.com\/wp-content\/uploads\/2014\/07\/babyloc-beauty.jpg\" alt=\"Safety Pool Fences | Suntek Pools &amp; Spas\" width=\"410\" height=\"275\" \/><\/p><p>Bardas perimetral para protecci\u00f3n de ni\u00f1os de hasta 3 a\u00f1os, altura de 1.37cm, evitar que los ni\u00f1os peque\u00f1os tengan acceso al \u00e1rea de la piscina, terraza o cualquier \u00e1rea potencialmente peligrosas.<\/p>\t\t\t\t\t\t\t\t<\/div>\n\t\t\t\t<\/div>\n\t\t\t\t\t<\/div>\n\t\t<\/div>\n\t\t\t\t<div class=\"elementor-column elementor-col-50 elementor-top-column elementor-element elementor-element-e34a221\" data-id=\"e34a221\" data-element_type=\"column\" data-e-type=\"column\">\n\t\t\t<div class=\"elementor-widget-wrap elementor-element-populated\">\n\t\t\t\t\t\t<div class=\"elementor-element elementor-element-a8aa8bf elementor-widget elementor-widget-heading\" data-id=\"a8aa8bf\" data-element_type=\"widget\" data-e-type=\"widget\" data-widget_type=\"heading.default\">\n\t\t\t\t<div class=\"elementor-widget-container\">\n\t\t\t\t\t<h2 class=\"elementor-heading-title elementor-size-default\">Alarma <\/h2>\t\t\t\t<\/div>\n\t\t\t\t<\/div>\n\t\t\t\t<div class=\"elementor-element elementor-element-02b172e elementor-widget elementor-widget-text-editor\" data-id=\"02b172e\" data-element_type=\"widget\" data-e-type=\"widget\" data-widget_type=\"text-editor.default\">\n\t\t\t\t<div class=\"elementor-widget-container\">\n\t\t\t\t\t\t\t\t\t<p>\u00a0<img decoding=\"async\" class=\"aligncenter\" src=\"https:\/\/m.media-amazon.com\/images\/I\/71hPlK19n5L.jpg\" alt=\"PoolEye Alarma de inmersi\u00f3n Compatible con Piscinas enterradas y sobre el Suelo, Funciona con Pilas, 20 x 40 pies, Sensor de Movimiento de Agua Compatible con ASTM, PE23, Multicolor : Amazon.com.mx: Herramientas\" width=\"326\" height=\"245\" \/><\/p><p>Las alarmas para piscinas cuentan con un software avanzado para eliminar cualquier las falsa alarma, son faciles de instalar y para una alberca de 6 x 12 metros, si la piscina tiene mayores dimensiones deberan agregarse m\u00e0s equipo para cubrir toda el \u00e1rea.<\/p>\t\t\t\t\t\t\t\t<\/div>\n\t\t\t\t<\/div>\n\t\t\t\t\t<\/div>\n\t\t<\/div>\n\t\t\t\t\t<\/div>\n\t\t<\/section>\n\t\t\t\t<section class=\"elementor-section elementor-top-section elementor-element elementor-element-e151b51 elementor-section-boxed elementor-section-height-default elementor-section-height-default\" data-id=\"e151b51\" data-element_type=\"section\" data-e-type=\"section\">\n\t\t\t\t\t\t<div class=\"elementor-container elementor-column-gap-default\">\n\t\t\t\t\t<div class=\"elementor-column elementor-col-50 elementor-top-column elementor-element elementor-element-63bffa5\" data-id=\"63bffa5\" data-element_type=\"column\" data-e-type=\"column\">\n\t\t\t<div class=\"elementor-widget-wrap elementor-element-populated\">\n\t\t\t\t\t\t<div class=\"elementor-element elementor-element-9acc5e3 elementor-widget elementor-widget-heading\" data-id=\"9acc5e3\" data-element_type=\"widget\" data-e-type=\"widget\" data-widget_type=\"heading.default\">\n\t\t\t\t<div class=\"elementor-widget-container\">\n\t\t\t\t\t<h2 class=\"elementor-heading-title elementor-size-default\">Ganchos de seguridad<\/h2>\t\t\t\t<\/div>\n\t\t\t\t<\/div>\n\t\t\t\t<div class=\"elementor-element elementor-element-94fd30d elementor-widget elementor-widget-text-editor\" data-id=\"94fd30d\" data-element_type=\"widget\" data-e-type=\"widget\" data-widget_type=\"text-editor.default\">\n\t\t\t\t<div class=\"elementor-widget-container\">\n\t\t\t\t\t\t\t\t\t<p><img loading=\"lazy\" decoding=\"async\" class=\"aligncenter\" src=\"https:\/\/http2.mlstatic.com\/D_NQ_NP_650262-CBT69828188612_062023-W.jpg\" alt=\"Gancho De Seguridad Para Piscina De 2 Piezas, Equipo | Meses sin intereses\" width=\"213\" height=\"191\" \/><\/p>\t\t\t\t\t\t\t\t<\/div>\n\t\t\t\t<\/div>\n\t\t\t\t<div class=\"elementor-element elementor-element-3acc6f0 elementor-widget elementor-widget-text-editor\" data-id=\"3acc6f0\" data-element_type=\"widget\" data-e-type=\"widget\" data-widget_type=\"text-editor.default\">\n\t\t\t\t<div class=\"elementor-widget-container\">\n\t\t\t\t\t\t\t\t\t<p>Los ganchos de seguridad o tambien conocidos como ganchos de rescate deben ser conectados al tubo telescopico y son una herramienta de rescate de los salvavidas cuando alguna persona se ahoga dentro de la piscina, sin embargo, debido a que su forma de manejo es sumamente\u00a0 sencilla tambien lo podemos utilizar en casa si asi lo requiere.<\/p>\t\t\t\t\t\t\t\t<\/div>\n\t\t\t\t<\/div>\n\t\t\t\t\t<\/div>\n\t\t<\/div>\n\t\t\t\t<div class=\"elementor-column elementor-col-50 elementor-top-column elementor-element elementor-element-2cc5024\" data-id=\"2cc5024\" data-element_type=\"column\" data-e-type=\"column\">\n\t\t\t<div class=\"elementor-widget-wrap elementor-element-populated\">\n\t\t\t\t\t\t<div class=\"elementor-element elementor-element-1e45131 elementor-widget elementor-widget-heading\" data-id=\"1e45131\" data-element_type=\"widget\" data-e-type=\"widget\" data-widget_type=\"heading.default\">\n\t\t\t\t<div class=\"elementor-widget-container\">\n\t\t\t\t\t<h2 class=\"elementor-heading-title elementor-size-default\">Sistemas de Anti-atrapamiento<\/h2>\t\t\t\t<\/div>\n\t\t\t\t<\/div>\n\t\t\t\t<div class=\"elementor-element elementor-element-77fe829 elementor-widget elementor-widget-text-editor\" data-id=\"77fe829\" data-element_type=\"widget\" data-e-type=\"widget\" data-widget_type=\"text-editor.default\">\n\t\t\t\t<div class=\"elementor-widget-container\">\n\t\t\t\t\t\t\t\t\t<p><img loading=\"lazy\" decoding=\"async\" class=\"aligncenter\" src=\"https:\/\/static.wixstatic.com\/media\/9a8aaa_713eee5db7ad49209fbe6ea581a72783.jpg\/v1\/fill\/w_296,h_285,al_c,lg_1,q_80\/9a8aaa_713eee5db7ad49209fbe6ea581a72783.jpg\" alt=\"Dispositivos Antiatrapamiento | areapool\" width=\"223\" height=\"215\" \/><\/p><p>Es un interrumptor de seguridad para succi\u00f3n de fondo, f\u00e1cil de instalar. Su funci\u00f3n ser\u00e1 apagar la bomba cuando detecte un cambio repentino en la succi\u00f3n, se podr\u00e1n instalar en piscinas nuevas o ya construidas que sean compatible con otros sistemas de control.<\/p>\t\t\t\t\t\t\t\t<\/div>\n\t\t\t\t<\/div>\n\t\t\t\t\t<\/div>\n\t\t<\/div>\n\t\t\t\t\t<\/div>\n\t\t<\/section>\n\t\t\t\t<\/div>\n\t\t","protected":false},"excerpt":{"rendered":"<p>Cubiertas de seguridad AUTOM\u00c1TICAS Y MANUALES Las cubierta seguridad de alta resistencia con s\u00f3lo tocar un bot\u00f3n, previene caidas de ni\u00f1os o mascotas en la piscina, reduce los costos de electricidad a un 50% en su uso al igual que los costos de mantenimiento, evita la evaporaci\u00f3n del agua y productos qu\u00edmicos al 90%\u00a0 manteniendo [&hellip;]<\/p>\n","protected":false},"author":5,"featured_media":0,"parent":1865,"menu_order":10,"comment_status":"closed","ping_status":"closed","template":"","meta":{"_uag_custom_page_level_css":"","site-sidebar-layout":"no-sidebar","site-content-layout":"page-builder","ast-site-content-layout":"default","site-content-style":"default","site-sidebar-style":"default","ast-global-header-display":"","ast-banner-title-visibility":"","ast-main-header-display":"","ast-hfb-above-header-display":"","ast-hfb-below-header-display":"","ast-hfb-mobile-header-display":"","site-post-title":"disabled","ast-breadcrumbs-content":"","ast-featured-img":"disabled","footer-sml-layout":"","theme-transparent-header-meta":"default","adv-header-id-meta":"","stick-header-meta":"","header-above-stick-meta":"","header-main-stick-meta":"","header-below-stick-meta":"","astra-migrate-meta-layouts":"default","ast-page-background-enabled":"default","ast-page-background-meta":{"desktop":{"background-color":"","background-image":"","background-repeat":"repeat","background-position":"center center","background-size":"auto","background-attachment":"scroll","background-type":"","background-media":"","overlay-type":"","overlay-color":"","overlay-opacity":"","overlay-gradient":""},"tablet":{"background-color":"","background-image":"","background-repeat":"repeat","background-position":"center center","background-size":"auto","background-attachment":"scroll","background-type":"","background-media":"","overlay-type":"","overlay-color":"","overlay-opacity":"","overlay-gradient":""},"mobile":{"background-color":"","background-image":"","background-repeat":"repeat","background-position":"center center","background-size":"auto","background-attachment":"scroll","background-type":"","background-media":"","overlay-type":"","overlay-color":"","overlay-opacity":"","overlay-gradient":""}},"ast-content-background-meta":{"desktop":{"background-color":"var(--ast-global-color-5)","background-image":"","background-repeat":"repeat","background-position":"center center","background-size":"auto","background-attachment":"scroll","background-type":"","background-media":"","overlay-type":"","overlay-color":"","overlay-opacity":"","overlay-gradient":""},"tablet":{"background-color":"var(--ast-global-color-5)","background-image":"","background-repeat":"repeat","background-position":"center center","background-size":"auto","background-attachment":"scroll","background-type":"","background-media":"","overlay-type":"","overlay-color":"","overlay-opacity":"","overlay-gradient":""},"mobile":{"background-color":"var(--ast-global-color-5)","background-image":"","background-repeat":"repeat","background-position":"center center","background-size":"auto","background-attachment":"scroll","background-type":"","background-media":"","overlay-type":"","overlay-color":"","overlay-opacity":"","overlay-gradient":""}},"footnotes":""},"class_list":["post-1439","page","type-page","status-publish","hentry"],"aioseo_notices":[],"uagb_featured_image_src":{"full":false,"thumbnail":false,"medium":false,"medium_large":false,"large":false,"1536x1536":false,"2048x2048":false},"uagb_author_info":{"display_name":"Olga Fabiola Alc\u00e1ntara Ruiz","author_link":"https:\/\/hidrosip.com\/index.php\/author\/director-general-piscinas-hidrosip\/"},"uagb_comment_info":0,"uagb_excerpt":"Cubiertas de seguridad AUTOM\u00c1TICAS Y MANUALES Las cubierta seguridad de alta resistencia con s\u00f3lo tocar un bot\u00f3n, previene caidas de ni\u00f1os o mascotas en la piscina, reduce los costos de electricidad a un 50% en su uso al igual que los costos de mantenimiento, evita la evaporaci\u00f3n del agua y productos qu\u00edmicos al 90%\u00a0 manteniendo&hellip;","_links":{"self":[{"href":"https:\/\/hidrosip.com\/index.php\/wp-json\/wp\/v2\/pages\/1439","targetHints":{"allow":["GET"]}}],"collection":[{"href":"https:\/\/hidrosip.com\/index.php\/wp-json\/wp\/v2\/pages"}],"about":[{"href":"https:\/\/hidrosip.com\/index.php\/wp-json\/wp\/v2\/types\/page"}],"author":[{"embeddable":true,"href":"https:\/\/hidrosip.com\/index.php\/wp-json\/wp\/v2\/users\/5"}],"replies":[{"embeddable":true,"href":"https:\/\/hidrosip.com\/index.php\/wp-json\/wp\/v2\/comments?post=1439"}],"version-history":[{"count":125,"href":"https:\/\/hidrosip.com\/index.php\/wp-json\/wp\/v2\/pages\/1439\/revisions"}],"predecessor-version":[{"id":4382,"href":"https:\/\/hidrosip.com\/index.php\/wp-json\/wp\/v2\/pages\/1439\/revisions\/4382"}],"up":[{"embeddable":true,"href":"https:\/\/hidrosip.com\/index.php\/wp-json\/wp\/v2\/pages\/1865"}],"wp:attachment":[{"href":"https:\/\/hidrosip.com\/index.php\/wp-json\/wp\/v2\/media?parent=1439"}],"curies":[{"name":"wp","href":"https:\/\/api.w.org\/{rel}","templated":true}]}}