{"id":1435,"date":"2022-10-07T19:50:54","date_gmt":"2022-10-07T19:50:54","guid":{"rendered":"https:\/\/hidrosip.com\/?page_id=1435"},"modified":"2024-08-19T21:57:24","modified_gmt":"2024-08-19T21:57:24","slug":"kit-analizadores","status":"publish","type":"page","link":"https:\/\/hidrosip.com\/index.php\/accesorios\/kit-analizadores\/","title":{"rendered":"kit analizador"},"content":{"rendered":"\t\t<div data-elementor-type=\"wp-page\" data-elementor-id=\"1435\" class=\"elementor elementor-1435\">\n\t\t\t\t\t\t<section class=\"elementor-section elementor-top-section elementor-element elementor-element-c3468bb elementor-section-boxed elementor-section-height-default elementor-section-height-default\" data-id=\"c3468bb\" data-element_type=\"section\" data-e-type=\"section\">\n\t\t\t\t\t\t<div class=\"elementor-container elementor-column-gap-default\">\n\t\t\t\t\t<div class=\"elementor-column elementor-col-50 elementor-top-column elementor-element elementor-element-31b7187\" data-id=\"31b7187\" data-element_type=\"column\" data-e-type=\"column\">\n\t\t\t<div class=\"elementor-widget-wrap elementor-element-populated\">\n\t\t\t\t\t\t<div class=\"elementor-element elementor-element-7875b8e elementor-widget elementor-widget-heading\" data-id=\"7875b8e\" data-element_type=\"widget\" data-e-type=\"widget\" data-widget_type=\"heading.default\">\n\t\t\t\t<div class=\"elementor-widget-container\">\n\t\t\t\t\t<h2 class=\"elementor-heading-title elementor-size-default\">Analizador de cloro<\/h2>\t\t\t\t<\/div>\n\t\t\t\t<\/div>\n\t\t\t\t<div class=\"elementor-element elementor-element-578c4de elementor-widget elementor-widget-text-editor\" data-id=\"578c4de\" data-element_type=\"widget\" data-e-type=\"widget\" data-widget_type=\"text-editor.default\">\n\t\t\t\t<div class=\"elementor-widget-container\">\n\t\t\t\t\t\t\t\t\t<p><span style=\"font-weight: 400;\">Es importante mantener los niveles de cloro y pH correcto para evitar irritaciones, contagios de bacterias entre los usuarios o en casos muy extremos quemaduras qu\u00edmicas, el procedimiento de medici\u00f3n deber\u00e1 realizarse de manera cotidiana<\/span><\/p>\t\t\t\t\t\t\t\t<\/div>\n\t\t\t\t<\/div>\n\t\t\t\t\t<\/div>\n\t\t<\/div>\n\t\t\t\t<div class=\"elementor-column elementor-col-50 elementor-top-column elementor-element elementor-element-e69ad5b\" data-id=\"e69ad5b\" data-element_type=\"column\" data-e-type=\"column\">\n\t\t\t<div class=\"elementor-widget-wrap elementor-element-populated\">\n\t\t\t\t\t\t<div class=\"elementor-element elementor-element-d9ea1cd elementor-widget elementor-widget-text-editor\" data-id=\"d9ea1cd\" data-element_type=\"widget\" data-e-type=\"widget\" data-widget_type=\"text-editor.default\">\n\t\t\t\t<div class=\"elementor-widget-container\">\n\t\t\t\t\t\t\t\t\t<p><img decoding=\"async\" class=\"aligncenter\" src=\"https:\/\/images-na.ssl-images-amazon.com\/images\/I\/81iM5LTn3JL._AC_SL1500_.jpg\" width=\"201\" height=\"194\" \/><\/p>\t\t\t\t\t\t\t\t<\/div>\n\t\t\t\t<\/div>\n\t\t\t\t\t<\/div>\n\t\t<\/div>\n\t\t\t\t\t<\/div>\n\t\t<\/section>\n\t\t\t\t<section class=\"elementor-section elementor-top-section elementor-element elementor-element-78402ea elementor-section-boxed elementor-section-height-default elementor-section-height-default\" data-id=\"78402ea\" data-element_type=\"section\" data-e-type=\"section\">\n\t\t\t\t\t\t<div class=\"elementor-container elementor-column-gap-default\">\n\t\t\t\t\t<div class=\"elementor-column elementor-col-50 elementor-top-column elementor-element elementor-element-81ec233\" data-id=\"81ec233\" data-element_type=\"column\" data-e-type=\"column\">\n\t\t\t<div class=\"elementor-widget-wrap elementor-element-populated\">\n\t\t\t\t\t\t<div class=\"elementor-element elementor-element-c1fd347 elementor-widget elementor-widget-heading\" data-id=\"c1fd347\" data-element_type=\"widget\" data-e-type=\"widget\" data-widget_type=\"heading.default\">\n\t\t\t\t<div class=\"elementor-widget-container\">\n\t\t\t\t\t<h2 class=\"elementor-heading-title elementor-size-default\">Analizador de bromo<\/h2>\t\t\t\t<\/div>\n\t\t\t\t<\/div>\n\t\t\t\t<div class=\"elementor-element elementor-element-9d1069b elementor-widget elementor-widget-text-editor\" data-id=\"9d1069b\" data-element_type=\"widget\" data-e-type=\"widget\" data-widget_type=\"text-editor.default\">\n\t\t\t\t<div class=\"elementor-widget-container\">\n\t\t\t\t\t\t\t\t\t<p><span style=\"font-weight: 400;\">Las diferencias entre el bromo y el cloro son: el bromo tendr\u00e1 mayor efectividad en niveles de pH superiores a 7.4, tiene un mejor comportamiento con temperaturas altas, no causa irritaciones, tampoco produce olores, sin embargo su precio es elevado, a comparaci\u00f3n el cloro no tiene tanta efectividad con niveles de pH mayores a 7.4, su comportamiento conforme a la temperatura var\u00eda, puede llegar a producir irritaci\u00f3n o mal olor aunque su precio es m\u00e1s accesible. <\/span><span style=\"font-weight: 400;\">El procedimiento de medici\u00f3n ser\u00e1 igual al del cloro.<\/span><\/p>\t\t\t\t\t\t\t\t<\/div>\n\t\t\t\t<\/div>\n\t\t\t\t\t<\/div>\n\t\t<\/div>\n\t\t\t\t<div class=\"elementor-column elementor-col-50 elementor-top-column elementor-element elementor-element-885c43a\" data-id=\"885c43a\" data-element_type=\"column\" data-e-type=\"column\">\n\t\t\t<div class=\"elementor-widget-wrap elementor-element-populated\">\n\t\t\t\t\t\t<div class=\"elementor-element elementor-element-f51ae3c elementor-widget elementor-widget-text-editor\" data-id=\"f51ae3c\" data-element_type=\"widget\" data-e-type=\"widget\" data-widget_type=\"text-editor.default\">\n\t\t\t\t<div class=\"elementor-widget-container\">\n\t\t\t\t\t\t\t\t\t<p><img decoding=\"async\" class=\"aligncenter\" src=\"https:\/\/http2.mlstatic.com\/D_NQ_NP_905059-MLM51794576687_102022-O.webp\" alt=\"Tiras Reactivas, Cl, Ph, Bromo, Alcalinidad, Dureza, Alberca\" width=\"164\" height=\"222\" \/><\/p>\t\t\t\t\t\t\t\t<\/div>\n\t\t\t\t<\/div>\n\t\t\t\t\t<\/div>\n\t\t<\/div>\n\t\t\t\t\t<\/div>\n\t\t<\/section>\n\t\t\t\t<section class=\"elementor-section elementor-top-section elementor-element elementor-element-4694dd8 elementor-section-boxed elementor-section-height-default elementor-section-height-default\" data-id=\"4694dd8\" data-element_type=\"section\" data-e-type=\"section\">\n\t\t\t\t\t\t<div class=\"elementor-container elementor-column-gap-default\">\n\t\t\t\t\t<div class=\"elementor-column elementor-col-50 elementor-top-column elementor-element elementor-element-476b90e\" data-id=\"476b90e\" data-element_type=\"column\" data-e-type=\"column\">\n\t\t\t<div class=\"elementor-widget-wrap elementor-element-populated\">\n\t\t\t\t\t\t<div class=\"elementor-element elementor-element-ed32f7d elementor-widget elementor-widget-heading\" data-id=\"ed32f7d\" data-element_type=\"widget\" data-e-type=\"widget\" data-widget_type=\"heading.default\">\n\t\t\t\t<div class=\"elementor-widget-container\">\n\t\t\t\t\t<h2 class=\"elementor-heading-title elementor-size-default\">Analizador de dureza<\/h2>\t\t\t\t<\/div>\n\t\t\t\t<\/div>\n\t\t\t\t<div class=\"elementor-element elementor-element-4c40c7c elementor-widget elementor-widget-text-editor\" data-id=\"4c40c7c\" data-element_type=\"widget\" data-e-type=\"widget\" data-widget_type=\"text-editor.default\">\n\t\t\t\t<div class=\"elementor-widget-container\">\n\t\t\t\t\t\t\t\t\t<p>Se denomina dureza del agua cuando a la cantidad de agua dentro de la piscina cuenta con una alta concentraci\u00f3n de minerales disueltos (la dureza esta alta) y cuando hay poco minerales disueltos se dice que la dureza es baja.<\/p>\t\t\t\t\t\t\t\t<\/div>\n\t\t\t\t<\/div>\n\t\t\t\t\t<\/div>\n\t\t<\/div>\n\t\t\t\t<div class=\"elementor-column elementor-col-50 elementor-top-column elementor-element elementor-element-aab9581\" data-id=\"aab9581\" data-element_type=\"column\" data-e-type=\"column\">\n\t\t\t<div class=\"elementor-widget-wrap elementor-element-populated\">\n\t\t\t\t\t\t<div class=\"elementor-element elementor-element-3a90a9b elementor-widget elementor-widget-text-editor\" data-id=\"3a90a9b\" data-element_type=\"widget\" data-e-type=\"widget\" data-widget_type=\"text-editor.default\">\n\t\t\t\t<div class=\"elementor-widget-container\">\n\t\t\t\t\t\t\t\t\t<p><img decoding=\"async\" class=\"aligncenter\" src=\"https:\/\/http2.mlstatic.com\/D_NQ_NP_629195-MLM47966641592_102021-O.webp\" alt=\"Kit Analizador De Dureza Para Alberca Marca Pentair\" width=\"207\" height=\"210\" \/><\/p>\t\t\t\t\t\t\t\t<\/div>\n\t\t\t\t<\/div>\n\t\t\t\t\t<\/div>\n\t\t<\/div>\n\t\t\t\t\t<\/div>\n\t\t<\/section>\n\t\t\t\t<section class=\"elementor-section elementor-top-section elementor-element elementor-element-1949e08 elementor-section-boxed elementor-section-height-default elementor-section-height-default\" data-id=\"1949e08\" data-element_type=\"section\" data-e-type=\"section\">\n\t\t\t\t\t\t<div class=\"elementor-container elementor-column-gap-default\">\n\t\t\t\t\t<div class=\"elementor-column elementor-col-50 elementor-top-column elementor-element elementor-element-dfda444\" data-id=\"dfda444\" data-element_type=\"column\" data-e-type=\"column\">\n\t\t\t<div class=\"elementor-widget-wrap elementor-element-populated\">\n\t\t\t\t\t\t<div class=\"elementor-element elementor-element-9465c6f elementor-widget elementor-widget-heading\" data-id=\"9465c6f\" data-element_type=\"widget\" data-e-type=\"widget\" data-widget_type=\"heading.default\">\n\t\t\t\t<div class=\"elementor-widget-container\">\n\t\t\t\t\t<h2 class=\"elementor-heading-title elementor-size-default\">Medidor de sal<\/h2>\t\t\t\t<\/div>\n\t\t\t\t<\/div>\n\t\t\t\t<div class=\"elementor-element elementor-element-27cac2d elementor-widget elementor-widget-text-editor\" data-id=\"27cac2d\" data-element_type=\"widget\" data-e-type=\"widget\" data-widget_type=\"text-editor.default\">\n\t\t\t\t<div class=\"elementor-widget-container\">\n\t\t\t\t\t\t\t\t\t<p>Medidor de salinidad cotidianamente conocido como medidor de sal es un medidor portatil que adem\u00e1s de ayudarnos a medir la salinidad del agua en nuestra piscina tambi\u00e9n nos dar\u00e1 medidas de temperatura, TDS, el valor del pH y la conductividad\u00a0<\/p>\t\t\t\t\t\t\t\t<\/div>\n\t\t\t\t<\/div>\n\t\t\t\t\t<\/div>\n\t\t<\/div>\n\t\t\t\t<div class=\"elementor-column elementor-col-50 elementor-top-column elementor-element elementor-element-dc0d6ab\" data-id=\"dc0d6ab\" data-element_type=\"column\" data-e-type=\"column\">\n\t\t\t<div class=\"elementor-widget-wrap elementor-element-populated\">\n\t\t\t\t\t\t<div class=\"elementor-element elementor-element-c9b0f1b elementor-widget elementor-widget-text-editor\" data-id=\"c9b0f1b\" data-element_type=\"widget\" data-e-type=\"widget\" data-widget_type=\"text-editor.default\">\n\t\t\t\t<div class=\"elementor-widget-container\">\n\t\t\t\t\t\t\t\t\t<p><img loading=\"lazy\" decoding=\"async\" class=\"aligncenter\" src=\"https:\/\/lacasadelaspiscinas.com\/wp-content\/uploads\/2020\/07\/ME020209511.jpg\" alt=\"lacasadelaspiscinas.com\/wp-content\/uploads\/2020\/07...\" width=\"245\" height=\"188\" \/><\/p>\t\t\t\t\t\t\t\t<\/div>\n\t\t\t\t<\/div>\n\t\t\t\t\t<\/div>\n\t\t<\/div>\n\t\t\t\t\t<\/div>\n\t\t<\/section>\n\t\t\t\t<section class=\"elementor-section elementor-top-section elementor-element elementor-element-2dcbee2 elementor-section-boxed elementor-section-height-default elementor-section-height-default\" data-id=\"2dcbee2\" data-element_type=\"section\" data-e-type=\"section\">\n\t\t\t\t\t\t<div class=\"elementor-container elementor-column-gap-default\">\n\t\t\t\t\t<div class=\"elementor-column elementor-col-50 elementor-top-column elementor-element elementor-element-fedeaa1\" data-id=\"fedeaa1\" data-element_type=\"column\" data-e-type=\"column\">\n\t\t\t<div class=\"elementor-widget-wrap elementor-element-populated\">\n\t\t\t\t\t\t<div class=\"elementor-element elementor-element-b2e2d2d elementor-widget elementor-widget-heading\" data-id=\"b2e2d2d\" data-element_type=\"widget\" data-e-type=\"widget\" data-widget_type=\"heading.default\">\n\t\t\t\t<div class=\"elementor-widget-container\">\n\t\t\t\t\t<h2 class=\"elementor-heading-title elementor-size-default\">Reactivos<\/h2>\t\t\t\t<\/div>\n\t\t\t\t<\/div>\n\t\t\t\t<div class=\"elementor-element elementor-element-9f4eabe elementor-widget elementor-widget-text-editor\" data-id=\"9f4eabe\" data-element_type=\"widget\" data-e-type=\"widget\" data-widget_type=\"text-editor.default\">\n\t\t\t\t<div class=\"elementor-widget-container\">\n\t\t\t\t\t\t\t\t\t<p>EL kit analizador pro-11 contiene 7 reactivos que nos permitiran medir el pH, cloro total, cloro residual, dureza, \u00e1cido cian\u00farico, Alcalinidad de tu piscina<\/p><p>\u00a0<\/p><p>\u00a0<\/p>\t\t\t\t\t\t\t\t<\/div>\n\t\t\t\t<\/div>\n\t\t\t\t\t<\/div>\n\t\t<\/div>\n\t\t\t\t<div class=\"elementor-column elementor-col-50 elementor-top-column elementor-element elementor-element-de0b171\" data-id=\"de0b171\" data-element_type=\"column\" data-e-type=\"column\">\n\t\t\t<div class=\"elementor-widget-wrap elementor-element-populated\">\n\t\t\t\t\t\t<div class=\"elementor-element elementor-element-1b858b2 elementor-widget elementor-widget-text-editor\" data-id=\"1b858b2\" data-element_type=\"widget\" data-e-type=\"widget\" data-widget_type=\"text-editor.default\">\n\t\t\t\t<div class=\"elementor-widget-container\">\n\t\t\t\t\t\t\t\t\t<p><img loading=\"lazy\" decoding=\"async\" class=\"aligncenter\" src=\"https:\/\/http2.mlstatic.com\/D_NQ_NP_893982-MLM44185629250_112020-O.webp\" alt=\"Color\u00edmetro Profesional Albercas Pro-11 Mini Laboratorio | Env\u00edo gratis\" width=\"236\" height=\"192\" \/><\/p>\t\t\t\t\t\t\t\t<\/div>\n\t\t\t\t<\/div>\n\t\t\t\t\t<\/div>\n\t\t<\/div>\n\t\t\t\t\t<\/div>\n\t\t<\/section>\n\t\t\t\t<section class=\"elementor-section elementor-top-section elementor-element elementor-element-c0408f9 elementor-section-boxed elementor-section-height-default elementor-section-height-default\" data-id=\"c0408f9\" data-element_type=\"section\" data-e-type=\"section\">\n\t\t\t\t\t\t<div class=\"elementor-container elementor-column-gap-default\">\n\t\t\t\t\t<div class=\"elementor-column elementor-col-50 elementor-top-column elementor-element elementor-element-082e45a\" data-id=\"082e45a\" data-element_type=\"column\" data-e-type=\"column\">\n\t\t\t<div class=\"elementor-widget-wrap elementor-element-populated\">\n\t\t\t\t\t\t<div class=\"elementor-element elementor-element-808840c elementor-widget elementor-widget-heading\" data-id=\"808840c\" data-element_type=\"widget\" data-e-type=\"widget\" data-widget_type=\"heading.default\">\n\t\t\t\t<div class=\"elementor-widget-container\">\n\t\t\t\t\t<h2 class=\"elementor-heading-title elementor-size-default\">Pastillas<\/h2>\t\t\t\t<\/div>\n\t\t\t\t<\/div>\n\t\t\t\t<div class=\"elementor-element elementor-element-ce64e8e elementor-widget elementor-widget-text-editor\" data-id=\"ce64e8e\" data-element_type=\"widget\" data-e-type=\"widget\" data-widget_type=\"text-editor.default\">\n\t\t\t\t<div class=\"elementor-widget-container\">\n\t\t\t\t\t\t\t\t\t<p>Al igual que los reactivos nos funcionan para medir que todos los par\u00e1metros dentro de la piscina se encuentren alineados, sin embargo, a diferencia de los reactivos l\u00edquidos el dpd3, dpd1 y pH vienen en presentaci\u00f3n de pastillas, el dpd1 medir\u00e1 el cloro residual y el dpd3 mide cloraminas.<\/p>\t\t\t\t\t\t\t\t<\/div>\n\t\t\t\t<\/div>\n\t\t\t\t\t<\/div>\n\t\t<\/div>\n\t\t\t\t<div class=\"elementor-column elementor-col-50 elementor-top-column elementor-element elementor-element-ada1163\" data-id=\"ada1163\" data-element_type=\"column\" data-e-type=\"column\">\n\t\t\t<div class=\"elementor-widget-wrap elementor-element-populated\">\n\t\t\t\t\t\t<div class=\"elementor-element elementor-element-b55e3de elementor-widget elementor-widget-text-editor\" data-id=\"b55e3de\" data-element_type=\"widget\" data-e-type=\"widget\" data-widget_type=\"text-editor.default\">\n\t\t\t\t<div class=\"elementor-widget-container\">\n\t\t\t\t\t\t\t\t\t<p><img loading=\"lazy\" decoding=\"async\" class=\"\" src=\"https:\/\/http2.mlstatic.com\/D_NQ_NP_989722-MLM42138849451_062020-O.webp\" alt=\"Analizador Profesional Ph Para Albercas Pentair Pro 11\" width=\"154\" height=\"228\" \/><img loading=\"lazy\" decoding=\"async\" class=\"\" src=\"https:\/\/m.media-amazon.com\/images\/I\/61YA2LPHpzL.jpg\" alt=\"Amazon.com: LaMotte 6915A TesTabs de grado visual, rojo fenol, 100 ct. : Patio, C\u00e9sped y Jard\u00edn\" width=\"225\" height=\"225\" \/><\/p>\t\t\t\t\t\t\t\t<\/div>\n\t\t\t\t<\/div>\n\t\t\t\t\t<\/div>\n\t\t<\/div>\n\t\t\t\t\t<\/div>\n\t\t<\/section>\n\t\t\t\t<\/div>\n\t\t","protected":false},"excerpt":{"rendered":"<p>Analizador de cloro Es importante mantener los niveles de cloro y pH correcto para evitar irritaciones, contagios de bacterias entre los usuarios o en casos muy extremos quemaduras qu\u00edmicas, el procedimiento de medici\u00f3n deber\u00e1 realizarse de manera cotidiana Analizador de bromo Las diferencias entre el bromo y el cloro son: el bromo tendr\u00e1 mayor efectividad [&hellip;]<\/p>\n","protected":false},"author":5,"featured_media":0,"parent":1012,"menu_order":4,"comment_status":"closed","ping_status":"closed","template":"","meta":{"_uag_custom_page_level_css":"","site-sidebar-layout":"no-sidebar","site-content-layout":"page-builder","ast-site-content-layout":"full-width-container","site-content-style":"unboxed","site-sidebar-style":"unboxed","ast-global-header-display":"","ast-banner-title-visibility":"","ast-main-header-display":"","ast-hfb-above-header-display":"","ast-hfb-below-header-display":"","ast-hfb-mobile-header-display":"","site-post-title":"","ast-breadcrumbs-content":"","ast-featured-img":"disabled","footer-sml-layout":"","theme-transparent-header-meta":"default","adv-header-id-meta":"","stick-header-meta":"","header-above-stick-meta":"","header-main-stick-meta":"","header-below-stick-meta":"","astra-migrate-meta-layouts":"set","ast-page-background-enabled":"default","ast-page-background-meta":{"desktop":{"background-color":"","background-image":"","background-repeat":"repeat","background-position":"center center","background-size":"auto","background-attachment":"scroll","background-type":"","background-media":"","overlay-type":"","overlay-color":"","overlay-opacity":"","overlay-gradient":""},"tablet":{"background-color":"","background-image":"","background-repeat":"repeat","background-position":"center center","background-size":"auto","background-attachment":"scroll","background-type":"","background-media":"","overlay-type":"","overlay-color":"","overlay-opacity":"","overlay-gradient":""},"mobile":{"background-color":"","background-image":"","background-repeat":"repeat","background-position":"center center","background-size":"auto","background-attachment":"scroll","background-type":"","background-media":"","overlay-type":"","overlay-color":"","overlay-opacity":"","overlay-gradient":""}},"ast-content-background-meta":{"desktop":{"background-color":"var(--ast-global-color-5)","background-image":"","background-repeat":"repeat","background-position":"center center","background-size":"auto","background-attachment":"scroll","background-type":"","background-media":"","overlay-type":"","overlay-color":"","overlay-opacity":"","overlay-gradient":""},"tablet":{"background-color":"var(--ast-global-color-5)","background-image":"","background-repeat":"repeat","background-position":"center center","background-size":"auto","background-attachment":"scroll","background-type":"","background-media":"","overlay-type":"","overlay-color":"","overlay-opacity":"","overlay-gradient":""},"mobile":{"background-color":"var(--ast-global-color-5)","background-image":"","background-repeat":"repeat","background-position":"center center","background-size":"auto","background-attachment":"scroll","background-type":"","background-media":"","overlay-type":"","overlay-color":"","overlay-opacity":"","overlay-gradient":""}},"footnotes":""},"class_list":["post-1435","page","type-page","status-publish","hentry"],"aioseo_notices":[],"uagb_featured_image_src":{"full":false,"thumbnail":false,"medium":false,"medium_large":false,"large":false,"1536x1536":false,"2048x2048":false},"uagb_author_info":{"display_name":"Olga Fabiola Alc\u00e1ntara Ruiz","author_link":"https:\/\/hidrosip.com\/index.php\/author\/director-general-piscinas-hidrosip\/"},"uagb_comment_info":0,"uagb_excerpt":"Analizador de cloro Es importante mantener los niveles de cloro y pH correcto para evitar irritaciones, contagios de bacterias entre los usuarios o en casos muy extremos quemaduras qu\u00edmicas, el procedimiento de medici\u00f3n deber\u00e1 realizarse de manera cotidiana Analizador de bromo Las diferencias entre el bromo y el cloro son: el bromo tendr\u00e1 mayor efectividad&hellip;","_links":{"self":[{"href":"https:\/\/hidrosip.com\/index.php\/wp-json\/wp\/v2\/pages\/1435","targetHints":{"allow":["GET"]}}],"collection":[{"href":"https:\/\/hidrosip.com\/index.php\/wp-json\/wp\/v2\/pages"}],"about":[{"href":"https:\/\/hidrosip.com\/index.php\/wp-json\/wp\/v2\/types\/page"}],"author":[{"embeddable":true,"href":"https:\/\/hidrosip.com\/index.php\/wp-json\/wp\/v2\/users\/5"}],"replies":[{"embeddable":true,"href":"https:\/\/hidrosip.com\/index.php\/wp-json\/wp\/v2\/comments?post=1435"}],"version-history":[{"count":41,"href":"https:\/\/hidrosip.com\/index.php\/wp-json\/wp\/v2\/pages\/1435\/revisions"}],"predecessor-version":[{"id":4375,"href":"https:\/\/hidrosip.com\/index.php\/wp-json\/wp\/v2\/pages\/1435\/revisions\/4375"}],"up":[{"embeddable":true,"href":"https:\/\/hidrosip.com\/index.php\/wp-json\/wp\/v2\/pages\/1012"}],"wp:attachment":[{"href":"https:\/\/hidrosip.com\/index.php\/wp-json\/wp\/v2\/media?parent=1435"}],"curies":[{"name":"wp","href":"https:\/\/api.w.org\/{rel}","templated":true}]}}