{"id":1429,"date":"2022-10-07T19:48:27","date_gmt":"2022-10-07T19:48:27","guid":{"rendered":"https:\/\/hidrosip.com\/?page_id=1429"},"modified":"2024-06-28T17:00:41","modified_gmt":"2024-06-28T17:00:41","slug":"escaleras","status":"publish","type":"page","link":"https:\/\/hidrosip.com\/index.php\/accesorios\/escaleras\/","title":{"rendered":"Escaleras"},"content":{"rendered":"\t\t<div data-elementor-type=\"wp-page\" data-elementor-id=\"1429\" class=\"elementor elementor-1429\">\n\t\t\t\t\t\t<section class=\"elementor-section elementor-top-section elementor-element elementor-element-84e939d elementor-section-boxed elementor-section-height-default elementor-section-height-default\" data-id=\"84e939d\" data-element_type=\"section\" data-e-type=\"section\">\n\t\t\t\t\t\t<div class=\"elementor-container elementor-column-gap-default\">\n\t\t\t\t\t<div class=\"elementor-column elementor-col-100 elementor-top-column elementor-element elementor-element-5b5f18d\" data-id=\"5b5f18d\" data-element_type=\"column\" data-e-type=\"column\">\n\t\t\t<div class=\"elementor-widget-wrap elementor-element-populated\">\n\t\t\t\t\t\t<div class=\"elementor-element elementor-element-edbad00 elementor-widget elementor-widget-heading\" data-id=\"edbad00\" data-element_type=\"widget\" data-e-type=\"widget\" data-widget_type=\"heading.default\">\n\t\t\t\t<div class=\"elementor-widget-container\">\n\t\t\t\t\t<h2 class=\"elementor-heading-title elementor-size-default\">Escaleras<\/h2>\t\t\t\t<\/div>\n\t\t\t\t<\/div>\n\t\t\t\t<div class=\"elementor-element elementor-element-b89993a elementor-widget elementor-widget-text-editor\" data-id=\"b89993a\" data-element_type=\"widget\" data-e-type=\"widget\" data-widget_type=\"text-editor.default\">\n\t\t\t\t<div class=\"elementor-widget-container\">\n\t\t\t\t\t\t\t\t\t<p>Accesorio para la piscina que consta de 2,3,4 o 5 pelda\u00f1os (de acuerdo a la necesidad de la alberca) de acero inoxidable que nos ayudar\u00e1 a entrar o salir de la piscina de una forma c\u00f3moda y con la m\u00e1xima seguridad tomando en cuenta los lugares estrat\u00e9gicos para evacuar el lugar en caso de alg\u00fan incidente.<\/p>\t\t\t\t\t\t\t\t<\/div>\n\t\t\t\t<\/div>\n\t\t\t\t<div class=\"elementor-element elementor-element-bf6e368 elementor-widget elementor-widget-text-editor\" data-id=\"bf6e368\" data-element_type=\"widget\" data-e-type=\"widget\" data-widget_type=\"text-editor.default\">\n\t\t\t\t<div class=\"elementor-widget-container\">\n\t\t\t\t\t\t\t\t\t<p><img fetchpriority=\"high\" decoding=\"async\" class=\"aligncenter\" src=\"https:\/\/www.poolaria.com\/13061-thickbox_default\/escalera-inox-piscina-madera-gre.jpg\" width=\"247\" height=\"247\" \/><\/p>\t\t\t\t\t\t\t\t<\/div>\n\t\t\t\t<\/div>\n\t\t\t\t\t<\/div>\n\t\t<\/div>\n\t\t\t\t\t<\/div>\n\t\t<\/section>\n\t\t\t\t<section class=\"elementor-section elementor-top-section elementor-element elementor-element-0008fe6 elementor-section-boxed elementor-section-height-default elementor-section-height-default\" data-id=\"0008fe6\" data-element_type=\"section\" data-e-type=\"section\">\n\t\t\t\t\t\t<div class=\"elementor-container elementor-column-gap-default\">\n\t\t\t\t\t<div class=\"elementor-column elementor-col-100 elementor-top-column elementor-element elementor-element-8d686a6\" data-id=\"8d686a6\" data-element_type=\"column\" data-e-type=\"column\">\n\t\t\t<div class=\"elementor-widget-wrap elementor-element-populated\">\n\t\t\t\t\t\t<div class=\"elementor-element elementor-element-6804fc3 elementor-widget elementor-widget-heading\" data-id=\"6804fc3\" data-element_type=\"widget\" data-e-type=\"widget\" data-widget_type=\"heading.default\">\n\t\t\t\t<div class=\"elementor-widget-container\">\n\t\t\t\t\t<h2 class=\"elementor-heading-title elementor-size-default\">Pasamanos<\/h2>\t\t\t\t<\/div>\n\t\t\t\t<\/div>\n\t\t\t\t<div class=\"elementor-element elementor-element-0d8f124 elementor-widget elementor-widget-text-editor\" data-id=\"0d8f124\" data-element_type=\"widget\" data-e-type=\"widget\" data-widget_type=\"text-editor.default\">\n\t\t\t\t<div class=\"elementor-widget-container\">\n\t\t\t\t\t\t\t\t\t<p><span style=\"font-weight: 400;\">Al igual que las escaleras los pasamanos son accesorios que facilitar\u00e1n la entrada o salida de la alberca, la diferencia es que esta no incluyen los escalones por lo tanto ser\u00e1n instaladas cuando la alberca ya cuente con escalones (concreto, fibra de vidrio, pl\u00e1stico,etc) y solo se necesite un soporte de seguridad.<\/span><\/p>\t\t\t\t\t\t\t\t<\/div>\n\t\t\t\t<\/div>\n\t\t\t\t\t<\/div>\n\t\t<\/div>\n\t\t\t\t\t<\/div>\n\t\t<\/section>\n\t\t\t\t<section class=\"elementor-section elementor-top-section elementor-element elementor-element-5b57a8f elementor-section-boxed elementor-section-height-default elementor-section-height-default\" data-id=\"5b57a8f\" data-element_type=\"section\" data-e-type=\"section\">\n\t\t\t\t\t\t<div class=\"elementor-container elementor-column-gap-default\">\n\t\t\t\t\t<div class=\"elementor-column elementor-col-33 elementor-top-column elementor-element elementor-element-5156ddd\" data-id=\"5156ddd\" data-element_type=\"column\" data-e-type=\"column\">\n\t\t\t<div class=\"elementor-widget-wrap elementor-element-populated\">\n\t\t\t\t\t\t<div class=\"elementor-element elementor-element-b373e1a elementor-widget elementor-widget-text-editor\" data-id=\"b373e1a\" data-element_type=\"widget\" data-e-type=\"widget\" data-widget_type=\"text-editor.default\">\n\t\t\t\t<div class=\"elementor-widget-container\">\n\t\t\t\t\t\t\t\t\t<p>\u00a0<\/p><p><img decoding=\"async\" class=\"aligncenter\" src=\"https:\/\/m.media-amazon.com\/images\/I\/71PdWIP3EXS._AC_UF894,1000_QL80_.jpg\" alt=\"Amazon.com: YERT Barandilla de mano para piscina, pasamanos de piscina de acero inoxidable, rieles de seguridad para entrada de piscina enterrada, juego completo de accesorios - 1 o 2 piezas : Patio,\" width=\"189\" height=\"189\" \/><\/p>\t\t\t\t\t\t\t\t<\/div>\n\t\t\t\t<\/div>\n\t\t\t\t\t<\/div>\n\t\t<\/div>\n\t\t\t\t<div class=\"elementor-column elementor-col-33 elementor-top-column elementor-element elementor-element-adc010f\" data-id=\"adc010f\" data-element_type=\"column\" data-e-type=\"column\">\n\t\t\t<div class=\"elementor-widget-wrap elementor-element-populated\">\n\t\t\t\t\t\t<div class=\"elementor-element elementor-element-e624782 elementor-widget elementor-widget-text-editor\" data-id=\"e624782\" data-element_type=\"widget\" data-e-type=\"widget\" data-widget_type=\"text-editor.default\">\n\t\t\t\t<div class=\"elementor-widget-container\">\n\t\t\t\t\t\t\t\t\t<p>\u00a0<\/p><p><img decoding=\"async\" class=\"\" src=\"https:\/\/http2.mlstatic.com\/D_NQ_NP_625212-MLM29985340287_042019-O.webp\" alt=\"Pasamanos Sencillo Nariz Extendida Alberca Acero Inox 48 Pul\" width=\"570\" height=\"320\" \/><\/p>\t\t\t\t\t\t\t\t<\/div>\n\t\t\t\t<\/div>\n\t\t\t\t\t<\/div>\n\t\t<\/div>\n\t\t\t\t<div class=\"elementor-column elementor-col-33 elementor-top-column elementor-element elementor-element-f23afd4\" data-id=\"f23afd4\" data-element_type=\"column\" data-e-type=\"column\">\n\t\t\t<div class=\"elementor-widget-wrap elementor-element-populated\">\n\t\t\t\t\t\t<div class=\"elementor-element elementor-element-90776ec elementor-widget elementor-widget-text-editor\" data-id=\"90776ec\" data-element_type=\"widget\" data-e-type=\"widget\" data-widget_type=\"text-editor.default\">\n\t\t\t\t<div class=\"elementor-widget-container\">\n\t\t\t\t\t\t\t\t\t<p>\u00a0<\/p><p><img loading=\"lazy\" decoding=\"async\" class=\"aligncenter\" src=\"https:\/\/http2.mlstatic.com\/D_NQ_NP_648855-MLM40091590351_122019-O.webp\" alt=\"Pasamanos Acero Inoxidable Alberca 72 Pulgadas Inc. Chapeton | Meses sin intereses\" width=\"251\" height=\"188\" \/><\/p>\t\t\t\t\t\t\t\t<\/div>\n\t\t\t\t<\/div>\n\t\t\t\t\t<\/div>\n\t\t<\/div>\n\t\t\t\t\t<\/div>\n\t\t<\/section>\n\t\t\t\t<\/div>\n\t\t","protected":false},"excerpt":{"rendered":"<p>Escaleras Accesorio para la piscina que consta de 2,3,4 o 5 pelda\u00f1os (de acuerdo a la necesidad de la alberca) de acero inoxidable que nos ayudar\u00e1 a entrar o salir de la piscina de una forma c\u00f3moda y con la m\u00e1xima seguridad tomando en cuenta los lugares estrat\u00e9gicos para evacuar el lugar en caso de [&hellip;]<\/p>\n","protected":false},"author":5,"featured_media":0,"parent":1012,"menu_order":2,"comment_status":"closed","ping_status":"closed","template":"","meta":{"_uag_custom_page_level_css":"","site-sidebar-layout":"no-sidebar","site-content-layout":"page-builder","ast-site-content-layout":"default","site-content-style":"default","site-sidebar-style":"default","ast-global-header-display":"","ast-banner-title-visibility":"","ast-main-header-display":"","ast-hfb-above-header-display":"","ast-hfb-below-header-display":"","ast-hfb-mobile-header-display":"","site-post-title":"disabled","ast-breadcrumbs-content":"","ast-featured-img":"disabled","footer-sml-layout":"","theme-transparent-header-meta":"default","adv-header-id-meta":"","stick-header-meta":"","header-above-stick-meta":"","header-main-stick-meta":"","header-below-stick-meta":"","astra-migrate-meta-layouts":"default","ast-page-background-enabled":"default","ast-page-background-meta":{"desktop":{"background-color":"","background-image":"","background-repeat":"repeat","background-position":"center center","background-size":"auto","background-attachment":"scroll","background-type":"","background-media":"","overlay-type":"","overlay-color":"","overlay-opacity":"","overlay-gradient":""},"tablet":{"background-color":"","background-image":"","background-repeat":"repeat","background-position":"center center","background-size":"auto","background-attachment":"scroll","background-type":"","background-media":"","overlay-type":"","overlay-color":"","overlay-opacity":"","overlay-gradient":""},"mobile":{"background-color":"","background-image":"","background-repeat":"repeat","background-position":"center center","background-size":"auto","background-attachment":"scroll","background-type":"","background-media":"","overlay-type":"","overlay-color":"","overlay-opacity":"","overlay-gradient":""}},"ast-content-background-meta":{"desktop":{"background-color":"var(--ast-global-color-5)","background-image":"","background-repeat":"repeat","background-position":"center center","background-size":"auto","background-attachment":"scroll","background-type":"","background-media":"","overlay-type":"","overlay-color":"","overlay-opacity":"","overlay-gradient":""},"tablet":{"background-color":"var(--ast-global-color-5)","background-image":"","background-repeat":"repeat","background-position":"center center","background-size":"auto","background-attachment":"scroll","background-type":"","background-media":"","overlay-type":"","overlay-color":"","overlay-opacity":"","overlay-gradient":""},"mobile":{"background-color":"var(--ast-global-color-5)","background-image":"","background-repeat":"repeat","background-position":"center center","background-size":"auto","background-attachment":"scroll","background-type":"","background-media":"","overlay-type":"","overlay-color":"","overlay-opacity":"","overlay-gradient":""}},"footnotes":""},"class_list":["post-1429","page","type-page","status-publish","hentry"],"aioseo_notices":[],"uagb_featured_image_src":{"full":false,"thumbnail":false,"medium":false,"medium_large":false,"large":false,"1536x1536":false,"2048x2048":false},"uagb_author_info":{"display_name":"Olga Fabiola Alc\u00e1ntara Ruiz","author_link":"https:\/\/hidrosip.com\/index.php\/author\/director-general-piscinas-hidrosip\/"},"uagb_comment_info":0,"uagb_excerpt":"Escaleras Accesorio para la piscina que consta de 2,3,4 o 5 pelda\u00f1os (de acuerdo a la necesidad de la alberca) de acero inoxidable que nos ayudar\u00e1 a entrar o salir de la piscina de una forma c\u00f3moda y con la m\u00e1xima seguridad tomando en cuenta los lugares estrat\u00e9gicos para evacuar el lugar en caso de&hellip;","_links":{"self":[{"href":"https:\/\/hidrosip.com\/index.php\/wp-json\/wp\/v2\/pages\/1429","targetHints":{"allow":["GET"]}}],"collection":[{"href":"https:\/\/hidrosip.com\/index.php\/wp-json\/wp\/v2\/pages"}],"about":[{"href":"https:\/\/hidrosip.com\/index.php\/wp-json\/wp\/v2\/types\/page"}],"author":[{"embeddable":true,"href":"https:\/\/hidrosip.com\/index.php\/wp-json\/wp\/v2\/users\/5"}],"replies":[{"embeddable":true,"href":"https:\/\/hidrosip.com\/index.php\/wp-json\/wp\/v2\/comments?post=1429"}],"version-history":[{"count":25,"href":"https:\/\/hidrosip.com\/index.php\/wp-json\/wp\/v2\/pages\/1429\/revisions"}],"predecessor-version":[{"id":3955,"href":"https:\/\/hidrosip.com\/index.php\/wp-json\/wp\/v2\/pages\/1429\/revisions\/3955"}],"up":[{"embeddable":true,"href":"https:\/\/hidrosip.com\/index.php\/wp-json\/wp\/v2\/pages\/1012"}],"wp:attachment":[{"href":"https:\/\/hidrosip.com\/index.php\/wp-json\/wp\/v2\/media?parent=1429"}],"curies":[{"name":"wp","href":"https:\/\/api.w.org\/{rel}","templated":true}]}}