{"id":1381,"date":"2022-10-07T19:28:20","date_gmt":"2022-10-07T19:28:20","guid":{"rendered":"https:\/\/hidrosip.com\/?page_id=1381"},"modified":"2023-08-18T22:29:30","modified_gmt":"2023-08-18T22:29:30","slug":"filtor-de-cartucho","status":"publish","type":"page","link":"https:\/\/hidrosip.com\/index.php\/equipos\/filtor-de-cartucho\/","title":{"rendered":"Motobombas"},"content":{"rendered":"\t\t<div data-elementor-type=\"wp-page\" data-elementor-id=\"1381\" class=\"elementor elementor-1381\">\n\t\t\t\t\t\t<section class=\"elementor-section elementor-top-section elementor-element elementor-element-540b3a2 elementor-section-boxed elementor-section-height-default elementor-section-height-default\" data-id=\"540b3a2\" data-element_type=\"section\" data-e-type=\"section\">\n\t\t\t\t\t\t<div class=\"elementor-container elementor-column-gap-default\">\n\t\t\t\t\t<div class=\"elementor-column elementor-col-100 elementor-top-column elementor-element elementor-element-955a24e\" data-id=\"955a24e\" data-element_type=\"column\" data-e-type=\"column\">\n\t\t\t<div class=\"elementor-widget-wrap elementor-element-populated\">\n\t\t\t\t\t\t<div class=\"elementor-element elementor-element-842c74a elementor-widget elementor-widget-heading\" data-id=\"842c74a\" data-element_type=\"widget\" data-e-type=\"widget\" data-widget_type=\"heading.default\">\n\t\t\t\t<div class=\"elementor-widget-container\">\n\t\t\t\t\t<h2 class=\"elementor-heading-title elementor-size-default\">Monof\u00e1sica, Bif\u00e1sica, Doble voltaje y  Trif\u00e1sica<\/h2>\t\t\t\t<\/div>\n\t\t\t\t<\/div>\n\t\t\t\t<div class=\"elementor-element elementor-element-3df9428 elementor-widget elementor-widget-text-editor\" data-id=\"3df9428\" data-element_type=\"widget\" data-e-type=\"widget\" data-widget_type=\"text-editor.default\">\n\t\t\t\t<div class=\"elementor-widget-container\">\n\t\t\t\t\t\t\t\t\t<p><span style=\"font-weight: 400;\">El sistema de filtraci\u00f3n de la piscina requiere de una motobomba para impulsar el agua a trav\u00e9s de los equipos. Esta motobomba debe incluir \u00abtrampa de pelo\u00bb, la cual evita que algunos s\u00f3lidos puedan entrar al impulsor y atascarlo. Esta trampa de pelo tambi\u00e9n se le llama canastilla<\/span><\/p><p><span style=\"font-weight: 400;\">Cada fabricante maneja varios modelos con diferentes voltajes: Monof\u00e1sica 110v, Bif\u00e1sica 220v y Trif\u00e1sica 440v. Dentro de cada modelo y voltaje encontraremos la potencia de su motor en caballos de fuerza (hp). El rango general para albercas residenciales es de es de 1\/2hp a 3hp y para albercas comerciales de 3hp en adelante.<\/span><\/p><p>\u00a0 \u00a0 \u00a0 \u00a0 \u00a0 \u00a0 \u00a0 \u00a0 \u00a0 \u00a0 \u00a0 <img fetchpriority=\"high\" decoding=\"async\" class=\"\" src=\"https:\/\/hidroshop.mx\/wp-content\/uploads\/Motobomba_ArgentumII.jpg\" alt=\"Motobomba Argentum II de 1 HP \u2013 HidroShop.mx\" width=\"267\" height=\"313\" \/>\u00a0 \u00a0 \u00a0 \u00a0 \u00a0 \u00a0 \u00a0 \u00a0 \u00a0 \u00a0 \u00a0 \u00a0<img decoding=\"async\" src=\"https:\/\/encrypted-tbn0.gstatic.com\/images?q=tbn:ANd9GcTwtWjw7n6chyjaEBwRnjSOikf3ZLDrvb_KYeDqx8a5FlnoyN7VUsgozZqOgM34mvWeV-8&amp;usqp=CAU\" alt=\"Orum motor nacional 0.75 HP \u2013 Albercas, Bombas y Equipos\" \/>\u00a0 \u00a0 \u00a0 \u00a0 \u00a0 \u00a0 \u00a0 \u00a0 \u00a0 \u00a0<img decoding=\"async\" class=\"\" src=\"https:\/\/hidroshop.mx\/wp-content\/uploads\/SILEN-S2-2HP-1.jpg\" alt=\"Motobomba SILEN S2 de 2 HP \/ 220 V \u2013 HidroShop.mx\" width=\"221\" height=\"260\" \/> \u00a0 \u00a0 \u00a0\u00a0<\/p>\t\t\t\t\t\t\t\t<\/div>\n\t\t\t\t<\/div>\n\t\t\t\t\t<\/div>\n\t\t<\/div>\n\t\t\t\t\t<\/div>\n\t\t<\/section>\n\t\t\t\t<section class=\"elementor-section elementor-top-section elementor-element elementor-element-0ca8c82 elementor-section-boxed elementor-section-height-default elementor-section-height-default\" data-id=\"0ca8c82\" data-element_type=\"section\" data-e-type=\"section\">\n\t\t\t\t\t\t<div class=\"elementor-container elementor-column-gap-default\">\n\t\t\t\t\t<div class=\"elementor-column elementor-col-33 elementor-top-column elementor-element elementor-element-b965b10\" data-id=\"b965b10\" data-element_type=\"column\" data-e-type=\"column\">\n\t\t\t<div class=\"elementor-widget-wrap elementor-element-populated\">\n\t\t\t\t\t\t<div class=\"elementor-element elementor-element-7e62b3a elementor-widget elementor-widget-heading\" data-id=\"7e62b3a\" data-element_type=\"widget\" data-e-type=\"widget\" data-widget_type=\"heading.default\">\n\t\t\t\t<div class=\"elementor-widget-container\">\n\t\t\t\t\t<h2 class=\"elementor-heading-title elementor-size-default\">Alta presi\u00f3n<\/h2>\t\t\t\t<\/div>\n\t\t\t\t<\/div>\n\t\t\t\t<div class=\"elementor-element elementor-element-a425764 elementor-widget elementor-widget-text-editor\" data-id=\"a425764\" data-element_type=\"widget\" data-e-type=\"widget\" data-widget_type=\"text-editor.default\">\n\t\t\t\t<div class=\"elementor-widget-container\">\n\t\t\t\t\t\t\t\t\t<p><span style=\"font-weight: 400;\">Las motobombas de Alta Presi\u00f3n est\u00e1n dise\u00f1adas para satisfacer mayores exigencias en cuerpos de agua m\u00e1s complejos de una Piscina, Alberca, Fuente o Cascada que requieran una mayor eficiencia energ\u00e9tica. Su rendimiento puede hacer circular el agua a mayores distancias.<\/span><\/p><p>\u00a0 \u00a0 \u00a0 \u00a0 \u00a0 \u00a0 \u00a0 \u00a0 \u00a0 <img decoding=\"async\" class=\"\" src=\"https:\/\/cdn10.bigcommerce.com\/s-kaswi\/products\/467\/images\/1857\/BOM-0150-EQU-1__41098.1512258461.1280.1280.jpg?c=2\" alt=\"Bomba Challenger de 2 HP alta presion trifasica Pentair - ProAqua M\u00e9xico | Proveedora de Insumos Acu\u00edcolas, S.A. de C.V.\" width=\"212\" height=\"212\" \/><\/p>\t\t\t\t\t\t\t\t<\/div>\n\t\t\t\t<\/div>\n\t\t\t\t\t<\/div>\n\t\t<\/div>\n\t\t\t\t<div class=\"elementor-column elementor-col-33 elementor-top-column elementor-element elementor-element-a97ee61\" data-id=\"a97ee61\" data-element_type=\"column\" data-e-type=\"column\">\n\t\t\t<div class=\"elementor-widget-wrap elementor-element-populated\">\n\t\t\t\t\t\t<div class=\"elementor-element elementor-element-684e4c5 elementor-widget elementor-widget-heading\" data-id=\"684e4c5\" data-element_type=\"widget\" data-e-type=\"widget\" data-widget_type=\"heading.default\">\n\t\t\t\t<div class=\"elementor-widget-container\">\n\t\t\t\t\t<h2 class=\"elementor-heading-title elementor-size-default\">Alto flujo<\/h2>\t\t\t\t<\/div>\n\t\t\t\t<\/div>\n\t\t\t\t<div class=\"elementor-element elementor-element-1139dd1 elementor-widget elementor-widget-text-editor\" data-id=\"1139dd1\" data-element_type=\"widget\" data-e-type=\"widget\" data-widget_type=\"text-editor.default\">\n\t\t\t\t<div class=\"elementor-widget-container\">\n\t\t\t\t\t\t\t\t\t<p><span style=\"font-weight: 400;\">Las motobombas de Alto Flujo se han desarrollado para ofrecer un mejor desempe\u00f1o cuando se requiere mover un volumen mayor de agua con el objetivo de cubrir los requerimientos de funcionamiento o decorativos de una Piscina, Alberca, Fuente o Cascada.<\/span><\/p><p>\u00a0<\/p><p>\u00a0 \u00a0 \u00a0 \u00a0 \u00a0 \u00a0 \u00a0 \u00a0 \u00a0 \u00a0<img loading=\"lazy\" decoding=\"async\" class=\"\" src=\"https:\/\/http2.mlstatic.com\/D_NQ_NP_730341-MLA48355844394_112021-O.webp\" alt=\"Bomba para alberca Aqua Pak Supra 15 1.5hp 230V monof\u00e1sica 430l\/min\" width=\"194\" height=\"127\" \/><br \/><br \/><\/p>\t\t\t\t\t\t\t\t<\/div>\n\t\t\t\t<\/div>\n\t\t\t\t\t<\/div>\n\t\t<\/div>\n\t\t\t\t<div class=\"elementor-column elementor-col-33 elementor-top-column elementor-element elementor-element-ec31b5d\" data-id=\"ec31b5d\" data-element_type=\"column\" data-e-type=\"column\">\n\t\t\t<div class=\"elementor-widget-wrap elementor-element-populated\">\n\t\t\t\t\t\t<div class=\"elementor-element elementor-element-34f444b elementor-widget elementor-widget-heading\" data-id=\"34f444b\" data-element_type=\"widget\" data-e-type=\"widget\" data-widget_type=\"heading.default\">\n\t\t\t\t<div class=\"elementor-widget-container\">\n\t\t\t\t\t<h2 class=\"elementor-heading-title elementor-size-default\">Velocidad variable <\/h2>\t\t\t\t<\/div>\n\t\t\t\t<\/div>\n\t\t\t\t<div class=\"elementor-element elementor-element-c503e7d elementor-widget elementor-widget-text-editor\" data-id=\"c503e7d\" data-element_type=\"widget\" data-e-type=\"widget\" data-widget_type=\"text-editor.default\">\n\t\t\t\t<div class=\"elementor-widget-container\">\n\t\t\t\t\t\t\t\t\t<p><span style=\"font-weight: 400;\">Es funcional cuando requerimos que adapte su velocidad y consumo acorde a las caracter\u00edsticas de la Piscina, Alberca, Fuentes o Cascada para ajustar su funcionamiento de acuerdo a las necesidades de cada usuario.\u00a0 <\/span><span style=\"font-weight: 400;\">Por lo anterior, ofrecen un ahorro de consumo energ\u00e9tico de hasta un 90%\u00a0 \u00a0 \u00a0 <\/span><img loading=\"lazy\" decoding=\"async\" class=\"\" src=\"https:\/\/azulimx.com\/wp-content\/uploads\/2021\/07\/Bomba-para-Piscina-Penteir-IntelliFloXF-VSF-2-1.jpg\" alt=\"Bomba para Piscina de Velocidad y Flujo Variable, Marca Pentair Modelo IntelliFloXF VSF de 3 HP, 220 Volts a 1 Fase. \u2013 Azuli MX\" width=\"286\" height=\"215\" \/><\/p>\t\t\t\t\t\t\t\t<\/div>\n\t\t\t\t<\/div>\n\t\t\t\t\t<\/div>\n\t\t<\/div>\n\t\t\t\t\t<\/div>\n\t\t<\/section>\n\t\t\t\t<\/div>\n\t\t","protected":false},"excerpt":{"rendered":"<p>Monof\u00e1sica, Bif\u00e1sica, Doble voltaje y Trif\u00e1sica El sistema de filtraci\u00f3n de la piscina requiere de una motobomba para impulsar el agua a trav\u00e9s de los equipos. Esta motobomba debe incluir \u00abtrampa de pelo\u00bb, la cual evita que algunos s\u00f3lidos puedan entrar al impulsor y atascarlo. Esta trampa de pelo tambi\u00e9n se le llama canastilla Cada [&hellip;]<\/p>\n","protected":false},"author":5,"featured_media":0,"parent":1865,"menu_order":2,"comment_status":"closed","ping_status":"closed","template":"","meta":{"_uag_custom_page_level_css":"","site-sidebar-layout":"no-sidebar","site-content-layout":"page-builder","ast-site-content-layout":"default","site-content-style":"default","site-sidebar-style":"default","ast-global-header-display":"","ast-banner-title-visibility":"","ast-main-header-display":"","ast-hfb-above-header-display":"","ast-hfb-below-header-display":"","ast-hfb-mobile-header-display":"","site-post-title":"disabled","ast-breadcrumbs-content":"","ast-featured-img":"disabled","footer-sml-layout":"","theme-transparent-header-meta":"default","adv-header-id-meta":"","stick-header-meta":"","header-above-stick-meta":"","header-main-stick-meta":"","header-below-stick-meta":"","astra-migrate-meta-layouts":"default","ast-page-background-enabled":"default","ast-page-background-meta":{"desktop":{"background-color":"","background-image":"","background-repeat":"repeat","background-position":"center center","background-size":"auto","background-attachment":"scroll","background-type":"","background-media":"","overlay-type":"","overlay-color":"","overlay-opacity":"","overlay-gradient":""},"tablet":{"background-color":"","background-image":"","background-repeat":"repeat","background-position":"center center","background-size":"auto","background-attachment":"scroll","background-type":"","background-media":"","overlay-type":"","overlay-color":"","overlay-opacity":"","overlay-gradient":""},"mobile":{"background-color":"","background-image":"","background-repeat":"repeat","background-position":"center center","background-size":"auto","background-attachment":"scroll","background-type":"","background-media":"","overlay-type":"","overlay-color":"","overlay-opacity":"","overlay-gradient":""}},"ast-content-background-meta":{"desktop":{"background-color":"var(--ast-global-color-5)","background-image":"","background-repeat":"repeat","background-position":"center center","background-size":"auto","background-attachment":"scroll","background-type":"","background-media":"","overlay-type":"","overlay-color":"","overlay-opacity":"","overlay-gradient":""},"tablet":{"background-color":"var(--ast-global-color-5)","background-image":"","background-repeat":"repeat","background-position":"center center","background-size":"auto","background-attachment":"scroll","background-type":"","background-media":"","overlay-type":"","overlay-color":"","overlay-opacity":"","overlay-gradient":""},"mobile":{"background-color":"var(--ast-global-color-5)","background-image":"","background-repeat":"repeat","background-position":"center center","background-size":"auto","background-attachment":"scroll","background-type":"","background-media":"","overlay-type":"","overlay-color":"","overlay-opacity":"","overlay-gradient":""}},"footnotes":""},"class_list":["post-1381","page","type-page","status-publish","hentry"],"aioseo_notices":[],"uagb_featured_image_src":{"full":false,"thumbnail":false,"medium":false,"medium_large":false,"large":false,"1536x1536":false,"2048x2048":false},"uagb_author_info":{"display_name":"Olga Fabiola Alc\u00e1ntara Ruiz","author_link":"https:\/\/hidrosip.com\/index.php\/author\/director-general-piscinas-hidrosip\/"},"uagb_comment_info":0,"uagb_excerpt":"Monof\u00e1sica, Bif\u00e1sica, Doble voltaje y Trif\u00e1sica El sistema de filtraci\u00f3n de la piscina requiere de una motobomba para impulsar el agua a trav\u00e9s de los equipos. Esta motobomba debe incluir \u00abtrampa de pelo\u00bb, la cual evita que algunos s\u00f3lidos puedan entrar al impulsor y atascarlo. Esta trampa de pelo tambi\u00e9n se le llama canastilla Cada&hellip;","_links":{"self":[{"href":"https:\/\/hidrosip.com\/index.php\/wp-json\/wp\/v2\/pages\/1381","targetHints":{"allow":["GET"]}}],"collection":[{"href":"https:\/\/hidrosip.com\/index.php\/wp-json\/wp\/v2\/pages"}],"about":[{"href":"https:\/\/hidrosip.com\/index.php\/wp-json\/wp\/v2\/types\/page"}],"author":[{"embeddable":true,"href":"https:\/\/hidrosip.com\/index.php\/wp-json\/wp\/v2\/users\/5"}],"replies":[{"embeddable":true,"href":"https:\/\/hidrosip.com\/index.php\/wp-json\/wp\/v2\/comments?post=1381"}],"version-history":[{"count":131,"href":"https:\/\/hidrosip.com\/index.php\/wp-json\/wp\/v2\/pages\/1381\/revisions"}],"predecessor-version":[{"id":3247,"href":"https:\/\/hidrosip.com\/index.php\/wp-json\/wp\/v2\/pages\/1381\/revisions\/3247"}],"up":[{"embeddable":true,"href":"https:\/\/hidrosip.com\/index.php\/wp-json\/wp\/v2\/pages\/1865"}],"wp:attachment":[{"href":"https:\/\/hidrosip.com\/index.php\/wp-json\/wp\/v2\/media?parent=1381"}],"curies":[{"name":"wp","href":"https:\/\/api.w.org\/{rel}","templated":true}]}}