{"id":1376,"date":"2022-10-07T19:27:25","date_gmt":"2022-10-07T19:27:25","guid":{"rendered":"https:\/\/hidrosip.com\/?page_id=1376"},"modified":"2025-10-20T16:02:12","modified_gmt":"2025-10-20T22:02:12","slug":"filtros-de-arena","status":"publish","type":"page","link":"https:\/\/hidrosip.com\/index.php\/equipos\/filtros-de-arena\/","title":{"rendered":"Filtros"},"content":{"rendered":"\t\t<div data-elementor-type=\"wp-page\" data-elementor-id=\"1376\" class=\"elementor elementor-1376\">\n\t\t\t\t\t\t<section class=\"elementor-section elementor-top-section elementor-element elementor-element-1ace2a0 elementor-section-boxed elementor-section-height-default elementor-section-height-default\" data-id=\"1ace2a0\" data-element_type=\"section\" data-e-type=\"section\">\n\t\t\t\t\t\t<div class=\"elementor-container elementor-column-gap-default\">\n\t\t\t\t\t<div class=\"elementor-column elementor-col-50 elementor-top-column elementor-element elementor-element-a400667\" data-id=\"a400667\" data-element_type=\"column\" data-e-type=\"column\">\n\t\t\t<div class=\"elementor-widget-wrap elementor-element-populated\">\n\t\t\t\t\t\t<div class=\"elementor-element elementor-element-222efa0 elementor-widget elementor-widget-heading\" data-id=\"222efa0\" data-element_type=\"widget\" data-e-type=\"widget\" data-widget_type=\"heading.default\">\n\t\t\t\t<div class=\"elementor-widget-container\">\n\t\t\t\t\t<h2 class=\"elementor-heading-title elementor-size-default\">Filtro de arena<\/h2>\t\t\t\t<\/div>\n\t\t\t\t<\/div>\n\t\t\t\t<div class=\"elementor-element elementor-element-2f72f58 elementor-widget elementor-widget-text-editor\" data-id=\"2f72f58\" data-element_type=\"widget\" data-e-type=\"widget\" data-widget_type=\"text-editor.default\">\n\t\t\t\t<div class=\"elementor-widget-container\">\n\t\t\t\t\t\t\t\t\t<p>El agua pasa a trav\u00e9s del filtro de arriba a abajo depositando las impurezas en la arena, una vez limpia sube de nuevo por el tubo difusor para ser devuelta a la piscina. <span style=\"font-size: 15px; color: var( --e-global-color-text ); font-family: var( --e-global-typography-text-font-family ), Sans-serif;\">Este m\u00e9todo de filtraci\u00f3n estar\u00e1 sujeto a su limpieza (retrolavados) los cuales ayudar\u00e1n a que la suciedad quede en la parte superior de la arena para que pueda ser retirada, sin embargo, cada determinado tiempo tendr\u00e1 que sustituirse la arena sucia por arena s\u00edlica nueva para garantizar un funcionamiento eficaz.\u00a0<\/span><\/p><p><span style=\"font-size: 15px; color: var( --e-global-color-text ); font-family: var( --e-global-typography-text-font-family ), Sans-serif;\">Entre las marcas y modelos mas comerciales que manejamos estan Hayward, Aquex, Pentair, Panda, por mencionar algunas.<\/span><\/p>\t\t\t\t\t\t\t\t<\/div>\n\t\t\t\t<\/div>\n\t\t\t\t\t<\/div>\n\t\t<\/div>\n\t\t\t\t<div class=\"elementor-column elementor-col-50 elementor-top-column elementor-element elementor-element-765c219\" data-id=\"765c219\" data-element_type=\"column\" data-e-type=\"column\">\n\t\t\t<div class=\"elementor-widget-wrap elementor-element-populated\">\n\t\t\t\t\t\t<div class=\"elementor-element elementor-element-8dee54c elementor-widget elementor-widget-image\" data-id=\"8dee54c\" data-element_type=\"widget\" data-e-type=\"widget\" data-widget_type=\"image.default\">\n\t\t\t\t<div class=\"elementor-widget-container\">\n\t\t\t\t\t\t\t\t\t\t\t\t\t\t\t<img fetchpriority=\"high\" decoding=\"async\" width=\"225\" height=\"300\" src=\"https:\/\/hidrosip.com\/wp-content\/uploads\/2022\/10\/Ciclo-del-filtro-arena-225x300.webp\" class=\"attachment-medium size-medium wp-image-1652\" alt=\"\" srcset=\"https:\/\/hidrosip.com\/wp-content\/uploads\/2022\/10\/Ciclo-del-filtro-arena-225x300.webp 225w, https:\/\/hidrosip.com\/wp-content\/uploads\/2022\/10\/Ciclo-del-filtro-arena-768x1024.webp 768w, https:\/\/hidrosip.com\/wp-content\/uploads\/2022\/10\/Ciclo-del-filtro-arena.webp 900w\" sizes=\"(max-width: 225px) 100vw, 225px\" \/>\t\t\t\t\t\t\t\t\t\t\t\t\t\t\t<\/div>\n\t\t\t\t<\/div>\n\t\t\t\t\t<\/div>\n\t\t<\/div>\n\t\t\t\t\t<\/div>\n\t\t<\/section>\n\t\t\t\t<section class=\"elementor-section elementor-top-section elementor-element elementor-element-4e66d5a elementor-section-boxed elementor-section-height-default elementor-section-height-default\" data-id=\"4e66d5a\" data-element_type=\"section\" data-e-type=\"section\">\n\t\t\t\t\t\t<div class=\"elementor-container elementor-column-gap-default\">\n\t\t\t\t\t<div class=\"elementor-column elementor-col-50 elementor-top-column elementor-element elementor-element-2d530bc\" data-id=\"2d530bc\" data-element_type=\"column\" data-e-type=\"column\">\n\t\t\t<div class=\"elementor-widget-wrap elementor-element-populated\">\n\t\t\t\t\t\t<div class=\"elementor-element elementor-element-bd48f86 elementor-widget elementor-widget-heading\" data-id=\"bd48f86\" data-element_type=\"widget\" data-e-type=\"widget\" data-widget_type=\"heading.default\">\n\t\t\t\t<div class=\"elementor-widget-container\">\n\t\t\t\t\t<h2 class=\"elementor-heading-title elementor-size-default\">Filtro de cartucho<\/h2>\t\t\t\t<\/div>\n\t\t\t\t<\/div>\n\t\t\t\t<div class=\"elementor-element elementor-element-6286685 elementor-widget elementor-widget-text-editor\" data-id=\"6286685\" data-element_type=\"widget\" data-e-type=\"widget\" data-widget_type=\"text-editor.default\">\n\t\t\t\t<div class=\"elementor-widget-container\">\n\t\t\t\t\t\t\t\t\t<p>Al igual que el metodo de filtraci\u00f3n anterior el agua deber\u00e1 pasar a trav\u00e9s de los cartuchos del filtro para regresar l\u00edmpia a la piscina.\u00a0<\/p><p>Para la limpieza, los cartuchos tendr\u00e1n que ser retirados y lavado (preferencialmente con agua a presi\u00f3n) de forma ordinaria, en caso de tener alguna incrustaci\u00f3n deber\u00e1 ser extraida con productos exclusivos para este caso.<\/p>\t\t\t\t\t\t\t\t<\/div>\n\t\t\t\t<\/div>\n\t\t\t\t\t<\/div>\n\t\t<\/div>\n\t\t\t\t<div class=\"elementor-column elementor-col-50 elementor-top-column elementor-element elementor-element-cb75c35\" data-id=\"cb75c35\" data-element_type=\"column\" data-e-type=\"column\">\n\t\t\t<div class=\"elementor-widget-wrap elementor-element-populated\">\n\t\t\t\t\t\t<div class=\"elementor-element elementor-element-43acae4 elementor-widget elementor-widget-text-editor\" data-id=\"43acae4\" data-element_type=\"widget\" data-e-type=\"widget\" data-widget_type=\"text-editor.default\">\n\t\t\t\t<div class=\"elementor-widget-container\">\n\t\t\t\t\t\t\t\t\t<p>\u00a0 \u00a0 \u00a0 \u00a0 \u00a0 \u00a0 \u00a0 \u00a0 \u00a0 \u00a0 \u00a0 \u00a0 \u00a0 \u00a0 \u00a0 \u00a0 \u00a0<img decoding=\"async\" class=\"aligncenter\" src=\"http:\/\/cdn.shopify.com\/s\/files\/1\/0315\/8520\/6316\/products\/filtro-hayward-swim-clear-de-325-pies2-filtro-hayward-596059.jpg?v=1636007994\" alt=\"Filtro Hayward Swim Clear de 325 pies2\" width=\"229\" height=\"229\" \/><\/p>\t\t\t\t\t\t\t\t<\/div>\n\t\t\t\t<\/div>\n\t\t\t\t\t<\/div>\n\t\t<\/div>\n\t\t\t\t\t<\/div>\n\t\t<\/section>\n\t\t\t\t<section class=\"elementor-section elementor-top-section elementor-element elementor-element-a572f68 elementor-section-boxed elementor-section-height-default elementor-section-height-default\" data-id=\"a572f68\" data-element_type=\"section\" data-e-type=\"section\">\n\t\t\t\t\t\t<div class=\"elementor-container elementor-column-gap-default\">\n\t\t\t\t\t<div class=\"elementor-column elementor-col-50 elementor-top-column elementor-element elementor-element-2ddd428\" data-id=\"2ddd428\" data-element_type=\"column\" data-e-type=\"column\">\n\t\t\t<div class=\"elementor-widget-wrap elementor-element-populated\">\n\t\t\t\t\t\t<div class=\"elementor-element elementor-element-b14cd33 elementor-widget elementor-widget-heading\" data-id=\"b14cd33\" data-element_type=\"widget\" data-e-type=\"widget\" data-widget_type=\"heading.default\">\n\t\t\t\t<div class=\"elementor-widget-container\">\n\t\t\t\t\t<h2 class=\"elementor-heading-title elementor-size-default\">Filtro de malla<\/h2>\t\t\t\t<\/div>\n\t\t\t\t<\/div>\n\t\t\t\t<div class=\"elementor-element elementor-element-e4dfb73 elementor-widget elementor-widget-text-editor\" data-id=\"e4dfb73\" data-element_type=\"widget\" data-e-type=\"widget\" data-widget_type=\"text-editor.default\">\n\t\t\t\t<div class=\"elementor-widget-container\">\n\t\t\t\t\t\t\t\t\t<p>Cuenta con 1 A\u00f1o de grant\u00eda (Por defectos de f\u00e1brica).De igual manera que todos los medios de filtraci\u00f3n se tendra que desmontar la malla (Medio de limpieza del filtro) para ser correctamente limpiado y desinfectado, as\u00ed, de esta manera el filtro podra seguir realizando su labor sin ningun tipo de inconveniente.<\/p>\t\t\t\t\t\t\t\t<\/div>\n\t\t\t\t<\/div>\n\t\t\t\t\t<\/div>\n\t\t<\/div>\n\t\t\t\t<div class=\"elementor-column elementor-col-50 elementor-top-column elementor-element elementor-element-990cc22\" data-id=\"990cc22\" data-element_type=\"column\" data-e-type=\"column\">\n\t\t\t<div class=\"elementor-widget-wrap elementor-element-populated\">\n\t\t\t\t\t\t<div class=\"elementor-element elementor-element-a0a25ae elementor-drop-cap-yes elementor-drop-cap-view-default elementor-widget elementor-widget-text-editor\" data-id=\"a0a25ae\" data-element_type=\"widget\" data-e-type=\"widget\" data-settings=\"{&quot;drop_cap&quot;:&quot;yes&quot;}\" data-widget_type=\"text-editor.default\">\n\t\t\t\t<div class=\"elementor-widget-container\">\n\t\t\t\t\t\t\t\t\t<p>\u00a0 \u00a0 \u00a0 \u00a0 \u00a0 \u00a0 \u00a0 \u00a0 \u00a0<img decoding=\"async\" class=\"aligncenter\" src=\"https:\/\/www.calderascuernavaca.com\/wp-content\/uploads\/2018\/04\/filtro-de-tierra-diatomacea-fns-pentair-600x451.jpg\" width=\"327\" height=\"246\" \/><\/p>\t\t\t\t\t\t\t\t<\/div>\n\t\t\t\t<\/div>\n\t\t\t\t\t<\/div>\n\t\t<\/div>\n\t\t\t\t\t<\/div>\n\t\t<\/section>\n\t\t\t\t<section class=\"elementor-section elementor-top-section elementor-element elementor-element-aa958a3 elementor-section-boxed elementor-section-height-default elementor-section-height-default\" data-id=\"aa958a3\" data-element_type=\"section\" data-e-type=\"section\">\n\t\t\t\t\t\t<div class=\"elementor-container elementor-column-gap-default\">\n\t\t\t\t\t<div class=\"elementor-column elementor-col-50 elementor-top-column elementor-element elementor-element-00dbbc6\" data-id=\"00dbbc6\" data-element_type=\"column\" data-e-type=\"column\">\n\t\t\t<div class=\"elementor-widget-wrap elementor-element-populated\">\n\t\t\t\t\t\t<div class=\"elementor-element elementor-element-9c1f21f elementor-widget elementor-widget-heading\" data-id=\"9c1f21f\" data-element_type=\"widget\" data-e-type=\"widget\" data-widget_type=\"heading.default\">\n\t\t\t\t<div class=\"elementor-widget-container\">\n\t\t\t\t\t<h2 class=\"elementor-heading-title elementor-size-default\">Paquete de filtraci\u00f3n<\/h2>\t\t\t\t<\/div>\n\t\t\t\t<\/div>\n\t\t\t\t<div class=\"elementor-element elementor-element-99cd702 elementor-widget elementor-widget-text-editor\" data-id=\"99cd702\" data-element_type=\"widget\" data-e-type=\"widget\" data-widget_type=\"text-editor.default\">\n\t\t\t\t<div class=\"elementor-widget-container\">\n\t\t\t\t\t\t\t\t\t<p>Dentro de esta categor\u00eda encontramos diferentes paquetes de filtraci\u00f3n, <span style=\"font-size: 15px; color: var( --e-global-color-text ); font-family: var( --e-global-typography-text-font-family ), Sans-serif;\">3 de ellos son por medio filtrante de arena (recomendados para albercas o fuentes con mayor volumen de agua) y los otros 2 son a trav\u00e9s de cartucho (recomendados para hidromasajes, fuentes peque\u00f1as o albercas con volumenes de agua a las regulares).<\/span><\/p><p>Cada paquete de filtraci\u00f3n cuenta con diferentes accesorios ya que estos depende de las dimensiones de volumen que se manejen en las distintas cantidades de aguas.\u00a0<\/p>\t\t\t\t\t\t\t\t<\/div>\n\t\t\t\t<\/div>\n\t\t\t\t\t<\/div>\n\t\t<\/div>\n\t\t\t\t<div class=\"elementor-column elementor-col-50 elementor-top-column elementor-element elementor-element-d72f36f\" data-id=\"d72f36f\" data-element_type=\"column\" data-e-type=\"column\">\n\t\t\t<div class=\"elementor-widget-wrap elementor-element-populated\">\n\t\t\t\t\t\t<div class=\"elementor-element elementor-element-c1e23b1 elementor-drop-cap-yes elementor-drop-cap-view-default elementor-widget elementor-widget-text-editor\" data-id=\"c1e23b1\" data-element_type=\"widget\" data-e-type=\"widget\" data-settings=\"{&quot;drop_cap&quot;:&quot;yes&quot;}\" data-widget_type=\"text-editor.default\">\n\t\t\t\t<div class=\"elementor-widget-container\">\n\t\t\t\t\t\t\t\t\t<p><img loading=\"lazy\" decoding=\"async\" class=\"aligncenter\" src=\"http:\/\/cdn.shopify.com\/s\/files\/1\/0107\/7575\/6857\/products\/PaquetedeFiltradoMarcaHaywardMod.S190TSCP19_Motobomba1.5H.P.PowerfloParaAlbercas_PiscinasySpas._1024x1024.jpg?v=1623946724\" alt=\"Paquete de Filtrado Marca Hayward Mod. S190TSCP 19\u201d Motobomba 1.5 H.P.\u2014 superpools.mx\" width=\"310\" height=\"310\" \/><\/p>\t\t\t\t\t\t\t\t<\/div>\n\t\t\t\t<\/div>\n\t\t\t\t\t<\/div>\n\t\t<\/div>\n\t\t\t\t\t<\/div>\n\t\t<\/section>\n\t\t\t\t<section class=\"elementor-section elementor-top-section elementor-element elementor-element-62636b6 elementor-section-boxed elementor-section-height-default elementor-section-height-default\" data-id=\"62636b6\" data-element_type=\"section\" data-e-type=\"section\">\n\t\t\t\t\t\t<div class=\"elementor-container elementor-column-gap-default\">\n\t\t\t\t\t<div class=\"elementor-column elementor-col-50 elementor-top-column elementor-element elementor-element-a5163e2\" data-id=\"a5163e2\" data-element_type=\"column\" data-e-type=\"column\">\n\t\t\t<div class=\"elementor-widget-wrap elementor-element-populated\">\n\t\t\t\t\t\t<div class=\"elementor-element elementor-element-df5caa1 elementor-widget elementor-widget-heading\" data-id=\"df5caa1\" data-element_type=\"widget\" data-e-type=\"widget\" data-widget_type=\"heading.default\">\n\t\t\t\t<div class=\"elementor-widget-container\">\n\t\t\t\t\t<h2 class=\"elementor-heading-title elementor-size-default\">V\u00e1lvula Multiport<\/h2>\t\t\t\t<\/div>\n\t\t\t\t<\/div>\n\t\t\t\t<div class=\"elementor-element elementor-element-745fda8 elementor-widget elementor-widget-text-editor\" data-id=\"745fda8\" data-element_type=\"widget\" data-e-type=\"widget\" data-widget_type=\"text-editor.default\">\n\t\t\t\t<div class=\"elementor-widget-container\">\n\t\t\t\t\t\t\t\t\t<p>La funcion general es darle direccion al agua, su funcion principal dependera de los objetivos que se quieran realizar con el agua.\u00a0Automatiza la direccion del flujo del agua.<\/p><p>V\u00e1lvula multiport: Mando de las funciones del filtro.<\/p>\t\t\t\t\t\t\t\t<\/div>\n\t\t\t\t<\/div>\n\t\t\t\t\t<\/div>\n\t\t<\/div>\n\t\t\t\t<div class=\"elementor-column elementor-col-50 elementor-top-column elementor-element elementor-element-da64f43\" data-id=\"da64f43\" data-element_type=\"column\" data-e-type=\"column\">\n\t\t\t<div class=\"elementor-widget-wrap elementor-element-populated\">\n\t\t\t\t\t\t<div class=\"elementor-element elementor-element-742da08 elementor-widget elementor-widget-text-editor\" data-id=\"742da08\" data-element_type=\"widget\" data-e-type=\"widget\" data-widget_type=\"text-editor.default\">\n\t\t\t\t<div class=\"elementor-widget-container\">\n\t\t\t\t\t\t\t\t\t<p><img loading=\"lazy\" decoding=\"async\" class=\"aligncenter\" src=\"https:\/\/cdn.shopify.com\/s\/files\/1\/0455\/6410\/0775\/products\/IMAGEN2_9b4b0de6-d54e-4a0f-b7b5-5316c8c1ae9f@2x.jpg?v=1610466569\" alt=\"V\u00e1lvula Multiport de 2&quot; Mod. SP-715XAII HAYWARD \u2013 AQUADUSA\" width=\"234\" height=\"234\" \/>\u00a0<\/p>\t\t\t\t\t\t\t\t<\/div>\n\t\t\t\t<\/div>\n\t\t\t\t\t<\/div>\n\t\t<\/div>\n\t\t\t\t\t<\/div>\n\t\t<\/section>\n\t\t\t\t<section class=\"elementor-section elementor-top-section elementor-element elementor-element-ae38b5a elementor-section-boxed elementor-section-height-default elementor-section-height-default\" data-id=\"ae38b5a\" data-element_type=\"section\" data-e-type=\"section\">\n\t\t\t\t\t\t<div class=\"elementor-container elementor-column-gap-default\">\n\t\t\t\t\t<div class=\"elementor-column elementor-col-50 elementor-top-column elementor-element elementor-element-2aa8c8b\" data-id=\"2aa8c8b\" data-element_type=\"column\" data-e-type=\"column\">\n\t\t\t<div class=\"elementor-widget-wrap elementor-element-populated\">\n\t\t\t\t\t\t<div class=\"elementor-element elementor-element-9addaa9 elementor-widget elementor-widget-heading\" data-id=\"9addaa9\" data-element_type=\"widget\" data-e-type=\"widget\" data-widget_type=\"heading.default\">\n\t\t\t\t<div class=\"elementor-widget-container\">\n\t\t\t\t\t<h2 class=\"elementor-heading-title elementor-size-default\">Medios filtrantes<\/h2>\t\t\t\t<\/div>\n\t\t\t\t<\/div>\n\t\t\t\t<div class=\"elementor-element elementor-element-c9715e2 elementor-widget elementor-widget-text-editor\" data-id=\"c9715e2\" data-element_type=\"widget\" data-e-type=\"widget\" data-widget_type=\"text-editor.default\">\n\t\t\t\t<div class=\"elementor-widget-container\">\n\t\t\t\t\t\t\t\t\t<p>Mecanismo dise\u00f1ado para controlar el paso de los contaminantes, reteniendo los s\u00f3lidos que se encuentran en el agua como insectos, hojas, polvo, cabellos, algas, etc. Manejamos 4 medios de filtraci\u00f3n:\u00a0<\/p><p>1.- Arena s\u00edlica :Es habitual en los filtros de arena y se encuentra con diferentes granulometr\u00edas\u00a0<\/p><p>2.- Cartuchos: Elemento filtrante desechable para cumplir los requisitos m\u00e1s exigentes de la separaci\u00f3n de contaminantes<\/p><p>3.- Zeolite: Act\u00faa en el tratamiento de las albercas disminuyendo la posibilidad de formaci\u00f3n de cloraminas<\/p><p>4.- Tierra de diatom\u00e1cea: M\u00e9todo de filtraci\u00f3n que mejores resultados da, otorgando as\u00ed una buena filtraci\u00f3n y mayor claridad en el agua.<\/p>\t\t\t\t\t\t\t\t<\/div>\n\t\t\t\t<\/div>\n\t\t\t\t\t<\/div>\n\t\t<\/div>\n\t\t\t\t<div class=\"elementor-column elementor-col-50 elementor-top-column elementor-element elementor-element-9323422\" data-id=\"9323422\" data-element_type=\"column\" data-e-type=\"column\">\n\t\t\t<div class=\"elementor-widget-wrap elementor-element-populated\">\n\t\t\t\t\t\t<div class=\"elementor-element elementor-element-281765e elementor-widget elementor-widget-text-editor\" data-id=\"281765e\" data-element_type=\"widget\" data-e-type=\"widget\" data-widget_type=\"text-editor.default\">\n\t\t\t\t<div class=\"elementor-widget-container\">\n\t\t\t\t\t\t\t\t\t<p><img loading=\"lazy\" decoding=\"async\" class=\"\" src=\"https:\/\/argrasur.com\/wp-content\/uploads\/2020\/09\/ARGRASUR_grava_silica_20-30_Grano_Oro.jpg\" alt=\"arena silica \u2013 Argrasur arena y grava s\u00edlica\" width=\"194\" height=\"129\" \/> Arena s\u00edlica\u00a0 \u00a0 \u00a0 \u00a0 \u00a0 \u00a0 \u00a0 \u00a0 \u00a0\u00a0<\/p><p><img loading=\"lazy\" decoding=\"async\" class=\"\" src=\"https:\/\/www.agualimpia.mx\/cdn\/shop\/products\/zeolita-natural-clinoptilolita-micronizada.jpg?v=1551370864\" alt=\"Medio de filtraci\u00f3n para agua - Zeolita Natural - 1kg - EOZ\" width=\"195\" height=\"152\" \/>\u00a0 \u00a0Zeolita\u00a0 \u00a0 \u00a0 \u00a0 \u00a0 \u00a0 \u00a0 \u00a0 \u00a0 \u00a0 \u00a0 \u00a0 \u00a0<\/p><p><img loading=\"lazy\" decoding=\"async\" class=\"\" src=\"https:\/\/www.farmersalmanac.com\/wp-content\/uploads\/2021\/07\/diatomaceous-earth-powder_98448304-950x647.jpeg\" width=\"196\" height=\"133\" \/>\u00a0 Tierra de diatom\u00e1cea<\/p>\t\t\t\t\t\t\t\t<\/div>\n\t\t\t\t<\/div>\n\t\t\t\t\t<\/div>\n\t\t<\/div>\n\t\t\t\t\t<\/div>\n\t\t<\/section>\n\t\t\t\t<\/div>\n\t\t","protected":false},"excerpt":{"rendered":"<p>Filtro de arena El agua pasa a trav\u00e9s del filtro de arriba a abajo depositando las impurezas en la arena, una vez limpia sube de nuevo por el tubo difusor para ser devuelta a la piscina. Este m\u00e9todo de filtraci\u00f3n estar\u00e1 sujeto a su limpieza (retrolavados) los cuales ayudar\u00e1n a que la suciedad quede en [&hellip;]<\/p>\n","protected":false},"author":5,"featured_media":0,"parent":1865,"menu_order":1,"comment_status":"closed","ping_status":"closed","template":"","meta":{"_uag_custom_page_level_css":"","site-sidebar-layout":"no-sidebar","site-content-layout":"page-builder","ast-site-content-layout":"default","site-content-style":"default","site-sidebar-style":"default","ast-global-header-display":"","ast-banner-title-visibility":"","ast-main-header-display":"","ast-hfb-above-header-display":"","ast-hfb-below-header-display":"","ast-hfb-mobile-header-display":"","site-post-title":"disabled","ast-breadcrumbs-content":"","ast-featured-img":"disabled","footer-sml-layout":"","theme-transparent-header-meta":"default","adv-header-id-meta":"","stick-header-meta":"","header-above-stick-meta":"","header-main-stick-meta":"","header-below-stick-meta":"","astra-migrate-meta-layouts":"default","ast-page-background-enabled":"default","ast-page-background-meta":{"desktop":{"background-color":"","background-image":"","background-repeat":"repeat","background-position":"center center","background-size":"auto","background-attachment":"scroll","background-type":"","background-media":"","overlay-type":"","overlay-color":"","overlay-opacity":"","overlay-gradient":""},"tablet":{"background-color":"","background-image":"","background-repeat":"repeat","background-position":"center center","background-size":"auto","background-attachment":"scroll","background-type":"","background-media":"","overlay-type":"","overlay-color":"","overlay-opacity":"","overlay-gradient":""},"mobile":{"background-color":"","background-image":"","background-repeat":"repeat","background-position":"center center","background-size":"auto","background-attachment":"scroll","background-type":"","background-media":"","overlay-type":"","overlay-color":"","overlay-opacity":"","overlay-gradient":""}},"ast-content-background-meta":{"desktop":{"background-color":"var(--ast-global-color-5)","background-image":"","background-repeat":"repeat","background-position":"center center","background-size":"auto","background-attachment":"scroll","background-type":"","background-media":"","overlay-type":"","overlay-color":"","overlay-opacity":"","overlay-gradient":""},"tablet":{"background-color":"var(--ast-global-color-5)","background-image":"","background-repeat":"repeat","background-position":"center center","background-size":"auto","background-attachment":"scroll","background-type":"","background-media":"","overlay-type":"","overlay-color":"","overlay-opacity":"","overlay-gradient":""},"mobile":{"background-color":"var(--ast-global-color-5)","background-image":"","background-repeat":"repeat","background-position":"center center","background-size":"auto","background-attachment":"scroll","background-type":"","background-media":"","overlay-type":"","overlay-color":"","overlay-opacity":"","overlay-gradient":""}},"footnotes":""},"class_list":["post-1376","page","type-page","status-publish","hentry"],"aioseo_notices":[],"uagb_featured_image_src":{"full":false,"thumbnail":false,"medium":false,"medium_large":false,"large":false,"1536x1536":false,"2048x2048":false},"uagb_author_info":{"display_name":"Olga Fabiola Alc\u00e1ntara Ruiz","author_link":"https:\/\/hidrosip.com\/index.php\/author\/director-general-piscinas-hidrosip\/"},"uagb_comment_info":0,"uagb_excerpt":"Filtro de arena El agua pasa a trav\u00e9s del filtro de arriba a abajo depositando las impurezas en la arena, una vez limpia sube de nuevo por el tubo difusor para ser devuelta a la piscina. Este m\u00e9todo de filtraci\u00f3n estar\u00e1 sujeto a su limpieza (retrolavados) los cuales ayudar\u00e1n a que la suciedad quede en&hellip;","_links":{"self":[{"href":"https:\/\/hidrosip.com\/index.php\/wp-json\/wp\/v2\/pages\/1376","targetHints":{"allow":["GET"]}}],"collection":[{"href":"https:\/\/hidrosip.com\/index.php\/wp-json\/wp\/v2\/pages"}],"about":[{"href":"https:\/\/hidrosip.com\/index.php\/wp-json\/wp\/v2\/types\/page"}],"author":[{"embeddable":true,"href":"https:\/\/hidrosip.com\/index.php\/wp-json\/wp\/v2\/users\/5"}],"replies":[{"embeddable":true,"href":"https:\/\/hidrosip.com\/index.php\/wp-json\/wp\/v2\/comments?post=1376"}],"version-history":[{"count":165,"href":"https:\/\/hidrosip.com\/index.php\/wp-json\/wp\/v2\/pages\/1376\/revisions"}],"predecessor-version":[{"id":4769,"href":"https:\/\/hidrosip.com\/index.php\/wp-json\/wp\/v2\/pages\/1376\/revisions\/4769"}],"up":[{"embeddable":true,"href":"https:\/\/hidrosip.com\/index.php\/wp-json\/wp\/v2\/pages\/1865"}],"wp:attachment":[{"href":"https:\/\/hidrosip.com\/index.php\/wp-json\/wp\/v2\/media?parent=1376"}],"curies":[{"name":"wp","href":"https:\/\/api.w.org\/{rel}","templated":true}]}}